{"id":141433,"date":"2026-02-20T15:56:26","date_gmt":"2026-02-20T15:56:26","guid":{"rendered":"https:\/\/modesthanim.com\/product\/kiz-cocuk-dugmeli-uzun-kollu-yuvarlak-yaka-basic-triko-hirka\/"},"modified":"2026-04-06T07:52:05","modified_gmt":"2026-04-06T07:52:05","slug":"kiz-cocuk-dugmeli-uzun-kollu-yuvarlak-yaka-basic-triko-hirka","status":"publish","type":"product","link":"https:\/\/mod.wisdar.net\/tr\/urun\/kiz-cocuk-dugmeli-uzun-kollu-yuvarlak-yaka-basic-triko-hirka\/","title":{"rendered":"K\u0131z \u00c7ocuk D\u00fc\u011fmeli Uzun Kollu Yuvarlak Yaka Basic Triko H\u0131rka"},"content":{"rendered":"<p>So\u011fuk havalarda s\u0131cakl\u0131k sunan triko h\u0131rka, rahat kal\u0131b\u0131yla miniklere hareket \u00f6zg\u00fcrl\u00fc\u011f\u00fc sa\u011fl\u0131yor. Uzun kollu tasar\u0131m\u0131, de\u011fi\u015fken hava ko\u015fullar\u0131nda ideal bir se\u00e7enek sunuyor. Basic tasar\u0131m\u0131yla her kombine kolayl\u0131kla uyum sa\u011fl\u0131yor.<\/p>\n<p>\u00dcr\u00fcn \u00d6zellikleri<br \/>\nKol Tipi: Uzun Kollu<br \/>\nYaka Tipi: Yuvarlak Yaka<br \/>\nDetay: D\u00fc\u011fmeli<br \/>\nFit: Rahat Kal\u0131p<br \/>\nKullan\u0131m Alan\u0131: G\u00fcnl\u00fck Giyim<\/p>\n<p>Koton k\u0131z \u00e7ocuk giyim koleksiyonu, \u015f\u0131kl\u0131\u011f\u0131 ve konforu birle\u015ftiriyor! Miniklerin favorisi olmaya aday h\u0131rkalar\u0131 Koton Kids koleksiyonlar\u0131nda ke\u015ffedin!<\/p>\n","protected":false},"excerpt":{"rendered":"<p>So\u011fuk havalarda s\u0131cakl\u0131k sunan triko h\u0131rka, rahat kal\u0131b\u0131yla miniklere hareket \u00f6zg\u00fcrl\u00fc\u011f\u00fc sa\u011fl\u0131yor. Uzun kollu tasar\u0131m\u0131, de\u011fi\u015fken hava ko\u015fullar\u0131nda ideal bir se\u00e7enek sunuyor. Basic tasar\u0131m\u0131yla her kombine kolayl\u0131kla uyum sa\u011fl\u0131yor. \u00dcr\u00fcn \u00d6zellikleri Kol Tipi: Uzun Kollu Yaka Tipi: Yuvarlak Yaka Detay: D\u00fc\u011fmeli Fit: Rahat Kal\u0131p Kullan\u0131m Alan\u0131: G\u00fcnl\u00fck Giyim Koton k\u0131z \u00e7ocuk giyim koleksiyonu, \u015f\u0131kl\u0131\u011f\u0131 ve [&hellip;]<\/p>\n","protected":false},"featured_media":141422,"comment_status":"open","ping_status":"closed","template":"","meta":[],"product_brand":[],"product_cat":[8715,8694,8724],"product_tag":[7801,7426,6876,6768],"class_list":{"0":"post-141433","1":"product","2":"type-product","3":"status-publish","4":"has-post-thumbnail","6":"product_cat-kiz-cocuklari-2-14-yas","7":"product_cat-cocuklar","8":"product_cat-tisortler-bluzlar","9":"product_tag-dugmeli","10":"product_tag-gunluk-giyim-3","11":"product_tag-rahat-kesim","12":"product_tag-uzun-kol","13":"pa_brand-koton","14":"pa_color-ekru","15":"pa_size-11-12-yas-2","16":"pa_size-13-14-yas-2","17":"pa_size-5-6-yas-2","18":"pa_size-6-7-yas-2","19":"pa_size-7-8-yas-2","20":"pa_size-9-10-yas-2","22":"first","23":"instock","24":"sale","25":"shipping-taxable","26":"purchasable","27":"product-type-variable"},"_links":{"self":[{"href":"https:\/\/mod.wisdar.net\/tr\/wp-json\/wp\/v2\/product\/141433","targetHints":{"allow":["GET"]}}],"collection":[{"href":"https:\/\/mod.wisdar.net\/tr\/wp-json\/wp\/v2\/product"}],"about":[{"href":"https:\/\/mod.wisdar.net\/tr\/wp-json\/wp\/v2\/types\/product"}],"replies":[{"embeddable":true,"href":"https:\/\/mod.wisdar.net\/tr\/wp-json\/wp\/v2\/comments?post=141433"}],"wp:featuredmedia":[{"embeddable":true,"href":"https:\/\/mod.wisdar.net\/tr\/wp-json\/wp\/v2\/media\/141422"}],"wp:attachment":[{"href":"https:\/\/mod.wisdar.net\/tr\/wp-json\/wp\/v2\/media?parent=141433"}],"wp:term":[{"taxonomy":"product_brand","embeddable":true,"href":"https:\/\/mod.wisdar.net\/tr\/wp-json\/wp\/v2\/product_brand?post=141433"},{"taxonomy":"product_cat","embeddable":true,"href":"https:\/\/mod.wisdar.net\/tr\/wp-json\/wp\/v2\/product_cat?post=141433"},{"taxonomy":"product_tag","embeddable":true,"href":"https:\/\/mod.wisdar.net\/tr\/wp-json\/wp\/v2\/product_tag?post=141433"}],"curies":[{"name":"wp","href":"https:\/\/api.w.org\/{rel}","templated":true}]}}