{"id":141481,"date":"2026-02-20T15:59:00","date_gmt":"2026-02-20T15:59:00","guid":{"rendered":"https:\/\/modesthanim.com\/product\/kiz-cocuk-pamuklu-v-yaka-cizgili-kolsuz-triko-suveter\/"},"modified":"2026-04-13T08:01:38","modified_gmt":"2026-04-13T08:01:38","slug":"kiz-cocuk-pamuklu-v-yaka-cizgili-kolsuz-triko-suveter","status":"publish","type":"product","link":"https:\/\/mod.wisdar.net\/tr\/urun\/kiz-cocuk-pamuklu-v-yaka-cizgili-kolsuz-triko-suveter\/","title":{"rendered":"K\u0131z \u00c7ocuk Pamuklu V Yaka \u00c7izgili Kolsuz Triko S\u00fcveter"},"content":{"rendered":"<p>Kolsuz triko s\u00fcveter, V yaka tasar\u0131m\u0131yla hem \u015f\u0131k hem de rahat bir se\u00e7enek sunuyor. Triko yap\u0131s\u0131 sayesinde g\u00fcn boyu konfor sa\u011flarken, V yaka detay\u0131 modern bir hava kat\u0131yor. \u00c7ocuklar i\u00e7in ideal olan bu kazak, g\u00fcnl\u00fck kullan\u0131mda s\u0131cak ve \u015f\u0131k hissetmesine olanak tan\u0131yor.<\/p>\n<p>\u00dcr\u00fcn \u00d6zellikleri<br \/>\nKuma\u015f: %100 Pamuk<br \/>\nFit Tipi: Regular<br \/>\nKol Boyu: Kolsuz<br \/>\nYaka Tipi: V Yaka<br \/>\nKullan\u0131m Alan\u0131: G\u00fcnl\u00fck Giyim<\/p>\n<p>Kapan\u0131\u015f<br \/>\nKoton k\u0131z \u00e7ocuk kazak modelleri, enerjik ve \u015f\u0131k tasar\u0131mlar\u0131yla g\u00f6z dolduruyor. Her mevsim rahatl\u0131kla kullan\u0131labilecek bu modeller, miniklerin gard\u0131robunda vazge\u00e7ilmez bir par\u00e7a olacak!<\/p>\n<p>Bebe\u011finiz bu k\u0131yafet ile g\u00fcvende! \u00dcr\u00fcnlerimiz kimyasallara kar\u015f\u0131 test edilerek, t\u00fcm g\u00fcvenlik kurallar\u0131na uygun olarak \u00fcretilir. \u00dcr\u00fcnlerimizde sa\u011fl\u0131\u011fa zararl\u0131 boyalar ve a\u011f\u0131r metaller, tehlikeli yutulabilecek k\u00fc\u00e7\u00fck ve keskin par\u00e7alar, kordon ve ba\u011fc\u0131klar bulunmamaktad\u0131r.<\/p>\n<p>\u2014 Technical Details \u2014<br \/>\nKuma\u015f: %100 PAMUK<br \/>\nKol Boyu: Kolsuz<br \/>\nKol Tipi: Kolsuz<br \/>\nYaka Tipi: V Yaka<br \/>\nSil\u00fcet: Basic<br \/>\n\u00dcr\u00fcn Tipi \/ Stil: Basic<br \/>\n\u00dcr\u00fcn\u00fcn Alt Markas\u0131: Kidswear<br \/>\nSat\u0131c\u0131\/\u0130malat\u00e7\u0131\/\u0130thalat\u00e7\u0131 \u0130smi: Koton Ma\u011fazac\u0131l\u0131k Tekstil Sanayi ve Ticaret A.\u015e.<br \/>\nPosta Adresi: Ayaza\u011fa Mah. Maslak Ayaza\u011fa Cad. No:3 \u0130\u00e7 Kap\u0131 No:5 Sar\u0131yer\/\u0130stanbul<br \/>\nE-Posta Adresi: mim@koton.com<\/p>\n","protected":false},"excerpt":{"rendered":"<p>Kolsuz triko s\u00fcveter, V yaka tasar\u0131m\u0131yla hem \u015f\u0131k hem de rahat bir se\u00e7enek sunuyor. Triko yap\u0131s\u0131 sayesinde g\u00fcn boyu konfor sa\u011flarken, V yaka detay\u0131 modern bir hava kat\u0131yor. \u00c7ocuklar i\u00e7in ideal olan bu kazak, g\u00fcnl\u00fck kullan\u0131mda s\u0131cak ve \u015f\u0131k hissetmesine olanak tan\u0131yor. \u00dcr\u00fcn \u00d6zellikleri Kuma\u015f: %100 Pamuk Fit Tipi: Regular Kol Boyu: Kolsuz Yaka Tipi: [&hellip;]<\/p>\n","protected":false},"featured_media":141476,"comment_status":"open","ping_status":"closed","template":"","meta":[],"product_brand":[],"product_cat":[8715,8694,8724],"product_tag":[7426],"class_list":{"0":"post-141481","1":"product","2":"type-product","3":"status-publish","4":"has-post-thumbnail","6":"product_cat-kiz-cocuklari-2-14-yas","7":"product_cat-cocuklar","8":"product_cat-tisortler-bluzlar","9":"product_tag-gunluk-giyim-3","10":"pa_brand-koton","11":"pa_color-lacivert","12":"pa_size-11-12-yas-2","13":"pa_size-13-14-yas-2","14":"pa_size-5-6-yas-2","15":"pa_size-6-7-yas-2","16":"pa_size-7-8-yas-2","17":"pa_size-9-10-yas-2","19":"first","20":"instock","21":"sale","22":"shipping-taxable","23":"purchasable","24":"product-type-variable"},"_links":{"self":[{"href":"https:\/\/mod.wisdar.net\/tr\/wp-json\/wp\/v2\/product\/141481","targetHints":{"allow":["GET"]}}],"collection":[{"href":"https:\/\/mod.wisdar.net\/tr\/wp-json\/wp\/v2\/product"}],"about":[{"href":"https:\/\/mod.wisdar.net\/tr\/wp-json\/wp\/v2\/types\/product"}],"replies":[{"embeddable":true,"href":"https:\/\/mod.wisdar.net\/tr\/wp-json\/wp\/v2\/comments?post=141481"}],"wp:featuredmedia":[{"embeddable":true,"href":"https:\/\/mod.wisdar.net\/tr\/wp-json\/wp\/v2\/media\/141476"}],"wp:attachment":[{"href":"https:\/\/mod.wisdar.net\/tr\/wp-json\/wp\/v2\/media?parent=141481"}],"wp:term":[{"taxonomy":"product_brand","embeddable":true,"href":"https:\/\/mod.wisdar.net\/tr\/wp-json\/wp\/v2\/product_brand?post=141481"},{"taxonomy":"product_cat","embeddable":true,"href":"https:\/\/mod.wisdar.net\/tr\/wp-json\/wp\/v2\/product_cat?post=141481"},{"taxonomy":"product_tag","embeddable":true,"href":"https:\/\/mod.wisdar.net\/tr\/wp-json\/wp\/v2\/product_tag?post=141481"}],"curies":[{"name":"wp","href":"https:\/\/api.w.org\/{rel}","templated":true}]}}