{"id":141515,"date":"2026-02-20T15:59:49","date_gmt":"2026-02-20T15:59:49","guid":{"rendered":"https:\/\/modesthanim.com\/product\/kiz-cocuk-viskon-genis-paca-cizgili-pantolon\/"},"modified":"2026-04-13T07:51:00","modified_gmt":"2026-04-13T07:51:00","slug":"kiz-cocuk-viskon-genis-paca-cizgili-pantolon","status":"publish","type":"product","link":"https:\/\/mod.wisdar.net\/tr\/urun\/kiz-cocuk-viskon-genis-paca-cizgili-pantolon\/","title":{"rendered":"K\u0131z \u00c7ocuk Viskon Geni\u015f Pa\u00e7a \u00c7izgili Pantolon"},"content":{"rendered":"<p>Geni\u015f pa\u00e7a \u00e7izgili pantolon, rahat yap\u0131s\u0131yla hareket \u00f6zg\u00fcrl\u00fc\u011f\u00fc sa\u011fl\u0131yor. Yan cepleri sayesinde pratik kullan\u0131m sunan pantolon, geni\u015f pa\u00e7a kesimi ile modern kombinler olu\u015fturuyor. \u00c7izgili deseni, pantolona klasik bir hava katarken farkl\u0131 \u00fcstlerle kolayca kombinlenebiliyor. \u00dcr\u00fcn \u00d6zellikleri Pa\u00e7a Tipi: Geni\u015f Pa\u00e7a Desen: \u00c7izgili Cep Kullan\u0131m\u0131: Cep Detayl\u0131 Koton k\u0131z \u00e7ocuk pantolon modelleri e\u011flenceli ve rahat tasar\u0131mlar\u0131yla miniklerin dolab\u0131na rek kat\u0131yor. E\u011flenceli ve enerjik kombinler i\u00e7in Koton&#8217;un \u00e7ocuk koleksiyonunu ke\u015ffedin!<\/p>\n","protected":false},"excerpt":{"rendered":"<p>Geni\u015f pa\u00e7a \u00e7izgili pantolon, rahat yap\u0131s\u0131yla hareket \u00f6zg\u00fcrl\u00fc\u011f\u00fc sa\u011fl\u0131yor. Yan cepleri sayesinde pratik kullan\u0131m sunan pantolon, geni\u015f pa\u00e7a kesimi ile modern kombinler olu\u015fturuyor. \u00c7izgili deseni, pantolona klasik bir hava katarken farkl\u0131 \u00fcstlerle kolayca kombinlenebiliyor. \u00dcr\u00fcn \u00d6zellikleri Pa\u00e7a Tipi: Geni\u015f Pa\u00e7a Desen: \u00c7izgili Cep Kullan\u0131m\u0131: Cep Detayl\u0131 Koton k\u0131z \u00e7ocuk pantolon modelleri e\u011flenceli ve rahat tasar\u0131mlar\u0131yla [&hellip;]<\/p>\n","protected":false},"featured_media":141512,"comment_status":"open","ping_status":"closed","template":"","meta":[],"product_brand":[],"product_cat":[8715,8694,8727],"product_tag":[9212,4226,10249,10295,10296,5507],"class_list":{"0":"post-141515","1":"product","2":"type-product","3":"status-publish","4":"has-post-thumbnail","6":"product_cat-kiz-cocuklari-2-14-yas","7":"product_cat-cocuklar","8":"product_cat-pantolon","9":"product_tag-childrens-fashion","10":"product_tag-comfortable-clothing","11":"product_tag-girls-pants","12":"product_tag-striped-pants","13":"product_tag-viscose-pants","14":"product_tag-wide-leg-pants-2","15":"pa_brand-koton","16":"pa_color-lacivert-cizgili","17":"pa_size-11-12-yas-2","18":"pa_size-13-14-yas-2","19":"pa_size-5-6-yas-2","20":"pa_size-6-7-yas-2","21":"pa_size-7-8-yas-2","22":"pa_size-9-10-yas-2","24":"first","25":"outofstock","26":"shipping-taxable","27":"product-type-variable"},"_links":{"self":[{"href":"https:\/\/mod.wisdar.net\/tr\/wp-json\/wp\/v2\/product\/141515","targetHints":{"allow":["GET"]}}],"collection":[{"href":"https:\/\/mod.wisdar.net\/tr\/wp-json\/wp\/v2\/product"}],"about":[{"href":"https:\/\/mod.wisdar.net\/tr\/wp-json\/wp\/v2\/types\/product"}],"replies":[{"embeddable":true,"href":"https:\/\/mod.wisdar.net\/tr\/wp-json\/wp\/v2\/comments?post=141515"}],"wp:featuredmedia":[{"embeddable":true,"href":"https:\/\/mod.wisdar.net\/tr\/wp-json\/wp\/v2\/media\/141512"}],"wp:attachment":[{"href":"https:\/\/mod.wisdar.net\/tr\/wp-json\/wp\/v2\/media?parent=141515"}],"wp:term":[{"taxonomy":"product_brand","embeddable":true,"href":"https:\/\/mod.wisdar.net\/tr\/wp-json\/wp\/v2\/product_brand?post=141515"},{"taxonomy":"product_cat","embeddable":true,"href":"https:\/\/mod.wisdar.net\/tr\/wp-json\/wp\/v2\/product_cat?post=141515"},{"taxonomy":"product_tag","embeddable":true,"href":"https:\/\/mod.wisdar.net\/tr\/wp-json\/wp\/v2\/product_tag?post=141515"}],"curies":[{"name":"wp","href":"https:\/\/api.w.org\/{rel}","templated":true}]}}