{"id":141575,"date":"2026-02-20T16:00:53","date_gmt":"2026-02-20T16:00:53","guid":{"rendered":"https:\/\/modesthanim.com\/product\/kiz-cocuk-ince-dokumlu-dokulu-kumastan-omzu-acik-askili-kisa-sortlu-tulum\/"},"modified":"2026-03-28T06:11:04","modified_gmt":"2026-03-28T06:11:04","slug":"kiz-cocuk-ince-dokumlu-dokulu-kumastan-omzu-acik-askili-kisa-sortlu-tulum","status":"publish","type":"product","link":"https:\/\/mod.wisdar.net\/tr\/urun\/kiz-cocuk-ince-dokumlu-dokulu-kumastan-omzu-acik-askili-kisa-sortlu-tulum\/","title":{"rendered":"K\u0131z \u00c7ocuk \u0130nce D\u00f6k\u00fcml\u00fc Dokulu Kuma\u015ftan Omzu A\u00e7\u0131k Ask\u0131l\u0131 K\u0131sa \u015eortlu Tulum"},"content":{"rendered":"<p>\u0130nce D\u00f6k\u00fcml\u00fc Dokulu Kuma\u015ftan Omzu A\u00e7\u0131k Ask\u0131l\u0131 K\u0131sa \u015eortlu Tulum at Koton.com with discounted prices! \u0130nce D\u00f6k\u00fcml\u00fc Dokulu Kuma\u015ftan Omzu A\u00e7\u0131k Ask\u0131l\u0131 K\u0131sa \u015eortlu Tulum 919.99 TL only Click now to buy! | Koton<\/p>\n","protected":false},"excerpt":{"rendered":"<p>\u0130nce D\u00f6k\u00fcml\u00fc Dokulu Kuma\u015ftan Omzu A\u00e7\u0131k Ask\u0131l\u0131 K\u0131sa \u015eortlu Tulum at Koton.com with discounted prices! \u0130nce D\u00f6k\u00fcml\u00fc Dokulu Kuma\u015ftan Omzu A\u00e7\u0131k Ask\u0131l\u0131 K\u0131sa \u015eortlu Tulum 919.99 TL only Click now to buy! | Koton<\/p>\n","protected":false},"featured_media":141570,"comment_status":"open","ping_status":"closed","template":"","meta":[],"product_brand":[],"product_cat":[8715,8694,8727],"product_tag":[7590],"class_list":{"0":"post-141575","1":"product","2":"type-product","3":"status-publish","4":"has-post-thumbnail","6":"product_cat-kiz-cocuklari-2-14-yas","7":"product_cat-cocuklar","8":"product_cat-pantolon","9":"product_tag-dokulu-kumas","10":"pa_brand-koton","11":"pa_color-siyah","12":"pa_size-1-2-yas-2","13":"pa_size-11-12-yas-2","14":"pa_size-13-14-yas-2","15":"pa_size-15-16-yas","16":"pa_size-2-3-yas-2","17":"pa_size-3-4-yas-2","18":"pa_size-4-5-yas-2","19":"pa_size-5-6-yas-2","20":"pa_size-6-7-yas-2","21":"pa_size-7-8-yas-2","22":"pa_size-9-10-yas-2","24":"first","25":"outofstock","26":"shipping-taxable","27":"product-type-variable"},"_links":{"self":[{"href":"https:\/\/mod.wisdar.net\/tr\/wp-json\/wp\/v2\/product\/141575","targetHints":{"allow":["GET"]}}],"collection":[{"href":"https:\/\/mod.wisdar.net\/tr\/wp-json\/wp\/v2\/product"}],"about":[{"href":"https:\/\/mod.wisdar.net\/tr\/wp-json\/wp\/v2\/types\/product"}],"replies":[{"embeddable":true,"href":"https:\/\/mod.wisdar.net\/tr\/wp-json\/wp\/v2\/comments?post=141575"}],"wp:featuredmedia":[{"embeddable":true,"href":"https:\/\/mod.wisdar.net\/tr\/wp-json\/wp\/v2\/media\/141570"}],"wp:attachment":[{"href":"https:\/\/mod.wisdar.net\/tr\/wp-json\/wp\/v2\/media?parent=141575"}],"wp:term":[{"taxonomy":"product_brand","embeddable":true,"href":"https:\/\/mod.wisdar.net\/tr\/wp-json\/wp\/v2\/product_brand?post=141575"},{"taxonomy":"product_cat","embeddable":true,"href":"https:\/\/mod.wisdar.net\/tr\/wp-json\/wp\/v2\/product_cat?post=141575"},{"taxonomy":"product_tag","embeddable":true,"href":"https:\/\/mod.wisdar.net\/tr\/wp-json\/wp\/v2\/product_tag?post=141575"}],"curies":[{"name":"wp","href":"https:\/\/api.w.org\/{rel}","templated":true}]}}