{"id":141605,"date":"2026-02-20T16:01:11","date_gmt":"2026-02-20T16:01:11","guid":{"rendered":"https:\/\/modesthanim.com\/product\/kiz-cocuk-crop-tisort-baskili-kisa-kollu-bisiklet-yaka-pamuklu\/"},"modified":"2026-03-29T22:40:51","modified_gmt":"2026-03-29T22:40:51","slug":"kiz-cocuk-crop-tisort-baskili-kisa-kollu-bisiklet-yaka-pamuklu","status":"publish","type":"product","link":"https:\/\/mod.wisdar.net\/tr\/urun\/kiz-cocuk-crop-tisort-baskili-kisa-kollu-bisiklet-yaka-pamuklu\/","title":{"rendered":"K\u0131z \u00c7ocuk Crop Ti\u015f\u00f6rt Bask\u0131l\u0131 K\u0131sa Kollu Bisiklet Yaka Pamuklu"},"content":{"rendered":"<p>Koton k\u0131z \u00e7ocuk ti\u015f\u00f6rtler, \u015firin tasar\u0131m\u0131 ve benzersiz rahatl\u0131klar\u0131yla minik k\u0131zlar\u0131n g\u00fcn\u00fcne ne\u015fe katacak! Bask\u0131l\u0131, k\u0131sa kollu, bisiklet yaka, pamuklu, crop ti\u015f\u00f6rt g\u00fcn boyu \u00f6zg\u00fcrce ko\u015fup oynarken onlara konforla e\u015flik ediyor.<\/p>\n<p>\u2014 Technical Details \u2014<br \/>\nKuma\u015f: %100 PAMUK<br \/>\nKal\u0131p (Fit): Relax<br \/>\nKol Boyu: K\u0131sa Kol<br \/>\nKol Tipi: D\u00fc\u015f\u00fck Omuz<br \/>\nYaka Tipi: Bisiklet Yaka<br \/>\nSil\u00fcet: Basic<br \/>\n\u00dcr\u00fcn Tipi \/ Stil: Basic<br \/>\n\u00dcr\u00fcn\u00fcn Alt Markas\u0131: Kidswear<\/p>\n","protected":false},"excerpt":{"rendered":"<p>Koton k\u0131z \u00e7ocuk ti\u015f\u00f6rtler, \u015firin tasar\u0131m\u0131 ve benzersiz rahatl\u0131klar\u0131yla minik k\u0131zlar\u0131n g\u00fcn\u00fcne ne\u015fe katacak! Bask\u0131l\u0131, k\u0131sa kollu, bisiklet yaka, pamuklu, crop ti\u015f\u00f6rt g\u00fcn boyu \u00f6zg\u00fcrce ko\u015fup oynarken onlara konforla e\u015flik ediyor. \u2014 Technical Details \u2014 Kuma\u015f: %100 PAMUK Kal\u0131p (Fit): Relax Kol Boyu: K\u0131sa Kol Kol Tipi: D\u00fc\u015f\u00fck Omuz Yaka Tipi: Bisiklet Yaka Sil\u00fcet: Basic [&hellip;]<\/p>\n","protected":false},"featured_media":141602,"comment_status":"open","ping_status":"closed","template":"","meta":[],"product_brand":[],"product_cat":[8715,8694,8724],"product_tag":[7396,7426],"class_list":{"0":"post-141605","1":"product","2":"type-product","3":"status-publish","4":"has-post-thumbnail","6":"product_cat-kiz-cocuklari-2-14-yas","7":"product_cat-cocuklar","8":"product_cat-tisortler-bluzlar","9":"product_tag-crop-top","10":"product_tag-gunluk-giyim-3","11":"pa_brand-koton","12":"pa_color-lila","13":"pa_size-11-12-yas-2","14":"pa_size-5-6-yas-2","15":"pa_size-6-7-yas-2","16":"pa_size-7-8-yas-2","17":"pa_size-9-10-yas-2","19":"first","20":"outofstock","21":"shipping-taxable","22":"product-type-variable"},"_links":{"self":[{"href":"https:\/\/mod.wisdar.net\/tr\/wp-json\/wp\/v2\/product\/141605","targetHints":{"allow":["GET"]}}],"collection":[{"href":"https:\/\/mod.wisdar.net\/tr\/wp-json\/wp\/v2\/product"}],"about":[{"href":"https:\/\/mod.wisdar.net\/tr\/wp-json\/wp\/v2\/types\/product"}],"replies":[{"embeddable":true,"href":"https:\/\/mod.wisdar.net\/tr\/wp-json\/wp\/v2\/comments?post=141605"}],"wp:featuredmedia":[{"embeddable":true,"href":"https:\/\/mod.wisdar.net\/tr\/wp-json\/wp\/v2\/media\/141602"}],"wp:attachment":[{"href":"https:\/\/mod.wisdar.net\/tr\/wp-json\/wp\/v2\/media?parent=141605"}],"wp:term":[{"taxonomy":"product_brand","embeddable":true,"href":"https:\/\/mod.wisdar.net\/tr\/wp-json\/wp\/v2\/product_brand?post=141605"},{"taxonomy":"product_cat","embeddable":true,"href":"https:\/\/mod.wisdar.net\/tr\/wp-json\/wp\/v2\/product_cat?post=141605"},{"taxonomy":"product_tag","embeddable":true,"href":"https:\/\/mod.wisdar.net\/tr\/wp-json\/wp\/v2\/product_tag?post=141605"}],"curies":[{"name":"wp","href":"https:\/\/api.w.org\/{rel}","templated":true}]}}