{"id":14165,"date":"2025-11-01T21:58:37","date_gmt":"2025-11-01T21:58:37","guid":{"rendered":"https:\/\/modesthanim.com\/product\/yarim-patli-detayli-tunik-bej\/"},"modified":"2026-04-02T21:17:10","modified_gmt":"2026-04-02T21:17:10","slug":"yarim-patli-detayli-tunik-bej","status":"publish","type":"product","link":"https:\/\/mod.wisdar.net\/tr\/urun\/yarim-patli-detayli-tunik-bej\/","title":{"rendered":"Yar\u0131m Patl\u0131 Detayl\u0131 Tunik \u2013 Bej"},"content":{"rendered":"<p>Yar\u0131m patl\u0131 detay\u0131na sahip bu tunik, zarif ve modern bir g\u00f6r\u00fcn\u00fcm sunar. \u015e\u0131k kesimi ve pratik tasar\u0131m\u0131 ile g\u00fcnl\u00fck kullan\u0131m i\u00e7in rahat bir se\u00e7enektir.<\/p>\n<p>\u2014 Teknik Detaylar \u2014<br \/>\nDesen: D\u00fcz<br \/>\nYaka Tipi: G\u00f6mlek Yakas\u0131<br \/>\nKol Tipi: Uzun Kollu<br \/>\nCep: Cepsiz<br \/>\nAstar: Astars\u0131z<br \/>\n\u00dcr\u00fcn Uzunlu\u011fu: 90 cm<br \/>\nKal\u0131p T\u00fcr\u00fc: Normal Kal\u0131p<br \/>\nModelin Giydi\u011fi Beden: 38<br \/>\nModel \u00d6l\u00e7\u00fcleri: {&#8216;Boy&#8217;: &#8216;176 cm&#8217;, &#8216;G\u00f6\u011f\u00fcs&#8217;: &#8217;82 cm&#8217;, &#8216;Bel&#8217;: &#8217;61 cm&#8217;, &#8216;Kal\u00e7a&#8217;: &#8217;87 cm&#8217;}<br \/>\nBeden Tablosu: {&#8217;38&#8217;: {&#8216;Omuz&#8217;: 39, &#8216;G\u00f6\u011f\u00fcs&#8217;: 102, &#8216;Bel&#8217;: 103, &#8216;Kal\u00e7a&#8217;: 113, &#8216;Uzunluk&#8217;: 90, &#8216;Kol Uzunlu\u011fu&#8217;: 61}, &#8217;40&#8217;: {&#8216;Omuz&#8217;: 40, &#8216;G\u00f6\u011f\u00fcs&#8217;: 106, &#8216;Bel&#8217;: 107, &#8216;Kal\u00e7a&#8217;: 117, &#8216;Uzunluk&#8217;: 90, &#8216;Kol Uzunlu\u011fu&#8217;: 61.5}, &#8217;42&#8217;: {&#8216;Omuz&#8217;: 41, &#8216;G\u00f6\u011f\u00fcs&#8217;: 110, &#8216;Bel&#8217;: 111, &#8216;Kal\u00e7a&#8217;: 121, &#8216;Uzunluk&#8217;: 90, &#8216;Kol Uzunlu\u011fu&#8217;: 62}, &#8217;44&#8217;: {&#8216;Omuz&#8217;: 42, &#8216;G\u00f6\u011f\u00fcs&#8217;: 114, &#8216;Bel&#8217;: 115, &#8216;Kal\u00e7a&#8217;: 125, &#8216;Uzunluk&#8217;: 90, &#8216;Kol Uzunlu\u011fu&#8217;: 62.5}, &#8217;46&#8217;: {&#8216;Omuz&#8217;: 43, &#8216;G\u00f6\u011f\u00fcs&#8217;: 118, &#8216;Bel&#8217;: 119, &#8216;Kal\u00e7a&#8217;: 129, &#8216;Uzunluk&#8217;: 90, &#8216;Kol Uzunlu\u011fu&#8217;: 63}, &#8217;48&#8217;: {&#8216;Omuz&#8217;: 44, &#8216;G\u00f6\u011f\u00fcs&#8217;: 122, &#8216;Bel&#8217;: 123, &#8216;Kal\u00e7a&#8217;: 133, &#8216;Uzunluk&#8217;: 90, &#8216;Kol Uzunlu\u011fu&#8217;: 63.5}}<\/p>\n","protected":false},"excerpt":{"rendered":"<p>Yar\u0131m patl\u0131 detay\u0131na sahip bu tunik, zarif ve modern bir g\u00f6r\u00fcn\u00fcm sunar. \u015e\u0131k kesimi ve pratik tasar\u0131m\u0131 ile g\u00fcnl\u00fck kullan\u0131m i\u00e7in rahat bir se\u00e7enektir. \u2014 Teknik Detaylar \u2014 Desen: D\u00fcz Yaka Tipi: G\u00f6mlek Yakas\u0131 Kol Tipi: Uzun Kollu Cep: Cepsiz Astar: Astars\u0131z \u00dcr\u00fcn Uzunlu\u011fu: 90 cm Kal\u0131p T\u00fcr\u00fc: Normal Kal\u0131p Modelin Giydi\u011fi Beden: 38 Model [&hellip;]<\/p>\n","protected":false},"featured_media":0,"comment_status":"open","ping_status":"closed","template":"","meta":[],"product_brand":[],"product_cat":[2050,1909],"product_tag":[],"class_list":{"0":"post-14165","1":"product","2":"type-product","3":"status-publish","5":"product_cat-blazer-ceketler","6":"product_cat-bluzlar-ve-gomlekler","7":"pa_brand-tugba","8":"pa_color-beige","9":"pa_size-4706","10":"pa_size-4711","11":"pa_size-4713","12":"pa_size-4751","13":"pa_size-4749","14":"pa_size-4747","16":"first","17":"instock","18":"sale","19":"shipping-taxable","20":"purchasable","21":"product-type-variable"},"_links":{"self":[{"href":"https:\/\/mod.wisdar.net\/tr\/wp-json\/wp\/v2\/product\/14165","targetHints":{"allow":["GET"]}}],"collection":[{"href":"https:\/\/mod.wisdar.net\/tr\/wp-json\/wp\/v2\/product"}],"about":[{"href":"https:\/\/mod.wisdar.net\/tr\/wp-json\/wp\/v2\/types\/product"}],"replies":[{"embeddable":true,"href":"https:\/\/mod.wisdar.net\/tr\/wp-json\/wp\/v2\/comments?post=14165"}],"wp:attachment":[{"href":"https:\/\/mod.wisdar.net\/tr\/wp-json\/wp\/v2\/media?parent=14165"}],"wp:term":[{"taxonomy":"product_brand","embeddable":true,"href":"https:\/\/mod.wisdar.net\/tr\/wp-json\/wp\/v2\/product_brand?post=14165"},{"taxonomy":"product_cat","embeddable":true,"href":"https:\/\/mod.wisdar.net\/tr\/wp-json\/wp\/v2\/product_cat?post=14165"},{"taxonomy":"product_tag","embeddable":true,"href":"https:\/\/mod.wisdar.net\/tr\/wp-json\/wp\/v2\/product_tag?post=14165"}],"curies":[{"name":"wp","href":"https:\/\/api.w.org\/{rel}","templated":true}]}}