{"id":141657,"date":"2026-02-20T16:02:36","date_gmt":"2026-02-20T16:02:36","guid":{"rendered":"https:\/\/modesthanim.com\/product\/kiz-cocuk-dokulu-basic-salopet-elbise-pamuklu-v-yaka\/"},"modified":"2026-03-28T06:12:42","modified_gmt":"2026-03-28T06:12:42","slug":"kiz-cocuk-dokulu-basic-salopet-elbise-pamuklu-v-yaka","status":"publish","type":"product","link":"https:\/\/mod.wisdar.net\/tr\/urun\/kiz-cocuk-dokulu-basic-salopet-elbise-pamuklu-v-yaka\/","title":{"rendered":"K\u0131z \u00c7ocuk Dokulu Basic Salopet Elbise Pamuklu V Yaka"},"content":{"rendered":"<p>Pamuklu, V Yaka, Dokulu Basic Salopet Elbise. D\u0131\u015f: %100 PAMUK Astar: %100 PAMUK<\/p>\n<p>\u2014 Technical Details \u2014<br \/>\nKuma\u015f: %100 PAMUK<br \/>\nKal\u0131p (Fit): Standart<br \/>\nKol Boyu: Kolsuz<br \/>\nKol Tipi: Kolsuz<br \/>\nYaka Tipi: V Yaka<br \/>\nAstar: %100 PAMUK<br \/>\nSil\u00fcet: A Form<br \/>\n\u00dcr\u00fcn Tipi \/ Stil: A Form<br \/>\n\u00dcr\u00fcn\u00fcn Alt Markas\u0131: Kidswear<\/p>\n","protected":false},"excerpt":{"rendered":"<p>Pamuklu, V Yaka, Dokulu Basic Salopet Elbise. D\u0131\u015f: %100 PAMUK Astar: %100 PAMUK \u2014 Technical Details \u2014 Kuma\u015f: %100 PAMUK Kal\u0131p (Fit): Standart Kol Boyu: Kolsuz Kol Tipi: Kolsuz Yaka Tipi: V Yaka Astar: %100 PAMUK Sil\u00fcet: A Form \u00dcr\u00fcn Tipi \/ Stil: A Form \u00dcr\u00fcn\u00fcn Alt Markas\u0131: Kidswear<\/p>\n","protected":false},"featured_media":141650,"comment_status":"open","ping_status":"closed","template":"","meta":[],"product_brand":[],"product_cat":[8718,8715,8694],"product_tag":[7590],"class_list":{"0":"post-141657","1":"product","2":"type-product","3":"status-publish","4":"has-post-thumbnail","6":"product_cat-elbiseler-etekler","7":"product_cat-kiz-cocuklari-2-14-yas","8":"product_cat-cocuklar","9":"product_tag-dokulu-kumas","10":"pa_brand-koton","11":"pa_color-sari","12":"pa_size-11-12-yas-2","13":"pa_size-3-4-yas-2","14":"pa_size-4-5-yas-2","15":"pa_size-5-6-yas-2","16":"pa_size-6-7-yas-2","17":"pa_size-7-8-yas-2","18":"pa_size-9-10-yas-2","20":"first","21":"outofstock","22":"shipping-taxable","23":"product-type-variable"},"_links":{"self":[{"href":"https:\/\/mod.wisdar.net\/tr\/wp-json\/wp\/v2\/product\/141657","targetHints":{"allow":["GET"]}}],"collection":[{"href":"https:\/\/mod.wisdar.net\/tr\/wp-json\/wp\/v2\/product"}],"about":[{"href":"https:\/\/mod.wisdar.net\/tr\/wp-json\/wp\/v2\/types\/product"}],"replies":[{"embeddable":true,"href":"https:\/\/mod.wisdar.net\/tr\/wp-json\/wp\/v2\/comments?post=141657"}],"wp:featuredmedia":[{"embeddable":true,"href":"https:\/\/mod.wisdar.net\/tr\/wp-json\/wp\/v2\/media\/141650"}],"wp:attachment":[{"href":"https:\/\/mod.wisdar.net\/tr\/wp-json\/wp\/v2\/media?parent=141657"}],"wp:term":[{"taxonomy":"product_brand","embeddable":true,"href":"https:\/\/mod.wisdar.net\/tr\/wp-json\/wp\/v2\/product_brand?post=141657"},{"taxonomy":"product_cat","embeddable":true,"href":"https:\/\/mod.wisdar.net\/tr\/wp-json\/wp\/v2\/product_cat?post=141657"},{"taxonomy":"product_tag","embeddable":true,"href":"https:\/\/mod.wisdar.net\/tr\/wp-json\/wp\/v2\/product_tag?post=141657"}],"curies":[{"name":"wp","href":"https:\/\/api.w.org\/{rel}","templated":true}]}}