{"id":141679,"date":"2026-02-20T16:03:08","date_gmt":"2026-02-20T16:03:08","guid":{"rendered":"https:\/\/modesthanim.com\/product\/kiz-cocuk-crop-tisort-derin-yuvarlak-yaka-kisa-kollu-ribanali\/"},"modified":"2026-04-12T23:05:23","modified_gmt":"2026-04-12T23:05:23","slug":"kiz-cocuk-crop-tisort-derin-yuvarlak-yaka-kisa-kollu-ribanali","status":"publish","type":"product","link":"https:\/\/mod.wisdar.net\/tr\/urun\/kiz-cocuk-crop-tisort-derin-yuvarlak-yaka-kisa-kollu-ribanali\/","title":{"rendered":"K\u0131z \u00c7ocuk Crop Ti\u015f\u00f6rt Derin Yuvarlak Yaka K\u0131sa Kollu Ribanal\u0131"},"content":{"rendered":"<p>K\u0131z \u00e7ocuklar\u0131 bu ti\u015f\u00f6rtleri severek diledikleri her an giyebilecekler! Derin yuvarlak yaka, k\u0131sa kollu, ribanal\u0131, dar kal\u0131p, crop ti\u015f\u00f6rt \u015f\u0131k tasar\u0131m\u0131 sayesinde farkl\u0131 par\u00e7alarla m\u00fckemmel bir uyum yakal\u0131yor.<br \/>\nD\u0131\u015f : %93 POL\u0130AM\u0130D, %7 ELASTAN<\/p>\n<p>\u2014 Technical Details \u2014<br \/>\nkal\u0131p: Dar Kal\u0131p<br \/>\nkol_boyu: K\u0131sa Kol<br \/>\nkol_tipi: D\u00fc\u015f\u00fck Omuz<br \/>\nyaka_tipi: Bisiklet Yaka<br \/>\nalt_marka: Kidswear<\/p>\n","protected":false},"excerpt":{"rendered":"<p>K\u0131z \u00e7ocuklar\u0131 bu ti\u015f\u00f6rtleri severek diledikleri her an giyebilecekler! Derin yuvarlak yaka, k\u0131sa kollu, ribanal\u0131, dar kal\u0131p, crop ti\u015f\u00f6rt \u015f\u0131k tasar\u0131m\u0131 sayesinde farkl\u0131 par\u00e7alarla m\u00fckemmel bir uyum yakal\u0131yor. D\u0131\u015f : %93 POL\u0130AM\u0130D, %7 ELASTAN \u2014 Technical Details \u2014 kal\u0131p: Dar Kal\u0131p kol_boyu: K\u0131sa Kol kol_tipi: D\u00fc\u015f\u00fck Omuz yaka_tipi: Bisiklet Yaka alt_marka: Kidswear<\/p>\n","protected":false},"featured_media":141676,"comment_status":"open","ping_status":"closed","template":"","meta":[],"product_brand":[],"product_cat":[8715,8694,8724],"product_tag":[8096,7310],"class_list":{"0":"post-141679","1":"product","2":"type-product","3":"status-publish","4":"has-post-thumbnail","6":"product_cat-kiz-cocuklari-2-14-yas","7":"product_cat-cocuklar","8":"product_cat-tisortler-bluzlar","9":"product_tag-fitilli-kumas","10":"product_tag-slim-fit","11":"pa_brand-koton","12":"pa_color-pembe","13":"pa_size-11-12-yas-2","14":"pa_size-4-5-yas-2","15":"pa_size-5-6-yas-2","16":"pa_size-6-7-yas-2","17":"pa_size-7-8-yas-2","18":"pa_size-9-10-yas-2","20":"first","21":"instock","22":"sale","23":"shipping-taxable","24":"purchasable","25":"product-type-variable"},"_links":{"self":[{"href":"https:\/\/mod.wisdar.net\/tr\/wp-json\/wp\/v2\/product\/141679","targetHints":{"allow":["GET"]}}],"collection":[{"href":"https:\/\/mod.wisdar.net\/tr\/wp-json\/wp\/v2\/product"}],"about":[{"href":"https:\/\/mod.wisdar.net\/tr\/wp-json\/wp\/v2\/types\/product"}],"replies":[{"embeddable":true,"href":"https:\/\/mod.wisdar.net\/tr\/wp-json\/wp\/v2\/comments?post=141679"}],"wp:featuredmedia":[{"embeddable":true,"href":"https:\/\/mod.wisdar.net\/tr\/wp-json\/wp\/v2\/media\/141676"}],"wp:attachment":[{"href":"https:\/\/mod.wisdar.net\/tr\/wp-json\/wp\/v2\/media?parent=141679"}],"wp:term":[{"taxonomy":"product_brand","embeddable":true,"href":"https:\/\/mod.wisdar.net\/tr\/wp-json\/wp\/v2\/product_brand?post=141679"},{"taxonomy":"product_cat","embeddable":true,"href":"https:\/\/mod.wisdar.net\/tr\/wp-json\/wp\/v2\/product_cat?post=141679"},{"taxonomy":"product_tag","embeddable":true,"href":"https:\/\/mod.wisdar.net\/tr\/wp-json\/wp\/v2\/product_tag?post=141679"}],"curies":[{"name":"wp","href":"https:\/\/api.w.org\/{rel}","templated":true}]}}