{"id":14172,"date":"2025-11-01T21:58:39","date_gmt":"2025-11-01T21:58:39","guid":{"rendered":"https:\/\/modesthanim.com\/product\/siyah-cizgili-kollu-orme-tunik\/"},"modified":"2026-04-03T17:11:09","modified_gmt":"2026-04-03T17:11:09","slug":"siyah-cizgili-kollu-orme-tunik","status":"publish","type":"product","link":"https:\/\/mod.wisdar.net\/tr\/urun\/siyah-cizgili-kollu-orme-tunik\/","title":{"rendered":"Siyah \u00c7izgili Kollu \u00d6rme Tunik"},"content":{"rendered":"<p>Asimetrik kesimi ile modern bir siluet sunan bu tunik, yar\u0131m plaket yaka detaylar\u0131 ile basit \u015f\u0131kl\u0131\u011f\u0131 birle\u015ftirir. Hafif ve ak\u0131c\u0131 yap\u0131s\u0131yla g\u00fcn boyu konfor sa\u011flarken, benzersiz tarz\u0131yla stilinizi \u00f6n plana \u00e7\u0131kar\u0131r. G\u00fcnl\u00fckten \u015f\u0131k g\u00f6r\u00fcn\u00fcmlere ge\u00e7i\u015f i\u00e7in ideal bir par\u00e7ad\u0131r.<\/p>\n<p>\u2014 Teknik Detaylar \u2014<br \/>\nDesen: D\u00fcz<br \/>\nYaka Tipi: Bisiklet Yaka<br \/>\nKol Tipi: Uzun Kollu<br \/>\nCep: Cepsiz<br \/>\nAstar: Astars\u0131z<br \/>\nKal\u0131p Tipi: Normal Kal\u0131p<br \/>\nModelin Giydi\u011fi Beden: 01<br \/>\nModel \u00d6l\u00e7\u00fcleri: {&#8216;Boy&#8217;: &#8216;179 cm&#8217;, &#8216;G\u00f6\u011f\u00fcs&#8217;: &#8217;84 cm&#8217;, &#8216;Bel&#8217;: &#8217;62 cm&#8217;, &#8216;Kal\u00e7a&#8217;: &#8217;90 cm&#8217;}<br \/>\nBeden Rehberi: {&#8217;01&#8217;: {&#8216;Omuz&#8217;: 40, &#8216;G\u00f6\u011f\u00fcs&#8217;: 100, &#8216;Basen&#8217;: 110, &#8216;Kol Uzunlu\u011fu&#8217;: 65}, &#8217;02&#8217;: {&#8216;Omuz&#8217;: 42, &#8216;G\u00f6\u011f\u00fcs&#8217;: 104, &#8216;Basen&#8217;: 114, &#8216;Kol Uzunlu\u011fu&#8217;: 66}, &#8217;03&#8217;: {&#8216;Omuz&#8217;: 44, &#8216;G\u00f6\u011f\u00fcs&#8217;: 108, &#8216;Basen&#8217;: 118, &#8216;Kol Uzunlu\u011fu&#8217;: 67}}<\/p>\n","protected":false},"excerpt":{"rendered":"<p>Asimetrik kesimi ile modern bir siluet sunan bu tunik, yar\u0131m plaket yaka detaylar\u0131 ile basit \u015f\u0131kl\u0131\u011f\u0131 birle\u015ftirir. Hafif ve ak\u0131c\u0131 yap\u0131s\u0131yla g\u00fcn boyu konfor sa\u011flarken, benzersiz tarz\u0131yla stilinizi \u00f6n plana \u00e7\u0131kar\u0131r. G\u00fcnl\u00fckten \u015f\u0131k g\u00f6r\u00fcn\u00fcmlere ge\u00e7i\u015f i\u00e7in ideal bir par\u00e7ad\u0131r. \u2014 Teknik Detaylar \u2014 Desen: D\u00fcz Yaka Tipi: Bisiklet Yaka Kol Tipi: Uzun Kollu Cep: Cepsiz [&hellip;]<\/p>\n","protected":false},"featured_media":14142,"comment_status":"open","ping_status":"closed","template":"","meta":[],"product_brand":[],"product_cat":[1909],"product_tag":[],"class_list":{"0":"post-14172","1":"product","2":"type-product","3":"status-publish","4":"has-post-thumbnail","6":"product_cat-bluzlar-ve-gomlekler","7":"pa_brand-tugba","8":"pa_color-siyah","9":"pa_size-4444","10":"pa_size-4460","11":"pa_size-4681","13":"first","14":"instock","15":"sale","16":"shipping-taxable","17":"purchasable","18":"product-type-variable"},"_links":{"self":[{"href":"https:\/\/mod.wisdar.net\/tr\/wp-json\/wp\/v2\/product\/14172","targetHints":{"allow":["GET"]}}],"collection":[{"href":"https:\/\/mod.wisdar.net\/tr\/wp-json\/wp\/v2\/product"}],"about":[{"href":"https:\/\/mod.wisdar.net\/tr\/wp-json\/wp\/v2\/types\/product"}],"replies":[{"embeddable":true,"href":"https:\/\/mod.wisdar.net\/tr\/wp-json\/wp\/v2\/comments?post=14172"}],"wp:featuredmedia":[{"embeddable":true,"href":"https:\/\/mod.wisdar.net\/tr\/wp-json\/wp\/v2\/media\/14142"}],"wp:attachment":[{"href":"https:\/\/mod.wisdar.net\/tr\/wp-json\/wp\/v2\/media?parent=14172"}],"wp:term":[{"taxonomy":"product_brand","embeddable":true,"href":"https:\/\/mod.wisdar.net\/tr\/wp-json\/wp\/v2\/product_brand?post=14172"},{"taxonomy":"product_cat","embeddable":true,"href":"https:\/\/mod.wisdar.net\/tr\/wp-json\/wp\/v2\/product_cat?post=14172"},{"taxonomy":"product_tag","embeddable":true,"href":"https:\/\/mod.wisdar.net\/tr\/wp-json\/wp\/v2\/product_tag?post=14172"}],"curies":[{"name":"wp","href":"https:\/\/api.w.org\/{rel}","templated":true}]}}