{"id":141730,"date":"2026-02-20T16:05:03","date_gmt":"2026-02-20T16:05:03","guid":{"rendered":"https:\/\/modesthanim.com\/product\/tulum-askili-bol-paca-puantiyeli\/"},"modified":"2026-03-28T06:12:06","modified_gmt":"2026-03-28T06:12:06","slug":"tulum-askili-bol-paca-puantiyeli","status":"publish","type":"product","link":"https:\/\/mod.wisdar.net\/tr\/urun\/tulum-askili-bol-paca-puantiyeli\/","title":{"rendered":"Tulum Ask\u0131l\u0131 Bol Pa\u00e7a Puantiyeli"},"content":{"rendered":"<p>Koton&#8217;un zarif detaylar ve birbirinden farkl\u0131 renkler ile haz\u0131rlad\u0131\u011f\u0131 k\u0131z \u00e7ocuk tulum modelleri anne ve babalardan tam not al\u0131yor. Ask\u0131l\u0131, bol pa\u00e7a, puantiyeli, uzun tulum tasar\u0131m\u0131n\u0131 her g\u00fcn giymek isteyecek.<\/p>\n<p>\u2014 Technical Details \u2014<br \/>\nKuma\u015f: %100 V\u0130SKOZ<br \/>\nKal\u0131p (Fit): Regular<br \/>\nKol Boyu: Kolsuz<br \/>\nKol Tipi: Kolsuz<br \/>\nYaka Tipi: Kare Yaka<br \/>\nAstar: %100 PAMUK<br \/>\nSil\u00fcet: Salopet<br \/>\n\u00dcr\u00fcn Tipi \/ Stil: Salopet<br \/>\n\u00dcr\u00fcn\u00fcn Alt Markas\u0131: Kidswear<\/p>\n","protected":false},"excerpt":{"rendered":"<p>Koton&#8217;un zarif detaylar ve birbirinden farkl\u0131 renkler ile haz\u0131rlad\u0131\u011f\u0131 k\u0131z \u00e7ocuk tulum modelleri anne ve babalardan tam not al\u0131yor. Ask\u0131l\u0131, bol pa\u00e7a, puantiyeli, uzun tulum tasar\u0131m\u0131n\u0131 her g\u00fcn giymek isteyecek. \u2014 Technical Details \u2014 Kuma\u015f: %100 V\u0130SKOZ Kal\u0131p (Fit): Regular Kol Boyu: Kolsuz Kol Tipi: Kolsuz Yaka Tipi: Kare Yaka Astar: %100 PAMUK Sil\u00fcet: Salopet [&hellip;]<\/p>\n","protected":false},"featured_media":141723,"comment_status":"open","ping_status":"closed","template":"","meta":[],"product_brand":[],"product_cat":[8715,8694,8727],"product_tag":[7490,6770,7488],"class_list":{"0":"post-141730","1":"product","2":"type-product","3":"status-publish","4":"has-post-thumbnail","6":"product_cat-kiz-cocuklari-2-14-yas","7":"product_cat-cocuklar","8":"product_cat-pantolon","9":"product_tag-bol-paca-2","10":"product_tag-gunluk-giyim","11":"product_tag-pamuk","12":"pa_brand-koton","13":"pa_color-siyah-desenli","14":"pa_size-11-12-yas-2","15":"pa_size-4-5-yas-2","16":"pa_size-5-6-yas-2","17":"pa_size-6-7-yas-2","18":"pa_size-7-8-yas-2","19":"pa_size-9-10-yas-2","21":"first","22":"outofstock","23":"shipping-taxable","24":"product-type-variable"},"_links":{"self":[{"href":"https:\/\/mod.wisdar.net\/tr\/wp-json\/wp\/v2\/product\/141730","targetHints":{"allow":["GET"]}}],"collection":[{"href":"https:\/\/mod.wisdar.net\/tr\/wp-json\/wp\/v2\/product"}],"about":[{"href":"https:\/\/mod.wisdar.net\/tr\/wp-json\/wp\/v2\/types\/product"}],"replies":[{"embeddable":true,"href":"https:\/\/mod.wisdar.net\/tr\/wp-json\/wp\/v2\/comments?post=141730"}],"wp:featuredmedia":[{"embeddable":true,"href":"https:\/\/mod.wisdar.net\/tr\/wp-json\/wp\/v2\/media\/141723"}],"wp:attachment":[{"href":"https:\/\/mod.wisdar.net\/tr\/wp-json\/wp\/v2\/media?parent=141730"}],"wp:term":[{"taxonomy":"product_brand","embeddable":true,"href":"https:\/\/mod.wisdar.net\/tr\/wp-json\/wp\/v2\/product_brand?post=141730"},{"taxonomy":"product_cat","embeddable":true,"href":"https:\/\/mod.wisdar.net\/tr\/wp-json\/wp\/v2\/product_cat?post=141730"},{"taxonomy":"product_tag","embeddable":true,"href":"https:\/\/mod.wisdar.net\/tr\/wp-json\/wp\/v2\/product_tag?post=141730"}],"curies":[{"name":"wp","href":"https:\/\/api.w.org\/{rel}","templated":true}]}}