{"id":141751,"date":"2026-02-20T16:05:21","date_gmt":"2026-02-20T16:05:21","guid":{"rendered":"https:\/\/modesthanim.com\/product\/kiz-cocuk-askili-bluz-cicek-brodeli-dugmeli-pamuklu-astarli\/"},"modified":"2026-03-29T22:32:03","modified_gmt":"2026-03-29T22:32:03","slug":"kiz-cocuk-askili-bluz-cicek-brodeli-dugmeli-pamuklu-astarli","status":"publish","type":"product","link":"https:\/\/mod.wisdar.net\/tr\/urun\/kiz-cocuk-askili-bluz-cicek-brodeli-dugmeli-pamuklu-astarli\/","title":{"rendered":"K\u0131z \u00c7ocuk Ask\u0131l\u0131 Bluz \u00c7i\u00e7ek Brodeli D\u00fc\u011fmeli Pamuklu Astarl\u0131"},"content":{"rendered":"<p>Koton k\u0131z \u00e7ocuk bluz modelleri g\u00f6z al\u0131c\u0131 tasar\u0131mlar\u0131yla e\u011flenceyi art\u0131r\u0131yor. Ask\u0131l\u0131, \u00e7i\u00e7ek i\u015flemeli, brodeli, d\u00fc\u011fmeli, ask\u0131l\u0131, pamuklu bluz minik k\u0131z\u0131n\u0131z\u0131n g\u00f6r\u00fcn\u00fcm\u00fcne zarafet kat\u0131yor.<\/p>\n<p>\u2014 Technical Details \u2014<br \/>\nKuma\u015f: %100 PAMUK<br \/>\nKol Boyu: Kolsuz<br \/>\nKol Tipi: Kolsuz<br \/>\nYaka Tipi: Kare Yaka<br \/>\nAstar: %100 PAMUK<br \/>\n\u00dcr\u00fcn\u00fcn Alt Markas\u0131: Kidswear<\/p>\n","protected":false},"excerpt":{"rendered":"<p>Koton k\u0131z \u00e7ocuk bluz modelleri g\u00f6z al\u0131c\u0131 tasar\u0131mlar\u0131yla e\u011flenceyi art\u0131r\u0131yor. Ask\u0131l\u0131, \u00e7i\u00e7ek i\u015flemeli, brodeli, d\u00fc\u011fmeli, ask\u0131l\u0131, pamuklu bluz minik k\u0131z\u0131n\u0131z\u0131n g\u00f6r\u00fcn\u00fcm\u00fcne zarafet kat\u0131yor. \u2014 Technical Details \u2014 Kuma\u015f: %100 PAMUK Kol Boyu: Kolsuz Kol Tipi: Kolsuz Yaka Tipi: Kare Yaka Astar: %100 PAMUK \u00dcr\u00fcn\u00fcn Alt Markas\u0131: Kidswear<\/p>\n","protected":false},"featured_media":141740,"comment_status":"open","ping_status":"closed","template":"","meta":[],"product_brand":[],"product_cat":[8715,8694,8724],"product_tag":[8993,6399,9911,9201,10311],"class_list":{"0":"post-141751","1":"product","2":"type-product","3":"status-publish","4":"has-post-thumbnail","6":"product_cat-kiz-cocuklari-2-14-yas","7":"product_cat-cocuklar","8":"product_cat-tisortler-bluzlar","9":"product_tag-cotton-blouse","10":"product_tag-floral-embroidery","11":"product_tag-girls-blouse","12":"product_tag-kids-fashion","13":"product_tag-strappy-top","14":"pa_brand-koton","15":"pa_color-lila-desenli","16":"pa_size-11-12-yas-2","17":"pa_size-4-5-yas-2","18":"pa_size-5-6-yas-2","19":"pa_size-6-7-yas-2","20":"pa_size-7-8-yas-2","21":"pa_size-9-10-yas-2","23":"first","24":"instock","25":"sale","26":"shipping-taxable","27":"purchasable","28":"product-type-variable"},"_links":{"self":[{"href":"https:\/\/mod.wisdar.net\/tr\/wp-json\/wp\/v2\/product\/141751","targetHints":{"allow":["GET"]}}],"collection":[{"href":"https:\/\/mod.wisdar.net\/tr\/wp-json\/wp\/v2\/product"}],"about":[{"href":"https:\/\/mod.wisdar.net\/tr\/wp-json\/wp\/v2\/types\/product"}],"replies":[{"embeddable":true,"href":"https:\/\/mod.wisdar.net\/tr\/wp-json\/wp\/v2\/comments?post=141751"}],"wp:featuredmedia":[{"embeddable":true,"href":"https:\/\/mod.wisdar.net\/tr\/wp-json\/wp\/v2\/media\/141740"}],"wp:attachment":[{"href":"https:\/\/mod.wisdar.net\/tr\/wp-json\/wp\/v2\/media?parent=141751"}],"wp:term":[{"taxonomy":"product_brand","embeddable":true,"href":"https:\/\/mod.wisdar.net\/tr\/wp-json\/wp\/v2\/product_brand?post=141751"},{"taxonomy":"product_cat","embeddable":true,"href":"https:\/\/mod.wisdar.net\/tr\/wp-json\/wp\/v2\/product_cat?post=141751"},{"taxonomy":"product_tag","embeddable":true,"href":"https:\/\/mod.wisdar.net\/tr\/wp-json\/wp\/v2\/product_tag?post=141751"}],"curies":[{"name":"wp","href":"https:\/\/api.w.org\/{rel}","templated":true}]}}