{"id":141805,"date":"2026-02-20T16:06:43","date_gmt":"2026-02-20T16:06:43","guid":{"rendered":"https:\/\/modesthanim.com\/product\/kiz-cocuk-keten-elbise-midi-boy-kolsuz-pencere-detayli-yuvarlak-yaka\/"},"modified":"2026-03-29T22:31:05","modified_gmt":"2026-03-29T22:31:05","slug":"kiz-cocuk-keten-elbise-midi-boy-kolsuz-pencere-detayli-yuvarlak-yaka","status":"publish","type":"product","link":"https:\/\/mod.wisdar.net\/tr\/urun\/kiz-cocuk-keten-elbise-midi-boy-kolsuz-pencere-detayli-yuvarlak-yaka\/","title":{"rendered":"K\u0131z \u00c7ocuk Keten Elbise Midi Boy Kolsuz Pencere Detayl\u0131 Yuvarlak Yaka"},"content":{"rendered":"<p>Sevilen k\u0131z \u00e7ocuk elbiselerini ke\u015ffedin! Kolsuz, pencere detayl\u0131, yuvarlak yaka, arkas\u0131 fermuar kapamal\u0131, midi keten elbise ile \u00e7ocu\u011funuzun tarz g\u00f6r\u00fcn\u00fcm\u00fcne bay\u0131lacaks\u0131n\u0131z. Bu \u00fcr\u00fcn\u00fcn kuma\u015f\u0131nda keten, dokusunda hafiflik ve rahatl\u0131k var. Bu \u00fcr\u00fcn i\u00e7indeki keten sayesinde yaz\u0131n s\u0131cak g\u00fcnlerinde sizi ve sevdiklerinizi serin tutar.<\/p>\n","protected":false},"excerpt":{"rendered":"<p>Sevilen k\u0131z \u00e7ocuk elbiselerini ke\u015ffedin! Kolsuz, pencere detayl\u0131, yuvarlak yaka, arkas\u0131 fermuar kapamal\u0131, midi keten elbise ile \u00e7ocu\u011funuzun tarz g\u00f6r\u00fcn\u00fcm\u00fcne bay\u0131lacaks\u0131n\u0131z. Bu \u00fcr\u00fcn\u00fcn kuma\u015f\u0131nda keten, dokusunda hafiflik ve rahatl\u0131k var. Bu \u00fcr\u00fcn i\u00e7indeki keten sayesinde yaz\u0131n s\u0131cak g\u00fcnlerinde sizi ve sevdiklerinizi serin tutar.<\/p>\n","protected":false},"featured_media":141802,"comment_status":"open","ping_status":"closed","template":"","meta":[],"product_brand":[],"product_cat":[8718,8715,8694],"product_tag":[8436,7578,6877],"class_list":{"0":"post-141805","1":"product","2":"type-product","3":"status-publish","4":"has-post-thumbnail","6":"product_cat-elbiseler-etekler","7":"product_cat-kiz-cocuklari-2-14-yas","8":"product_cat-cocuklar","9":"product_tag-arkadan-fermuarli","10":"product_tag-midi-elbise","11":"product_tag-yaz-elbisesi","12":"pa_brand-koton","13":"pa_color-yesil","14":"pa_size-11-12-yas-2","15":"pa_size-4-5-yas-2","16":"pa_size-5-6-yas-2","17":"pa_size-6-7-yas-2","18":"pa_size-7-8-yas-2","19":"pa_size-9-10-yas-2","21":"first","22":"outofstock","23":"shipping-taxable","24":"product-type-variable"},"_links":{"self":[{"href":"https:\/\/mod.wisdar.net\/tr\/wp-json\/wp\/v2\/product\/141805","targetHints":{"allow":["GET"]}}],"collection":[{"href":"https:\/\/mod.wisdar.net\/tr\/wp-json\/wp\/v2\/product"}],"about":[{"href":"https:\/\/mod.wisdar.net\/tr\/wp-json\/wp\/v2\/types\/product"}],"replies":[{"embeddable":true,"href":"https:\/\/mod.wisdar.net\/tr\/wp-json\/wp\/v2\/comments?post=141805"}],"wp:featuredmedia":[{"embeddable":true,"href":"https:\/\/mod.wisdar.net\/tr\/wp-json\/wp\/v2\/media\/141802"}],"wp:attachment":[{"href":"https:\/\/mod.wisdar.net\/tr\/wp-json\/wp\/v2\/media?parent=141805"}],"wp:term":[{"taxonomy":"product_brand","embeddable":true,"href":"https:\/\/mod.wisdar.net\/tr\/wp-json\/wp\/v2\/product_brand?post=141805"},{"taxonomy":"product_cat","embeddable":true,"href":"https:\/\/mod.wisdar.net\/tr\/wp-json\/wp\/v2\/product_cat?post=141805"},{"taxonomy":"product_tag","embeddable":true,"href":"https:\/\/mod.wisdar.net\/tr\/wp-json\/wp\/v2\/product_tag?post=141805"}],"curies":[{"name":"wp","href":"https:\/\/api.w.org\/{rel}","templated":true}]}}