{"id":141827,"date":"2026-02-20T16:06:52","date_gmt":"2026-02-20T16:06:52","guid":{"rendered":"https:\/\/modesthanim.com\/product\/kiz-cocuk-kargo-mini-etek-pileli-yandan-cepli-pamuklu\/"},"modified":"2026-04-12T23:04:14","modified_gmt":"2026-04-12T23:04:14","slug":"kiz-cocuk-kargo-mini-etek-pileli-yandan-cepli-pamuklu","status":"publish","type":"product","link":"https:\/\/mod.wisdar.net\/tr\/urun\/kiz-cocuk-kargo-mini-etek-pileli-yandan-cepli-pamuklu\/","title":{"rendered":"K\u0131z \u00c7ocuk Kargo Mini Etek Pileli Yandan Cepli Pamuklu"},"content":{"rendered":"<p>Miniklerin yaz stiline ilham olacak g\u00f6r\u00fcn\u00fcmleri Koton k\u0131z \u00e7ocuk etek modelleri ile tamamlay\u0131n! Pileli, yandan cepli, pamuklu, kargo mini etek \u015fimdi denemeleri gereken haval\u0131 modeller aras\u0131nda yer al\u0131yor.<\/p>\n<p>\u2014 Technical Details \u2014<br \/>\nKuma\u015f: %100 PAMUK<br \/>\nSil\u00fcet: A Form<br \/>\nBel Y\u00fcksekli\u011fi: Standart Bel<br \/>\n\u00dcr\u00fcn Tipi \/ Stil: A Form<br \/>\n\u00dcr\u00fcn\u00fcn Alt Markas\u0131: Kidswear<br \/>\nSat\u0131c\u0131\/\u0130malat\u00e7\u0131\/\u0130thalat\u00e7\u0131 \u0130smi: Koton Ma\u011fazac\u0131l\u0131k Tekstil Sanayi ve Ticaret A.\u015e.<br \/>\nPosta Adresi: Ayaza\u011fa Mah. Maslak Ayaza\u011fa Cad. No:3 \u0130\u00e7 Kap\u0131 No:5 Sar\u0131yer\/\u0130stanbul<br \/>\nE-Posta Adresi: mim@koton.com<\/p>\n","protected":false},"excerpt":{"rendered":"<p>Miniklerin yaz stiline ilham olacak g\u00f6r\u00fcn\u00fcmleri Koton k\u0131z \u00e7ocuk etek modelleri ile tamamlay\u0131n! Pileli, yandan cepli, pamuklu, kargo mini etek \u015fimdi denemeleri gereken haval\u0131 modeller aras\u0131nda yer al\u0131yor. \u2014 Technical Details \u2014 Kuma\u015f: %100 PAMUK Sil\u00fcet: A Form Bel Y\u00fcksekli\u011fi: Standart Bel \u00dcr\u00fcn Tipi \/ Stil: A Form \u00dcr\u00fcn\u00fcn Alt Markas\u0131: Kidswear Sat\u0131c\u0131\/\u0130malat\u00e7\u0131\/\u0130thalat\u00e7\u0131 \u0130smi: Koton [&hellip;]<\/p>\n","protected":false},"featured_media":141812,"comment_status":"open","ping_status":"closed","template":"","meta":[],"product_brand":[],"product_cat":[8718,8715,8694],"product_tag":[7600,8102],"class_list":{"0":"post-141827","1":"product","2":"type-product","3":"status-publish","4":"has-post-thumbnail","6":"product_cat-elbiseler-etekler","7":"product_cat-kiz-cocuklari-2-14-yas","8":"product_cat-cocuklar","9":"product_tag-pileli-etek","10":"product_tag-yan-cepler","11":"pa_brand-koton","12":"pa_color-bej","13":"pa_size-11-12-yas-2","14":"pa_size-4-5-yas-2","15":"pa_size-5-6-yas-2","16":"pa_size-6-7-yas-2","17":"pa_size-7-8-yas-2","18":"pa_size-9-10-yas-2","20":"first","21":"instock","22":"sale","23":"shipping-taxable","24":"purchasable","25":"product-type-variable"},"_links":{"self":[{"href":"https:\/\/mod.wisdar.net\/tr\/wp-json\/wp\/v2\/product\/141827","targetHints":{"allow":["GET"]}}],"collection":[{"href":"https:\/\/mod.wisdar.net\/tr\/wp-json\/wp\/v2\/product"}],"about":[{"href":"https:\/\/mod.wisdar.net\/tr\/wp-json\/wp\/v2\/types\/product"}],"replies":[{"embeddable":true,"href":"https:\/\/mod.wisdar.net\/tr\/wp-json\/wp\/v2\/comments?post=141827"}],"wp:featuredmedia":[{"embeddable":true,"href":"https:\/\/mod.wisdar.net\/tr\/wp-json\/wp\/v2\/media\/141812"}],"wp:attachment":[{"href":"https:\/\/mod.wisdar.net\/tr\/wp-json\/wp\/v2\/media?parent=141827"}],"wp:term":[{"taxonomy":"product_brand","embeddable":true,"href":"https:\/\/mod.wisdar.net\/tr\/wp-json\/wp\/v2\/product_brand?post=141827"},{"taxonomy":"product_cat","embeddable":true,"href":"https:\/\/mod.wisdar.net\/tr\/wp-json\/wp\/v2\/product_cat?post=141827"},{"taxonomy":"product_tag","embeddable":true,"href":"https:\/\/mod.wisdar.net\/tr\/wp-json\/wp\/v2\/product_tag?post=141827"}],"curies":[{"name":"wp","href":"https:\/\/api.w.org\/{rel}","templated":true}]}}