{"id":141865,"date":"2026-02-20T16:09:59","date_gmt":"2026-02-20T16:09:59","guid":{"rendered":"https:\/\/modesthanim.com\/product\/elbise-midi-cicekli-askili-firfirli-katli\/"},"modified":"2026-04-12T23:01:32","modified_gmt":"2026-04-12T23:01:32","slug":"elbise-midi-cicekli-askili-firfirli-katli","status":"publish","type":"product","link":"https:\/\/mod.wisdar.net\/tr\/urun\/elbise-midi-cicekli-askili-firfirli-katli\/","title":{"rendered":"Elbise Midi \u00c7i\u00e7ekli Ask\u0131l\u0131 F\u0131rf\u0131rl\u0131 Katl\u0131"},"content":{"rendered":"<p>Yaz\u0131n enerjisini \u00fczerlerinde ta\u015f\u0131yan Koton k\u0131z \u00e7ocuk elbise modellerini incelediniz mi? \u00c7i\u00e7ekli, ask\u0131l\u0131, f\u0131rf\u0131rl\u0131, katl\u0131, midi elbise ile k\u0131z \u00e7ocuklar\u0131 e\u011flenceli bir tatile yelken a\u00e7acak!<\/p>\n<p>\u2014 Technical Details \u2014<br \/>\nKuma\u015f: %100 V\u0130SKOZ<br \/>\nKal\u0131p (Fit): Bol Kal\u0131p<br \/>\nKol Boyu: Kolsuz<br \/>\nKol Tipi: Kolsuz<br \/>\nYaka Tipi: Kare Yaka<br \/>\nSil\u00fcet: Katmanl\u0131<br \/>\n\u00dcr\u00fcn Tipi \/ Stil: Katmanl\u0131<br \/>\n\u00dcr\u00fcn\u00fcn Alt Markas\u0131: Kidswear<\/p>\n","protected":false},"excerpt":{"rendered":"<p>Yaz\u0131n enerjisini \u00fczerlerinde ta\u015f\u0131yan Koton k\u0131z \u00e7ocuk elbise modellerini incelediniz mi? \u00c7i\u00e7ekli, ask\u0131l\u0131, f\u0131rf\u0131rl\u0131, katl\u0131, midi elbise ile k\u0131z \u00e7ocuklar\u0131 e\u011flenceli bir tatile yelken a\u00e7acak! \u2014 Technical Details \u2014 Kuma\u015f: %100 V\u0130SKOZ Kal\u0131p (Fit): Bol Kal\u0131p Kol Boyu: Kolsuz Kol Tipi: Kolsuz Yaka Tipi: Kare Yaka Sil\u00fcet: Katmanl\u0131 \u00dcr\u00fcn Tipi \/ Stil: Katmanl\u0131 \u00dcr\u00fcn\u00fcn Alt [&hellip;]<\/p>\n","protected":false},"featured_media":141862,"comment_status":"open","ping_status":"closed","template":"","meta":[],"product_brand":[],"product_cat":[8718,8715,8694],"product_tag":[6752,7578,6877],"class_list":{"0":"post-141865","1":"product","2":"type-product","3":"status-publish","4":"has-post-thumbnail","6":"product_cat-elbiseler-etekler","7":"product_cat-kiz-cocuklari-2-14-yas","8":"product_cat-cocuklar","9":"product_tag-cicekli-elbise","10":"product_tag-midi-elbise","11":"product_tag-yaz-elbisesi","12":"pa_brand-koton","13":"pa_color-pembe-desenli","14":"pa_size-11-12-yas-2","15":"pa_size-4-5-yas-2","16":"pa_size-5-6-yas-2","17":"pa_size-6-7-yas-2","18":"pa_size-7-8-yas-2","19":"pa_size-9-10-yas-2","21":"first","22":"outofstock","23":"shipping-taxable","24":"product-type-variable"},"_links":{"self":[{"href":"https:\/\/mod.wisdar.net\/tr\/wp-json\/wp\/v2\/product\/141865","targetHints":{"allow":["GET"]}}],"collection":[{"href":"https:\/\/mod.wisdar.net\/tr\/wp-json\/wp\/v2\/product"}],"about":[{"href":"https:\/\/mod.wisdar.net\/tr\/wp-json\/wp\/v2\/types\/product"}],"replies":[{"embeddable":true,"href":"https:\/\/mod.wisdar.net\/tr\/wp-json\/wp\/v2\/comments?post=141865"}],"wp:featuredmedia":[{"embeddable":true,"href":"https:\/\/mod.wisdar.net\/tr\/wp-json\/wp\/v2\/media\/141862"}],"wp:attachment":[{"href":"https:\/\/mod.wisdar.net\/tr\/wp-json\/wp\/v2\/media?parent=141865"}],"wp:term":[{"taxonomy":"product_brand","embeddable":true,"href":"https:\/\/mod.wisdar.net\/tr\/wp-json\/wp\/v2\/product_brand?post=141865"},{"taxonomy":"product_cat","embeddable":true,"href":"https:\/\/mod.wisdar.net\/tr\/wp-json\/wp\/v2\/product_cat?post=141865"},{"taxonomy":"product_tag","embeddable":true,"href":"https:\/\/mod.wisdar.net\/tr\/wp-json\/wp\/v2\/product_tag?post=141865"}],"curies":[{"name":"wp","href":"https:\/\/api.w.org\/{rel}","templated":true}]}}