{"id":141907,"date":"2026-02-20T16:33:37","date_gmt":"2026-02-20T16:33:37","guid":{"rendered":"https:\/\/modesthanim.com\/product\/kiz-cocuk-crop-lola-bunny-tisort-lisansli-beli-lastikli\/"},"modified":"2026-04-06T07:50:48","modified_gmt":"2026-04-06T07:50:48","slug":"kiz-cocuk-crop-lola-bunny-tisort-lisansli-beli-lastikli","status":"publish","type":"product","link":"https:\/\/mod.wisdar.net\/tr\/urun\/kiz-cocuk-crop-lola-bunny-tisort-lisansli-beli-lastikli\/","title":{"rendered":"K\u0131z \u00c7ocuk Crop Lola Bunny Ti\u015f\u00f6rt Lisansl\u0131 Beli Lastikli"},"content":{"rendered":"<p>Beli lastikli, lisansl\u0131, Lola Bunny bask\u0131l\u0131 crop ti\u015f\u00f6rt g\u00fcn\u00fcn her an\u0131nda ve her ko\u015fulda k\u0131z \u00e7ocuklar\u0131n\u0131n kendilerini daha rahat hissetmelerine imkan tan\u0131yor. Koton k\u0131z \u00e7ocuk ti\u015f\u00f6rt modelleri, b\u00fcy\u00fcleyici tasar\u0131mlar\u0131yla tarz sahibi k\u0131zlar\u0131n favorisi konumunda.<\/p>\n<p>\u2014 Technical Details \u2014<br \/>\nKuma\u015f: %100 PAMUK<br \/>\nKol Boyu: K\u0131sa Kol<br \/>\nKol Tipi: D\u00fc\u015f\u00fck Omuz<br \/>\nYaka Tipi: Bisiklet Yaka<br \/>\nSil\u00fcet: Boxy<br \/>\nLisans(Firma): LSN_WARNER_BR<br \/>\nLisans(Karakter): Lola Bunny<br \/>\n\u00dcr\u00fcn Tipi \/ Stil: Boxy<br \/>\n\u00dcr\u00fcn\u00fcn Alt Markas\u0131: Kidswear<br \/>\nSat\u0131c\u0131\/\u0130malat\u00e7\u0131\/\u0130thalat\u00e7\u0131 \u0130smi: Koton Ma\u011fazac\u0131l\u0131k Tekstil Sanayi ve Ticaret A.\u015e.<br \/>\nPosta Adresi: Ayaza\u011fa Mah. Maslak Ayaza\u011fa Cad. No:3 \u0130\u00e7 Kap\u0131 No:5 Sar\u0131yer\/\u0130stanbul<br \/>\nE-Posta Adresi: mim@koton.com<\/p>\n","protected":false},"excerpt":{"rendered":"<p>Beli lastikli, lisansl\u0131, Lola Bunny bask\u0131l\u0131 crop ti\u015f\u00f6rt g\u00fcn\u00fcn her an\u0131nda ve her ko\u015fulda k\u0131z \u00e7ocuklar\u0131n\u0131n kendilerini daha rahat hissetmelerine imkan tan\u0131yor. Koton k\u0131z \u00e7ocuk ti\u015f\u00f6rt modelleri, b\u00fcy\u00fcleyici tasar\u0131mlar\u0131yla tarz sahibi k\u0131zlar\u0131n favorisi konumunda. \u2014 Technical Details \u2014 Kuma\u015f: %100 PAMUK Kol Boyu: K\u0131sa Kol Kol Tipi: D\u00fc\u015f\u00fck Omuz Yaka Tipi: Bisiklet Yaka Sil\u00fcet: Boxy [&hellip;]<\/p>\n","protected":false},"featured_media":141901,"comment_status":"open","ping_status":"closed","template":"","meta":[],"product_brand":[],"product_cat":[8715,8694,8724],"product_tag":[7396,6765],"class_list":{"0":"post-141907","1":"product","2":"type-product","3":"status-publish","4":"has-post-thumbnail","6":"product_cat-kiz-cocuklari-2-14-yas","7":"product_cat-cocuklar","8":"product_cat-tisortler-bluzlar","9":"product_tag-crop-top","10":"product_tag-lastikli-bel","11":"pa_brand-koton","12":"pa_color-ekru","13":"pa_size-11-12-yas-2","14":"pa_size-4-5-yas-2","15":"pa_size-5-6-yas-2","16":"pa_size-6-7-yas-2","17":"pa_size-7-8-yas-2","18":"pa_size-9-10-yas-2","20":"first","21":"instock","22":"sale","23":"shipping-taxable","24":"purchasable","25":"product-type-variable"},"_links":{"self":[{"href":"https:\/\/mod.wisdar.net\/tr\/wp-json\/wp\/v2\/product\/141907","targetHints":{"allow":["GET"]}}],"collection":[{"href":"https:\/\/mod.wisdar.net\/tr\/wp-json\/wp\/v2\/product"}],"about":[{"href":"https:\/\/mod.wisdar.net\/tr\/wp-json\/wp\/v2\/types\/product"}],"replies":[{"embeddable":true,"href":"https:\/\/mod.wisdar.net\/tr\/wp-json\/wp\/v2\/comments?post=141907"}],"wp:featuredmedia":[{"embeddable":true,"href":"https:\/\/mod.wisdar.net\/tr\/wp-json\/wp\/v2\/media\/141901"}],"wp:attachment":[{"href":"https:\/\/mod.wisdar.net\/tr\/wp-json\/wp\/v2\/media?parent=141907"}],"wp:term":[{"taxonomy":"product_brand","embeddable":true,"href":"https:\/\/mod.wisdar.net\/tr\/wp-json\/wp\/v2\/product_brand?post=141907"},{"taxonomy":"product_cat","embeddable":true,"href":"https:\/\/mod.wisdar.net\/tr\/wp-json\/wp\/v2\/product_cat?post=141907"},{"taxonomy":"product_tag","embeddable":true,"href":"https:\/\/mod.wisdar.net\/tr\/wp-json\/wp\/v2\/product_tag?post=141907"}],"curies":[{"name":"wp","href":"https:\/\/api.w.org\/{rel}","templated":true}]}}