{"id":141968,"date":"2026-02-20T16:35:19","date_gmt":"2026-02-20T16:35:19","guid":{"rendered":"https:\/\/modesthanim.com\/product\/kiz-cocuk-crop-tisort-slogan-baskili-kisa-kollu-bisiklet-yaka-pamuklu\/"},"modified":"2026-04-13T07:51:58","modified_gmt":"2026-04-13T07:51:58","slug":"kiz-cocuk-crop-tisort-slogan-baskili-kisa-kollu-bisiklet-yaka-pamuklu","status":"publish","type":"product","link":"https:\/\/mod.wisdar.net\/tr\/urun\/kiz-cocuk-crop-tisort-slogan-baskili-kisa-kollu-bisiklet-yaka-pamuklu\/","title":{"rendered":"K\u0131z \u00c7ocuk Crop Ti\u015f\u00f6rt Slogan Bask\u0131l\u0131 K\u0131sa Kollu Bisiklet Yaka Pamuklu"},"content":{"rendered":"<p>Parlak, bask\u0131l\u0131, k\u0131sa kollu, bisiklet yaka, pamuklu, crop ti\u015f\u00f6rt.<\/p>\n","protected":false},"excerpt":{"rendered":"<p>Parlak, bask\u0131l\u0131, k\u0131sa kollu, bisiklet yaka, pamuklu, crop ti\u015f\u00f6rt.<\/p>\n","protected":false},"featured_media":141963,"comment_status":"open","ping_status":"closed","template":"","meta":[],"product_brand":[],"product_cat":[8715,8694,8724],"product_tag":[],"class_list":{"0":"post-141968","1":"product","2":"type-product","3":"status-publish","4":"has-post-thumbnail","6":"product_cat-kiz-cocuklari-2-14-yas","7":"product_cat-cocuklar","8":"product_cat-tisortler-bluzlar","9":"pa_brand-koton","10":"pa_color-beyaz","11":"pa_size-11-12-yas-2","12":"pa_size-13-14-yas-2","13":"pa_size-5-6-yas-2","14":"pa_size-6-7-yas-2","15":"pa_size-7-8-yas-2","16":"pa_size-9-10-yas-2","18":"first","19":"instock","20":"sale","21":"shipping-taxable","22":"purchasable","23":"product-type-variable"},"_links":{"self":[{"href":"https:\/\/mod.wisdar.net\/tr\/wp-json\/wp\/v2\/product\/141968","targetHints":{"allow":["GET"]}}],"collection":[{"href":"https:\/\/mod.wisdar.net\/tr\/wp-json\/wp\/v2\/product"}],"about":[{"href":"https:\/\/mod.wisdar.net\/tr\/wp-json\/wp\/v2\/types\/product"}],"replies":[{"embeddable":true,"href":"https:\/\/mod.wisdar.net\/tr\/wp-json\/wp\/v2\/comments?post=141968"}],"wp:featuredmedia":[{"embeddable":true,"href":"https:\/\/mod.wisdar.net\/tr\/wp-json\/wp\/v2\/media\/141963"}],"wp:attachment":[{"href":"https:\/\/mod.wisdar.net\/tr\/wp-json\/wp\/v2\/media?parent=141968"}],"wp:term":[{"taxonomy":"product_brand","embeddable":true,"href":"https:\/\/mod.wisdar.net\/tr\/wp-json\/wp\/v2\/product_brand?post=141968"},{"taxonomy":"product_cat","embeddable":true,"href":"https:\/\/mod.wisdar.net\/tr\/wp-json\/wp\/v2\/product_cat?post=141968"},{"taxonomy":"product_tag","embeddable":true,"href":"https:\/\/mod.wisdar.net\/tr\/wp-json\/wp\/v2\/product_tag?post=141968"}],"curies":[{"name":"wp","href":"https:\/\/api.w.org\/{rel}","templated":true}]}}