{"id":141982,"date":"2026-02-20T16:35:23","date_gmt":"2026-02-20T16:35:23","guid":{"rendered":"https:\/\/modesthanim.com\/product\/kiz-cocuk-elbise-cicekli-balon-kollu-pamuklu-kare-yaka-astarli\/"},"modified":"2026-03-30T07:32:55","modified_gmt":"2026-03-30T07:32:55","slug":"kiz-cocuk-elbise-cicekli-balon-kollu-pamuklu-kare-yaka-astarli","status":"publish","type":"product","link":"https:\/\/mod.wisdar.net\/tr\/urun\/kiz-cocuk-elbise-cicekli-balon-kollu-pamuklu-kare-yaka-astarli\/","title":{"rendered":"K\u0131z \u00c7ocuk Elbise \u00c7i\u00e7ekli Balon Kollu Pamuklu Kare Yaka Astarl\u0131"},"content":{"rendered":"<p>K\u0131z \u00e7ocuklar\u0131 Koton elbise tasar\u0131mlar\u0131 ile \u00f6zg\u00fcrce hareket etmenin keyfine var\u0131yor! Gipe detayl\u0131, f\u0131rf\u0131rl\u0131, k\u0131sa balon kollu, pamuklu, kare yaka, par\u0131lt\u0131l\u0131, astarl\u0131, \u00e7i\u00e7ekli midi elbise onlar\u0131n hem \u015f\u0131k hem rahat g\u00f6r\u00fcnmelerini sa\u011flayacak.<\/p>\n<p>\u2014 Technical Details \u2014<br \/>\nkuma\u015f: %3 METAL\u0130K \u0130PL\u0130K, %97 PAMUK<br \/>\nkal\u0131p: Bol Kal\u0131p<br \/>\nkol_boyu: Kolsuz<br \/>\nkol_tipi: Balon Kol<br \/>\nyaka_tipi: Kare Yaka<br \/>\nastar: %100 PAMUK<br \/>\nsil\u00fcet: Gipeli<br \/>\n\u00fcr\u00fcn_tipi_stil: Gipeli<br \/>\nalt_marka: Kidswear<\/p>\n","protected":false},"excerpt":{"rendered":"<p>K\u0131z \u00e7ocuklar\u0131 Koton elbise tasar\u0131mlar\u0131 ile \u00f6zg\u00fcrce hareket etmenin keyfine var\u0131yor! Gipe detayl\u0131, f\u0131rf\u0131rl\u0131, k\u0131sa balon kollu, pamuklu, kare yaka, par\u0131lt\u0131l\u0131, astarl\u0131, \u00e7i\u00e7ekli midi elbise onlar\u0131n hem \u015f\u0131k hem rahat g\u00f6r\u00fcnmelerini sa\u011flayacak. \u2014 Technical Details \u2014 kuma\u015f: %3 METAL\u0130K \u0130PL\u0130K, %97 PAMUK kal\u0131p: Bol Kal\u0131p kol_boyu: Kolsuz kol_tipi: Balon Kol yaka_tipi: Kare Yaka astar: %100 [&hellip;]<\/p>\n","protected":false},"featured_media":141964,"comment_status":"open","ping_status":"closed","template":"","meta":[],"product_brand":[],"product_cat":[8718,8715,8694],"product_tag":[7549,6752,7578],"class_list":{"0":"post-141982","1":"product","2":"type-product","3":"status-publish","4":"has-post-thumbnail","6":"product_cat-elbiseler-etekler","7":"product_cat-kiz-cocuklari-2-14-yas","8":"product_cat-cocuklar","9":"product_tag-balon-kol","10":"product_tag-cicekli-elbise","11":"product_tag-midi-elbise","12":"pa_brand-koton","13":"pa_color-turuncu-desenli","14":"pa_size-11-12-yas-2","15":"pa_size-4-5-yas-2","16":"pa_size-5-6-yas-2","17":"pa_size-6-7-yas-2","18":"pa_size-7-8-yas-2","19":"pa_size-9-10-yas-2","21":"first","22":"outofstock","23":"shipping-taxable","24":"product-type-variable"},"_links":{"self":[{"href":"https:\/\/mod.wisdar.net\/tr\/wp-json\/wp\/v2\/product\/141982","targetHints":{"allow":["GET"]}}],"collection":[{"href":"https:\/\/mod.wisdar.net\/tr\/wp-json\/wp\/v2\/product"}],"about":[{"href":"https:\/\/mod.wisdar.net\/tr\/wp-json\/wp\/v2\/types\/product"}],"replies":[{"embeddable":true,"href":"https:\/\/mod.wisdar.net\/tr\/wp-json\/wp\/v2\/comments?post=141982"}],"wp:featuredmedia":[{"embeddable":true,"href":"https:\/\/mod.wisdar.net\/tr\/wp-json\/wp\/v2\/media\/141964"}],"wp:attachment":[{"href":"https:\/\/mod.wisdar.net\/tr\/wp-json\/wp\/v2\/media?parent=141982"}],"wp:term":[{"taxonomy":"product_brand","embeddable":true,"href":"https:\/\/mod.wisdar.net\/tr\/wp-json\/wp\/v2\/product_brand?post=141982"},{"taxonomy":"product_cat","embeddable":true,"href":"https:\/\/mod.wisdar.net\/tr\/wp-json\/wp\/v2\/product_cat?post=141982"},{"taxonomy":"product_tag","embeddable":true,"href":"https:\/\/mod.wisdar.net\/tr\/wp-json\/wp\/v2\/product_tag?post=141982"}],"curies":[{"name":"wp","href":"https:\/\/api.w.org\/{rel}","templated":true}]}}