{"id":142030,"date":"2026-02-20T16:38:53","date_gmt":"2026-02-20T16:38:53","guid":{"rendered":"https:\/\/modesthanim.com\/product\/kiz-cocuk-tisort-slogan-baskili-ribanali-kisa-kollu-pamuklu\/"},"modified":"2026-04-06T07:41:25","modified_gmt":"2026-04-06T07:41:25","slug":"kiz-cocuk-tisort-slogan-baskili-ribanali-kisa-kollu-pamuklu","status":"publish","type":"product","link":"https:\/\/mod.wisdar.net\/tr\/urun\/kiz-cocuk-tisort-slogan-baskili-ribanali-kisa-kollu-pamuklu\/","title":{"rendered":"K\u0131z \u00c7ocuk Ti\u015f\u00f6rt Slogan Bask\u0131l\u0131 Ribanal\u0131 K\u0131sa Kollu Pamuklu"},"content":{"rendered":"<p>Koton k\u0131z \u00e7ocuk ti\u015f\u00f6rtler, \u015firin tasar\u0131m\u0131 ve benzersiz rahatl\u0131klar\u0131yla minik k\u0131zlar\u0131n g\u00fcn\u00fcne ne\u015fe katacak! K\u0131sa kollu, b\u00fczg\u00fc detayl\u0131, yuvarlak yaka, slogan bask\u0131l\u0131, ribanal\u0131, pamuklu ti\u015f\u00f6rt g\u00fcn boyu \u00f6zg\u00fcrce ko\u015fup oynarken onlara konforla e\u015flik ediyor.<\/p>\n","protected":false},"excerpt":{"rendered":"<p>Koton k\u0131z \u00e7ocuk ti\u015f\u00f6rtler, \u015firin tasar\u0131m\u0131 ve benzersiz rahatl\u0131klar\u0131yla minik k\u0131zlar\u0131n g\u00fcn\u00fcne ne\u015fe katacak! K\u0131sa kollu, b\u00fczg\u00fc detayl\u0131, yuvarlak yaka, slogan bask\u0131l\u0131, ribanal\u0131, pamuklu ti\u015f\u00f6rt g\u00fcn boyu \u00f6zg\u00fcrce ko\u015fup oynarken onlara konforla e\u015flik ediyor.<\/p>\n","protected":false},"featured_media":142027,"comment_status":"open","ping_status":"closed","template":"","meta":[],"product_brand":[],"product_cat":[8715,8694,8724],"product_tag":[7643,7488],"class_list":{"0":"post-142030","1":"product","2":"type-product","3":"status-publish","4":"has-post-thumbnail","6":"product_cat-kiz-cocuklari-2-14-yas","7":"product_cat-cocuklar","8":"product_cat-tisortler-bluzlar","9":"product_tag-fitilli","10":"product_tag-pamuk","11":"pa_brand-koton","12":"pa_color-bej","13":"pa_size-11-12-yas-2","14":"pa_size-4-5-yas-2","15":"pa_size-5-6-yas-2","16":"pa_size-6-7-yas-2","17":"pa_size-7-8-yas-2","18":"pa_size-9-10-yas-2","20":"first","21":"outofstock","22":"shipping-taxable","23":"product-type-variable"},"_links":{"self":[{"href":"https:\/\/mod.wisdar.net\/tr\/wp-json\/wp\/v2\/product\/142030","targetHints":{"allow":["GET"]}}],"collection":[{"href":"https:\/\/mod.wisdar.net\/tr\/wp-json\/wp\/v2\/product"}],"about":[{"href":"https:\/\/mod.wisdar.net\/tr\/wp-json\/wp\/v2\/types\/product"}],"replies":[{"embeddable":true,"href":"https:\/\/mod.wisdar.net\/tr\/wp-json\/wp\/v2\/comments?post=142030"}],"wp:featuredmedia":[{"embeddable":true,"href":"https:\/\/mod.wisdar.net\/tr\/wp-json\/wp\/v2\/media\/142027"}],"wp:attachment":[{"href":"https:\/\/mod.wisdar.net\/tr\/wp-json\/wp\/v2\/media?parent=142030"}],"wp:term":[{"taxonomy":"product_brand","embeddable":true,"href":"https:\/\/mod.wisdar.net\/tr\/wp-json\/wp\/v2\/product_brand?post=142030"},{"taxonomy":"product_cat","embeddable":true,"href":"https:\/\/mod.wisdar.net\/tr\/wp-json\/wp\/v2\/product_cat?post=142030"},{"taxonomy":"product_tag","embeddable":true,"href":"https:\/\/mod.wisdar.net\/tr\/wp-json\/wp\/v2\/product_tag?post=142030"}],"curies":[{"name":"wp","href":"https:\/\/api.w.org\/{rel}","templated":true}]}}