{"id":14209,"date":"2025-11-01T21:59:44","date_gmt":"2025-11-01T21:59:44","guid":{"rendered":"https:\/\/modesthanim.com\/product\/yarim-patli-asimetrik-tunik-haki\/"},"modified":"2026-04-02T21:15:59","modified_gmt":"2026-04-02T21:15:59","slug":"yarim-patli-asimetrik-tunik-haki","status":"publish","type":"product","link":"https:\/\/mod.wisdar.net\/tr\/urun\/yarim-patli-asimetrik-tunik-haki\/","title":{"rendered":"Yar\u0131m Patl\u0131 Asimetrik Tunik \u2013 Haki"},"content":{"rendered":"<p>Yar\u0131m pat detay\u0131 ve asimetrik kesimi ile modern bir duru\u015f sergileyen bu tunik, sade \u015f\u0131kl\u0131\u011f\u0131 ile \u00f6ne \u00e7\u0131k\u0131yor. Hafif ve ak\u0131c\u0131 yap\u0131s\u0131 ile g\u00fcn boyu konfor sunar. \u015eehirli ve dinamik tarzlar i\u00e7in ideal bir tamamlay\u0131c\u0131d\u0131r.<\/p>\n<p>Kuma\u015f \u0130\u00e7eri\u011fi: %63 Lyocell, %37 Viskon<br \/>\nDesen: D\u00fcz<br \/>\nYaka Tipi: Bisiklet Yaka<br \/>\nKol Tipi: D\u00fc\u015f\u00fck Kol<br \/>\nCep: Cepsiz<br \/>\nAstar: Astars\u0131z<br \/>\n\u00dcr\u00fcn Uzunlu\u011fu: 90 cm<br \/>\nDesen Tipi: Rahat Kesim<br \/>\nModelin Giydi\u011fi Beden: 38<br \/>\nModel \u00d6l\u00e7\u00fcleri: Boy: 175 cm, G\u00f6\u011f\u00fcs: 80 cm, Bel: 62 cm, Kal\u00e7a: 90 cm<\/p>\n<p>\u2014 Teknik Detaylar \u2014<br \/>\nDesen: D\u00fcz<br \/>\nYaka Tipi: Bisiklet Yaka<br \/>\nKol Tipi: D\u00fc\u015f\u00fck Kol<br \/>\nCep: Cepsiz<br \/>\nAstar: Astars\u0131z<br \/>\n\u00dcr\u00fcn Uzunlu\u011fu: 90 cm<br \/>\nDesen Tipi: Rahat Kesim<br \/>\nModelin Giydi\u011fi Beden: 38<br \/>\nModel \u00d6l\u00e7\u00fcleri: Boy: 175 cm, G\u00f6\u011f\u00fcs: 80 cm, Bel: 62 cm, Kal\u00e7a: 90 cm<\/p>\n","protected":false},"excerpt":{"rendered":"<p>Yar\u0131m pat detay\u0131 ve asimetrik kesimi ile modern bir duru\u015f sergileyen bu tunik, sade \u015f\u0131kl\u0131\u011f\u0131 ile \u00f6ne \u00e7\u0131k\u0131yor. Hafif ve ak\u0131c\u0131 yap\u0131s\u0131 ile g\u00fcn boyu konfor sunar. \u015eehirli ve dinamik tarzlar i\u00e7in ideal bir tamamlay\u0131c\u0131d\u0131r. Kuma\u015f \u0130\u00e7eri\u011fi: %63 Lyocell, %37 Viskon Desen: D\u00fcz Yaka Tipi: Bisiklet Yaka Kol Tipi: D\u00fc\u015f\u00fck Kol Cep: Cepsiz Astar: Astars\u0131z [&hellip;]<\/p>\n","protected":false},"featured_media":0,"comment_status":"open","ping_status":"closed","template":"","meta":[],"product_brand":[],"product_cat":[1909],"product_tag":[],"class_list":{"0":"post-14209","1":"product","2":"type-product","3":"status-publish","5":"product_cat-bluzlar-ve-gomlekler","6":"pa_brand-tugba","7":"pa_color-khaki","8":"pa_size-4706","9":"pa_size-4711","10":"pa_size-4713","11":"pa_size-4751","12":"pa_size-4749","13":"pa_size-4747","15":"first","16":"instock","17":"sale","18":"shipping-taxable","19":"purchasable","20":"product-type-variable"},"_links":{"self":[{"href":"https:\/\/mod.wisdar.net\/tr\/wp-json\/wp\/v2\/product\/14209","targetHints":{"allow":["GET"]}}],"collection":[{"href":"https:\/\/mod.wisdar.net\/tr\/wp-json\/wp\/v2\/product"}],"about":[{"href":"https:\/\/mod.wisdar.net\/tr\/wp-json\/wp\/v2\/types\/product"}],"replies":[{"embeddable":true,"href":"https:\/\/mod.wisdar.net\/tr\/wp-json\/wp\/v2\/comments?post=14209"}],"wp:attachment":[{"href":"https:\/\/mod.wisdar.net\/tr\/wp-json\/wp\/v2\/media?parent=14209"}],"wp:term":[{"taxonomy":"product_brand","embeddable":true,"href":"https:\/\/mod.wisdar.net\/tr\/wp-json\/wp\/v2\/product_brand?post=14209"},{"taxonomy":"product_cat","embeddable":true,"href":"https:\/\/mod.wisdar.net\/tr\/wp-json\/wp\/v2\/product_cat?post=14209"},{"taxonomy":"product_tag","embeddable":true,"href":"https:\/\/mod.wisdar.net\/tr\/wp-json\/wp\/v2\/product_tag?post=14209"}],"curies":[{"name":"wp","href":"https:\/\/api.w.org\/{rel}","templated":true}]}}