{"id":142112,"date":"2026-02-20T17:07:50","date_gmt":"2026-02-20T17:07:50","guid":{"rendered":"https:\/\/modesthanim.com\/product\/spor-ayakkabi\/"},"modified":"2026-04-04T22:02:10","modified_gmt":"2026-04-04T22:02:10","slug":"spor-ayakkabi","status":"publish","type":"product","link":"https:\/\/mod.wisdar.net\/tr\/urun\/spor-ayakkabi\/","title":{"rendered":"Spor Ayakkab\u0131"},"content":{"rendered":"<p>\u00d6n\u00fc c\u0131rtc\u0131rt \u015feritli ve elastik ba\u011fc\u0131kl\u0131 spor ayakkab\u0131. Kenar\u0131 ve dili ince dolgulu, arkada grogren halkal\u0131. File astarl\u0131 ve i\u00e7 tabanl\u0131. Oluklu alt tabanl\u0131.<\/p>\n<p>\u2014 Technical Details \u2014<br \/>\nTopuk Y\u00fcksekli\u011fi: Topuksuz<br \/>\nAyakkab\u0131 Stili: Spor Ayakkab\u0131<br \/>\nAdet: Tek<br \/>\nA\u00e7\u0131klama: A\u00e7\u0131k pembe, D\u00fcz renkli<\/p>\n","protected":false},"excerpt":{"rendered":"<p>\u00d6n\u00fc c\u0131rtc\u0131rt \u015feritli ve elastik ba\u011fc\u0131kl\u0131 spor ayakkab\u0131. Kenar\u0131 ve dili ince dolgulu, arkada grogren halkal\u0131. File astarl\u0131 ve i\u00e7 tabanl\u0131. Oluklu alt tabanl\u0131. \u2014 Technical Details \u2014 Topuk Y\u00fcksekli\u011fi: Topuksuz Ayakkab\u0131 Stili: Spor Ayakkab\u0131 Adet: Tek A\u00e7\u0131klama: A\u00e7\u0131k pembe, D\u00fcz renkli<\/p>\n","protected":false},"featured_media":142109,"comment_status":"open","ping_status":"closed","template":"","meta":[],"product_brand":[],"product_cat":[8736,8715,8694],"product_tag":[10327,10328,10329,9497,10326,9489],"class_list":{"0":"post-142112","1":"product","2":"type-product","3":"status-publish","4":"has-post-thumbnail","6":"product_cat-ayakkabilar","7":"product_cat-kiz-cocuklari-2-14-yas","8":"product_cat-cocuklar","9":"product_tag-athletic-footwear","10":"product_tag-casual-shoes","11":"product_tag-pink-shoes","12":"product_tag-sneakers","13":"product_tag-sports-shoes","14":"product_tag-velcro-shoes","15":"pa_brand-hm","16":"pa_color-acik-pembe-simli","17":"pa_size-7851","18":"pa_size-10734","19":"pa_size-10735","20":"pa_size-7841","21":"pa_size-7842","22":"pa_size-10738","23":"pa_size-7846","24":"pa_size-10739","25":"pa_size-4698","27":"first","28":"outofstock","29":"shipping-taxable","30":"product-type-variable"},"_links":{"self":[{"href":"https:\/\/mod.wisdar.net\/tr\/wp-json\/wp\/v2\/product\/142112","targetHints":{"allow":["GET"]}}],"collection":[{"href":"https:\/\/mod.wisdar.net\/tr\/wp-json\/wp\/v2\/product"}],"about":[{"href":"https:\/\/mod.wisdar.net\/tr\/wp-json\/wp\/v2\/types\/product"}],"replies":[{"embeddable":true,"href":"https:\/\/mod.wisdar.net\/tr\/wp-json\/wp\/v2\/comments?post=142112"}],"wp:featuredmedia":[{"embeddable":true,"href":"https:\/\/mod.wisdar.net\/tr\/wp-json\/wp\/v2\/media\/142109"}],"wp:attachment":[{"href":"https:\/\/mod.wisdar.net\/tr\/wp-json\/wp\/v2\/media?parent=142112"}],"wp:term":[{"taxonomy":"product_brand","embeddable":true,"href":"https:\/\/mod.wisdar.net\/tr\/wp-json\/wp\/v2\/product_brand?post=142112"},{"taxonomy":"product_cat","embeddable":true,"href":"https:\/\/mod.wisdar.net\/tr\/wp-json\/wp\/v2\/product_cat?post=142112"},{"taxonomy":"product_tag","embeddable":true,"href":"https:\/\/mod.wisdar.net\/tr\/wp-json\/wp\/v2\/product_tag?post=142112"}],"curies":[{"name":"wp","href":"https:\/\/api.w.org\/{rel}","templated":true}]}}