{"id":142211,"date":"2026-02-20T17:11:18","date_gmt":"2026-02-20T17:11:18","guid":{"rendered":"https:\/\/modesthanim.com\/product\/spor-ayakkabi-2\/"},"modified":"2026-04-04T21:43:31","modified_gmt":"2026-04-04T21:43:31","slug":"spor-ayakkabi-2","status":"publish","type":"product","link":"https:\/\/mod.wisdar.net\/tr\/urun\/spor-ayakkabi-2\/","title":{"rendered":"Spor Ayakkab\u0131"},"content":{"rendered":"<p>\u00dcstte c\u0131rtc\u0131rt \u015feritli ve elastik ba\u011fc\u0131kl\u0131, al\u00e7ak bo\u011fazl\u0131 spor ayakkab\u0131. Arkada grogren halkal\u0131. Pike astarl\u0131, \u00fcst d\u00fczey rahatl\u0131k i\u00e7in kal\u0131pl\u0131 yumu\u015fak i\u00e7 tabanl\u0131. Vulkanize lastik alt tabanl\u0131.<\/p>\n<p>\u2014 Technical Details \u2014<br \/>\nheelHeight: Topuksuz<br \/>\nfootwearStyle: Spor Ayakkab\u0131<br \/>\nquantitySalesMode: Tek<br \/>\ndetailedDescriptions: Krem\/A\u00e7\u0131k pembe\/Ye\u015fil, \u00c7i\u00e7ekli<\/p>\n","protected":false},"excerpt":{"rendered":"<p>\u00dcstte c\u0131rtc\u0131rt \u015feritli ve elastik ba\u011fc\u0131kl\u0131, al\u00e7ak bo\u011fazl\u0131 spor ayakkab\u0131. Arkada grogren halkal\u0131. Pike astarl\u0131, \u00fcst d\u00fczey rahatl\u0131k i\u00e7in kal\u0131pl\u0131 yumu\u015fak i\u00e7 tabanl\u0131. Vulkanize lastik alt tabanl\u0131. \u2014 Technical Details \u2014 heelHeight: Topuksuz footwearStyle: Spor Ayakkab\u0131 quantitySalesMode: Tek detailedDescriptions: Krem\/A\u00e7\u0131k pembe\/Ye\u015fil, \u00c7i\u00e7ekli<\/p>\n","protected":false},"featured_media":142207,"comment_status":"open","ping_status":"closed","template":"","meta":[],"product_brand":[],"product_cat":[8736,8715,8694],"product_tag":[10327,10334,10335,10169,10333],"class_list":{"0":"post-142211","1":"product","2":"type-product","3":"status-publish","4":"has-post-thumbnail","6":"product_cat-ayakkabilar","7":"product_cat-kiz-cocuklari-2-14-yas","8":"product_cat-cocuklar","9":"product_tag-athletic-footwear","10":"product_tag-casual-sneakers","11":"product_tag-comfortable-shoes","12":"product_tag-floral-design","13":"product_tag-sports-shoe","14":"pa_brand-hm","15":"pa_color-krem-cicekli","16":"pa_size-7851","17":"pa_size-10734","18":"pa_size-7843","19":"pa_size-10735","20":"pa_size-7841","21":"pa_size-7842","22":"pa_size-10738","23":"pa_size-7846","24":"pa_size-10739","25":"pa_size-4698","27":"first","28":"outofstock","29":"shipping-taxable","30":"product-type-variable"},"_links":{"self":[{"href":"https:\/\/mod.wisdar.net\/tr\/wp-json\/wp\/v2\/product\/142211","targetHints":{"allow":["GET"]}}],"collection":[{"href":"https:\/\/mod.wisdar.net\/tr\/wp-json\/wp\/v2\/product"}],"about":[{"href":"https:\/\/mod.wisdar.net\/tr\/wp-json\/wp\/v2\/types\/product"}],"replies":[{"embeddable":true,"href":"https:\/\/mod.wisdar.net\/tr\/wp-json\/wp\/v2\/comments?post=142211"}],"wp:featuredmedia":[{"embeddable":true,"href":"https:\/\/mod.wisdar.net\/tr\/wp-json\/wp\/v2\/media\/142207"}],"wp:attachment":[{"href":"https:\/\/mod.wisdar.net\/tr\/wp-json\/wp\/v2\/media?parent=142211"}],"wp:term":[{"taxonomy":"product_brand","embeddable":true,"href":"https:\/\/mod.wisdar.net\/tr\/wp-json\/wp\/v2\/product_brand?post=142211"},{"taxonomy":"product_cat","embeddable":true,"href":"https:\/\/mod.wisdar.net\/tr\/wp-json\/wp\/v2\/product_cat?post=142211"},{"taxonomy":"product_tag","embeddable":true,"href":"https:\/\/mod.wisdar.net\/tr\/wp-json\/wp\/v2\/product_tag?post=142211"}],"curies":[{"name":"wp","href":"https:\/\/api.w.org\/{rel}","templated":true}]}}