{"id":142242,"date":"2026-02-20T17:11:48","date_gmt":"2026-02-20T17:11:48","guid":{"rendered":"https:\/\/modesthanim.com\/product\/aplikeli-babet\/"},"modified":"2026-03-05T19:48:30","modified_gmt":"2026-03-05T19:48:30","slug":"aplikeli-babet","status":"publish","type":"product","link":"https:\/\/mod.wisdar.net\/tr\/urun\/aplikeli-babet\/","title":{"rendered":"Aplikeli Babet"},"content":{"rendered":"<p>Ayak \u00fczerinde elastik \u015feritli ve dekoratif aplikeli babet. Jarse astarl\u0131, oluklu alt tabanl\u0131.<\/p>\n<p>\u2014 Teknik Detaylar \u2014<br \/>\nDesen: D\u00fcz renkli<br \/>\nTopuk y\u00fcksekli\u011fi: Al\u00e7ak topuklu<br \/>\nAyakkab\u0131 modeli: Babet<br \/>\nSat\u0131\u015f \u015fekli: Tekli<br \/>\nTopuk y\u00fcksekli\u011fi: 0,8 cm (beden 30)<br \/>\nMalzemeler: Poli\u00fcretan\/Polyester\/Termoplastik kau\u00e7uk<br \/>\nGeri d\u00f6n\u00fc\u015ft\u00fcr\u00fclm\u00fc\u015f i\u00e7erik: %35 Geri d\u00f6n\u00fc\u015ft\u00fcr\u00fclm\u00fc\u015f termoplastik kau\u00e7uk<\/p>\n","protected":false},"excerpt":{"rendered":"<p>Ayak \u00fczerinde elastik \u015feritli ve dekoratif aplikeli babet. Jarse astarl\u0131, oluklu alt tabanl\u0131. \u2014 Teknik Detaylar \u2014 Desen: D\u00fcz renkli Topuk y\u00fcksekli\u011fi: Al\u00e7ak topuklu Ayakkab\u0131 modeli: Babet Sat\u0131\u015f \u015fekli: Tekli Topuk y\u00fcksekli\u011fi: 0,8 cm (beden 30) Malzemeler: Poli\u00fcretan\/Polyester\/Termoplastik kau\u00e7uk Geri d\u00f6n\u00fc\u015ft\u00fcr\u00fclm\u00fc\u015f i\u00e7erik: %35 Geri d\u00f6n\u00fc\u015ft\u00fcr\u00fclm\u00fc\u015f termoplastik kau\u00e7uk<\/p>\n","protected":false},"featured_media":142238,"comment_status":"open","ping_status":"closed","template":"","meta":[],"product_brand":[],"product_cat":[8736,8715,8694],"product_tag":[],"class_list":{"0":"post-142242","1":"product","2":"type-product","3":"status-publish","4":"has-post-thumbnail","6":"product_cat-ayakkabilar","7":"product_cat-kiz-cocuklari-2-14-yas","8":"product_cat-cocuklar","9":"pa_color-acik-pembe","10":"pa_size-7851","11":"pa_size-10734","12":"pa_size-7843","13":"pa_size-10735","14":"pa_size-7841","15":"pa_size-7842","16":"pa_size-10738","17":"pa_size-7846","18":"pa_size-10739","19":"pa_size-4698","21":"first","22":"outofstock","23":"shipping-taxable","24":"product-type-variable"},"_links":{"self":[{"href":"https:\/\/mod.wisdar.net\/tr\/wp-json\/wp\/v2\/product\/142242","targetHints":{"allow":["GET"]}}],"collection":[{"href":"https:\/\/mod.wisdar.net\/tr\/wp-json\/wp\/v2\/product"}],"about":[{"href":"https:\/\/mod.wisdar.net\/tr\/wp-json\/wp\/v2\/types\/product"}],"replies":[{"embeddable":true,"href":"https:\/\/mod.wisdar.net\/tr\/wp-json\/wp\/v2\/comments?post=142242"}],"wp:featuredmedia":[{"embeddable":true,"href":"https:\/\/mod.wisdar.net\/tr\/wp-json\/wp\/v2\/media\/142238"}],"wp:attachment":[{"href":"https:\/\/mod.wisdar.net\/tr\/wp-json\/wp\/v2\/media?parent=142242"}],"wp:term":[{"taxonomy":"product_brand","embeddable":true,"href":"https:\/\/mod.wisdar.net\/tr\/wp-json\/wp\/v2\/product_brand?post=142242"},{"taxonomy":"product_cat","embeddable":true,"href":"https:\/\/mod.wisdar.net\/tr\/wp-json\/wp\/v2\/product_cat?post=142242"},{"taxonomy":"product_tag","embeddable":true,"href":"https:\/\/mod.wisdar.net\/tr\/wp-json\/wp\/v2\/product_tag?post=142242"}],"curies":[{"name":"wp","href":"https:\/\/api.w.org\/{rel}","templated":true}]}}