{"id":142306,"date":"2026-02-20T17:14:17","date_gmt":"2026-02-20T17:14:17","guid":{"rendered":"https:\/\/modesthanim.com\/product\/tig-isi-gorunumlu-sandalet\/"},"modified":"2026-04-13T07:33:15","modified_gmt":"2026-04-13T07:33:15","slug":"tig-isi-gorunumlu-sandalet","status":"publish","type":"product","link":"https:\/\/mod.wisdar.net\/tr\/urun\/tig-isi-gorunumlu-sandalet\/","title":{"rendered":"T\u0131\u011f \u0130\u015fi G\u00f6r\u00fcn\u00fcml\u00fc Sandalet"},"content":{"rendered":"<p>\u0130\u015flemeli kal\u0131n fileden, t\u0131\u011f i\u015fi g\u00f6r\u00fcn\u00fcml\u00fc sandalet. Bilekte t\u00fcyl\u00fc kuma\u015ftan c\u0131rtc\u0131rtl\u0131 \u015feritli, kanvas i\u00e7 tabanl\u0131, \u00f6rme \u015feritli lastik alt tabanl\u0131.<\/p>\n<p>\u2014 Technical Details \u2014<br \/>\nheel_height: Topuksuz<br \/>\nfootwear_style: Sandalet<br \/>\nsole_height: 1.6 cm (boyut 30)<br \/>\nquantity_sales_mode: Tek<br \/>\nmaterial: File<br \/>\nrecycled_content: 47% Geri d\u00f6n\u00fc\u015ft\u00fcr\u00fclm\u00fc\u015f termoplastik kau\u00e7uk<\/p>\n","protected":false},"excerpt":{"rendered":"<p>\u0130\u015flemeli kal\u0131n fileden, t\u0131\u011f i\u015fi g\u00f6r\u00fcn\u00fcml\u00fc sandalet. Bilekte t\u00fcyl\u00fc kuma\u015ftan c\u0131rtc\u0131rtl\u0131 \u015feritli, kanvas i\u00e7 tabanl\u0131, \u00f6rme \u015feritli lastik alt tabanl\u0131. \u2014 Technical Details \u2014 heel_height: Topuksuz footwear_style: Sandalet sole_height: 1.6 cm (boyut 30) quantity_sales_mode: Tek material: File recycled_content: 47% Geri d\u00f6n\u00fc\u015ft\u00fcr\u00fclm\u00fc\u015f termoplastik kau\u00e7uk<\/p>\n","protected":false},"featured_media":142302,"comment_status":"open","ping_status":"closed","template":"","meta":[],"product_brand":[],"product_cat":[8736,8715,8694],"product_tag":[10341,10337,10339,10338,10340],"class_list":{"0":"post-142306","1":"product","2":"type-product","3":"status-publish","4":"has-post-thumbnail","6":"product_cat-ayakkabilar","7":"product_cat-kiz-cocuklari-2-14-yas","8":"product_cat-cocuklar","9":"product_tag-casual-footwear","10":"product_tag-crochet-sandals","11":"product_tag-eco-friendly-footwear","12":"product_tag-embroidered-mesh","13":"product_tag-summer-sandals","14":"pa_brand-hm","15":"pa_color-krem","16":"pa_size-7851","17":"pa_size-10734","18":"pa_size-7843","19":"pa_size-10735","20":"pa_size-7841","21":"pa_size-7842","22":"pa_size-10738","23":"pa_size-7846","24":"pa_size-10739","25":"pa_size-4698","27":"first","28":"instock","29":"sale","30":"shipping-taxable","31":"purchasable","32":"product-type-variable"},"_links":{"self":[{"href":"https:\/\/mod.wisdar.net\/tr\/wp-json\/wp\/v2\/product\/142306","targetHints":{"allow":["GET"]}}],"collection":[{"href":"https:\/\/mod.wisdar.net\/tr\/wp-json\/wp\/v2\/product"}],"about":[{"href":"https:\/\/mod.wisdar.net\/tr\/wp-json\/wp\/v2\/types\/product"}],"replies":[{"embeddable":true,"href":"https:\/\/mod.wisdar.net\/tr\/wp-json\/wp\/v2\/comments?post=142306"}],"wp:featuredmedia":[{"embeddable":true,"href":"https:\/\/mod.wisdar.net\/tr\/wp-json\/wp\/v2\/media\/142302"}],"wp:attachment":[{"href":"https:\/\/mod.wisdar.net\/tr\/wp-json\/wp\/v2\/media?parent=142306"}],"wp:term":[{"taxonomy":"product_brand","embeddable":true,"href":"https:\/\/mod.wisdar.net\/tr\/wp-json\/wp\/v2\/product_brand?post=142306"},{"taxonomy":"product_cat","embeddable":true,"href":"https:\/\/mod.wisdar.net\/tr\/wp-json\/wp\/v2\/product_cat?post=142306"},{"taxonomy":"product_tag","embeddable":true,"href":"https:\/\/mod.wisdar.net\/tr\/wp-json\/wp\/v2\/product_tag?post=142306"}],"curies":[{"name":"wp","href":"https:\/\/api.w.org\/{rel}","templated":true}]}}