{"id":142391,"date":"2026-02-20T17:20:07","date_gmt":"2026-02-20T17:20:07","guid":{"rendered":"https:\/\/modesthanim.com\/product\/spor-ayakkabi-3\/"},"modified":"2026-04-04T22:02:37","modified_gmt":"2026-04-04T22:02:37","slug":"spor-ayakkabi-3","status":"publish","type":"product","link":"https:\/\/mod.wisdar.net\/tr\/urun\/spor-ayakkabi-3\/","title":{"rendered":"Spor Ayakkab\u0131"},"content":{"rendered":"<p>Kaplamal\u0131 kuma\u015ftan, file detayl\u0131 spor ayakkab\u0131. \u00dcstte c\u0131rtc\u0131rt \u015feritli, \u00f6n\u00fc elastik ba\u011fc\u0131kl\u0131, arkada grogren halkal\u0131. File astarl\u0131, ekstra rahatl\u0131k i\u00e7in teknik k\u00f6p\u00fck i\u00e7 tabanl\u0131.<\/p>\n<p>\u2014 Technical Details \u2014<br \/>\ndescription_detailedDescriptions: Siyah, D\u00fcz renkli<br \/>\nheelHeight: Topuksuz<br \/>\nfootwearStyle: Spor Ayakkab\u0131<br \/>\nquantitySalesMode: Tek<br \/>\nmaterial: Poli\u00fcretan malzeme<\/p>\n","protected":false},"excerpt":{"rendered":"<p>Kaplamal\u0131 kuma\u015ftan, file detayl\u0131 spor ayakkab\u0131. \u00dcstte c\u0131rtc\u0131rt \u015feritli, \u00f6n\u00fc elastik ba\u011fc\u0131kl\u0131, arkada grogren halkal\u0131. File astarl\u0131, ekstra rahatl\u0131k i\u00e7in teknik k\u00f6p\u00fck i\u00e7 tabanl\u0131. \u2014 Technical Details \u2014 description_detailedDescriptions: Siyah, D\u00fcz renkli heelHeight: Topuksuz footwearStyle: Spor Ayakkab\u0131 quantitySalesMode: Tek material: Poli\u00fcretan malzeme<\/p>\n","protected":false},"featured_media":142386,"comment_status":"open","ping_status":"closed","template":"","meta":[],"product_brand":[],"product_cat":[8760,8739,8694],"product_tag":[10327,10345,10342,10343,10333],"class_list":{"0":"post-142391","1":"product","2":"type-product","3":"status-publish","4":"has-post-thumbnail","6":"product_cat-ayakkabilar","7":"product_cat-erkek-cocuklar-2-14-yas","8":"product_cat-cocuklar","9":"product_tag-athletic-footwear","10":"product_tag-casual-sports-shoes","11":"product_tag-comfortable-sneakers","12":"product_tag-mesh-shoes","13":"product_tag-sports-shoe","14":"pa_brand-hm","15":"pa_color-siyah","16":"pa_size-7851","17":"pa_size-10734","18":"pa_size-7843","19":"pa_size-10735","20":"pa_size-7841","21":"pa_size-7842","22":"pa_size-10738","23":"pa_size-7846","24":"pa_size-10739","25":"pa_size-4698","27":"first","28":"outofstock","29":"shipping-taxable","30":"product-type-variable"},"_links":{"self":[{"href":"https:\/\/mod.wisdar.net\/tr\/wp-json\/wp\/v2\/product\/142391","targetHints":{"allow":["GET"]}}],"collection":[{"href":"https:\/\/mod.wisdar.net\/tr\/wp-json\/wp\/v2\/product"}],"about":[{"href":"https:\/\/mod.wisdar.net\/tr\/wp-json\/wp\/v2\/types\/product"}],"replies":[{"embeddable":true,"href":"https:\/\/mod.wisdar.net\/tr\/wp-json\/wp\/v2\/comments?post=142391"}],"wp:featuredmedia":[{"embeddable":true,"href":"https:\/\/mod.wisdar.net\/tr\/wp-json\/wp\/v2\/media\/142386"}],"wp:attachment":[{"href":"https:\/\/mod.wisdar.net\/tr\/wp-json\/wp\/v2\/media?parent=142391"}],"wp:term":[{"taxonomy":"product_brand","embeddable":true,"href":"https:\/\/mod.wisdar.net\/tr\/wp-json\/wp\/v2\/product_brand?post=142391"},{"taxonomy":"product_cat","embeddable":true,"href":"https:\/\/mod.wisdar.net\/tr\/wp-json\/wp\/v2\/product_cat?post=142391"},{"taxonomy":"product_tag","embeddable":true,"href":"https:\/\/mod.wisdar.net\/tr\/wp-json\/wp\/v2\/product_tag?post=142391"}],"curies":[{"name":"wp","href":"https:\/\/api.w.org\/{rel}","templated":true}]}}