{"id":142404,"date":"2026-02-20T17:20:13","date_gmt":"2026-02-20T17:20:13","guid":{"rendered":"https:\/\/modesthanim.com\/product\/spor-ayakkabi-4\/"},"modified":"2026-04-04T21:35:29","modified_gmt":"2026-04-04T21:35:29","slug":"spor-ayakkabi-4","status":"publish","type":"product","link":"https:\/\/mod.wisdar.net\/tr\/urun\/spor-ayakkabi-4\/","title":{"rendered":"Spor Ayakkab\u0131"},"content":{"rendered":"<p>\u00d6n\u00fc elastik ba\u011fc\u0131kl\u0131 ve c\u0131rtc\u0131rt \u015feritli spor ayakkab\u0131. Kenar\u0131 ve dili dolgulu, arkada grogren halkal\u0131. Pike astarl\u0131, ekstra rahatl\u0131k i\u00e7in Cellfit\u2122 teknik k\u00f6p\u00fckl\u00fc i\u00e7 tabanl\u0131. Desenli alt tabanl\u0131.<\/p>\n<p>\u2014 Technical Details \u2014<br \/>\nheel_height: Topuksuz<br \/>\nshoe_style: Spor Ayakkab\u0131<br \/>\nquantity_sales_mode: Tek<br \/>\nsole_height: 2.1 cm (boyut 30)<\/p>\n","protected":false},"excerpt":{"rendered":"<p>\u00d6n\u00fc elastik ba\u011fc\u0131kl\u0131 ve c\u0131rtc\u0131rt \u015feritli spor ayakkab\u0131. Kenar\u0131 ve dili dolgulu, arkada grogren halkal\u0131. Pike astarl\u0131, ekstra rahatl\u0131k i\u00e7in Cellfit\u2122 teknik k\u00f6p\u00fckl\u00fc i\u00e7 tabanl\u0131. Desenli alt tabanl\u0131. \u2014 Technical Details \u2014 heel_height: Topuksuz shoe_style: Spor Ayakkab\u0131 quantity_sales_mode: Tek sole_height: 2.1 cm (boyut 30)<\/p>\n","protected":false},"featured_media":142388,"comment_status":"open","ping_status":"closed","template":"","meta":[],"product_brand":[],"product_cat":[8760,8739,8694],"product_tag":[10327,10342,10344,10347,10348,10326,10349,10346],"class_list":{"0":"post-142404","1":"product","2":"type-product","3":"status-publish","4":"has-post-thumbnail","6":"product_cat-ayakkabilar","7":"product_cat-erkek-cocuklar-2-14-yas","8":"product_cat-cocuklar","9":"product_tag-athletic-footwear","10":"product_tag-comfortable-sneakers","11":"product_tag-elastic-laces","12":"product_tag-padded-shoes","13":"product_tag-quilted-lining","14":"product_tag-sports-shoes","15":"product_tag-technical-foam-insole","16":"product_tag-velcro-strap","17":"pa_brand-hm","18":"pa_color-krem","19":"pa_size-7851","20":"pa_size-10734","21":"pa_size-7843","22":"pa_size-10735","23":"pa_size-7841","24":"pa_size-7842","25":"pa_size-10738","26":"pa_size-7846","27":"pa_size-10739","28":"pa_size-4698","30":"first","31":"outofstock","32":"shipping-taxable","33":"product-type-variable"},"_links":{"self":[{"href":"https:\/\/mod.wisdar.net\/tr\/wp-json\/wp\/v2\/product\/142404","targetHints":{"allow":["GET"]}}],"collection":[{"href":"https:\/\/mod.wisdar.net\/tr\/wp-json\/wp\/v2\/product"}],"about":[{"href":"https:\/\/mod.wisdar.net\/tr\/wp-json\/wp\/v2\/types\/product"}],"replies":[{"embeddable":true,"href":"https:\/\/mod.wisdar.net\/tr\/wp-json\/wp\/v2\/comments?post=142404"}],"wp:featuredmedia":[{"embeddable":true,"href":"https:\/\/mod.wisdar.net\/tr\/wp-json\/wp\/v2\/media\/142388"}],"wp:attachment":[{"href":"https:\/\/mod.wisdar.net\/tr\/wp-json\/wp\/v2\/media?parent=142404"}],"wp:term":[{"taxonomy":"product_brand","embeddable":true,"href":"https:\/\/mod.wisdar.net\/tr\/wp-json\/wp\/v2\/product_brand?post=142404"},{"taxonomy":"product_cat","embeddable":true,"href":"https:\/\/mod.wisdar.net\/tr\/wp-json\/wp\/v2\/product_cat?post=142404"},{"taxonomy":"product_tag","embeddable":true,"href":"https:\/\/mod.wisdar.net\/tr\/wp-json\/wp\/v2\/product_tag?post=142404"}],"curies":[{"name":"wp","href":"https:\/\/api.w.org\/{rel}","templated":true}]}}