{"id":142475,"date":"2026-02-20T17:22:12","date_gmt":"2026-02-20T17:22:12","guid":{"rendered":"https:\/\/modesthanim.com\/product\/hafif-tabanli-spor-ayakkabi\/"},"modified":"2026-04-04T22:04:27","modified_gmt":"2026-04-04T22:04:27","slug":"hafif-tabanli-spor-ayakkabi","status":"publish","type":"product","link":"https:\/\/mod.wisdar.net\/tr\/urun\/hafif-tabanli-spor-ayakkabi\/","title":{"rendered":"Hafif Tabanl\u0131 Spor Ayakkab\u0131"},"content":{"rendered":"<p>\u00dcst kenar\u0131 ve dili ince dolgulu, \u00f6n\u00fc elastik ba\u011fc\u0131kl\u0131 ve c\u0131rtc\u0131rt \u015feritli spor ayakkab\u0131. Arkada grogren halkal\u0131. Pike astarl\u0131, ekstra rahatl\u0131k i\u00e7in Cellfit\u2122 teknik k\u00f6p\u00fckl\u00fc i\u00e7 tabanl\u0131. Desenli hafif alt tabanl\u0131.<\/p>\n<p>\u2014 Technical Details \u2014<br \/>\nmaterial: Polyester\/Poli\u00fcretan\/Etilen vinil asetat<br \/>\npattern: Blok renkli<br \/>\naudience: unisex<br \/>\nheel_height: Topuksuz<br \/>\nfootwear_style: Spor Ayakkab\u0131<br \/>\nquantity_sales_mode: Tek<br \/>\nsole_height: Y\u00fckseklik: 3.2 cm (boyut 30)<\/p>\n","protected":false},"excerpt":{"rendered":"<p>\u00dcst kenar\u0131 ve dili ince dolgulu, \u00f6n\u00fc elastik ba\u011fc\u0131kl\u0131 ve c\u0131rtc\u0131rt \u015feritli spor ayakkab\u0131. Arkada grogren halkal\u0131. Pike astarl\u0131, ekstra rahatl\u0131k i\u00e7in Cellfit\u2122 teknik k\u00f6p\u00fckl\u00fc i\u00e7 tabanl\u0131. Desenli hafif alt tabanl\u0131. \u2014 Technical Details \u2014 material: Polyester\/Poli\u00fcretan\/Etilen vinil asetat pattern: Blok renkli audience: unisex heel_height: Topuksuz footwear_style: Spor Ayakkab\u0131 quantity_sales_mode: Tek sole_height: Y\u00fckseklik: 3.2 cm [&hellip;]<\/p>\n","protected":false},"featured_media":142472,"comment_status":"open","ping_status":"closed","template":"","meta":[],"product_brand":[],"product_cat":[8760,8739,8694],"product_tag":[6766,6751],"class_list":{"0":"post-142475","1":"product","2":"type-product","3":"status-publish","4":"has-post-thumbnail","6":"product_cat-ayakkabilar","7":"product_cat-erkek-cocuklar-2-14-yas","8":"product_cat-cocuklar","9":"product_tag-hafif","10":"product_tag-rahat","11":"pa_brand-hm","12":"pa_color-kahverengi-koyu-bej","13":"pa_size-7851","14":"pa_size-10734","15":"pa_size-7843","16":"pa_size-10735","17":"pa_size-7841","18":"pa_size-7842","19":"pa_size-10738","20":"pa_size-7846","21":"pa_size-10739","22":"pa_size-4698","24":"first","25":"outofstock","26":"shipping-taxable","27":"product-type-variable"},"_links":{"self":[{"href":"https:\/\/mod.wisdar.net\/tr\/wp-json\/wp\/v2\/product\/142475","targetHints":{"allow":["GET"]}}],"collection":[{"href":"https:\/\/mod.wisdar.net\/tr\/wp-json\/wp\/v2\/product"}],"about":[{"href":"https:\/\/mod.wisdar.net\/tr\/wp-json\/wp\/v2\/types\/product"}],"replies":[{"embeddable":true,"href":"https:\/\/mod.wisdar.net\/tr\/wp-json\/wp\/v2\/comments?post=142475"}],"wp:featuredmedia":[{"embeddable":true,"href":"https:\/\/mod.wisdar.net\/tr\/wp-json\/wp\/v2\/media\/142472"}],"wp:attachment":[{"href":"https:\/\/mod.wisdar.net\/tr\/wp-json\/wp\/v2\/media?parent=142475"}],"wp:term":[{"taxonomy":"product_brand","embeddable":true,"href":"https:\/\/mod.wisdar.net\/tr\/wp-json\/wp\/v2\/product_brand?post=142475"},{"taxonomy":"product_cat","embeddable":true,"href":"https:\/\/mod.wisdar.net\/tr\/wp-json\/wp\/v2\/product_cat?post=142475"},{"taxonomy":"product_tag","embeddable":true,"href":"https:\/\/mod.wisdar.net\/tr\/wp-json\/wp\/v2\/product_tag?post=142475"}],"curies":[{"name":"wp","href":"https:\/\/api.w.org\/{rel}","templated":true}]}}