{"id":14261,"date":"2025-11-01T22:00:57","date_gmt":"2025-11-01T22:00:57","guid":{"rendered":"https:\/\/modesthanim.com\/product\/cift-dolama-kemerli-uzun-tunik-bej\/"},"modified":"2026-04-10T17:22:12","modified_gmt":"2026-04-10T17:22:12","slug":"cift-dolama-kemerli-uzun-tunik-bej","status":"publish","type":"product","link":"https:\/\/mod.wisdar.net\/tr\/urun\/cift-dolama-kemerli-uzun-tunik-bej\/","title":{"rendered":"\u00c7ift Dolama Kemerli Uzun Tunik \u2013 Bej"},"content":{"rendered":"<p>\u015e\u0131kl\u0131\u011f\u0131 detaylarda arayanlar i\u00e7in tasarlanan bu uzun tunik, \u00e7ift dolama kemeriyle bel hatt\u0131n\u0131 zarif\u00e7e vurgular. Ak\u0131c\u0131 kesimi ve modern formu sayesinde hem g\u00fcnl\u00fck hem \u015f\u0131k kombinlere uyum sa\u011flar. Zarif ve dengeli bir siluet sunar.<\/p>\n<p>\u2014 Technical Details \u2014<br \/>\nDesen: D\u00fcz<br \/>\nYaka Tipi: G\u00f6mlek Yaka<br \/>\nKol Tipi: Uzun Kol<br \/>\nCep: Gizli Cep<br \/>\nAstar: Astars\u0131z<br \/>\n\u00dcr\u00fcn Boyu: 120 cm<br \/>\nKal\u0131p Tipi: Normal Kal\u0131p<br \/>\nMankenin Giydi\u011fi Beden: 38<br \/>\nManken \u00d6l\u00e7\u00fcleri: {&#8216;Boy&#8217;: &#8216;175 cm&#8217;, &#8216;G\u00f6\u011f\u00fcs&#8217;: &#8217;80 cm&#8217;, &#8216;Bel&#8217;: &#8217;62 cm&#8217;, &#8216;Basen&#8217;: &#8217;90 cm&#8217;}<\/p>\n","protected":false},"excerpt":{"rendered":"<p>\u015e\u0131kl\u0131\u011f\u0131 detaylarda arayanlar i\u00e7in tasarlanan bu uzun tunik, \u00e7ift dolama kemeriyle bel hatt\u0131n\u0131 zarif\u00e7e vurgular. Ak\u0131c\u0131 kesimi ve modern formu sayesinde hem g\u00fcnl\u00fck hem \u015f\u0131k kombinlere uyum sa\u011flar. Zarif ve dengeli bir siluet sunar. \u2014 Technical Details \u2014 Desen: D\u00fcz Yaka Tipi: G\u00f6mlek Yaka Kol Tipi: Uzun Kol Cep: Gizli Cep Astar: Astars\u0131z \u00dcr\u00fcn Boyu: [&hellip;]<\/p>\n","protected":false},"featured_media":0,"comment_status":"open","ping_status":"closed","template":"","meta":[],"product_brand":[],"product_cat":[2050,1909],"product_tag":[5012,5013,8399],"class_list":{"0":"post-14261","1":"product","2":"type-product","3":"status-publish","5":"product_cat-blazer-ceketler","6":"product_cat-bluzlar-ve-gomlekler","7":"product_tag-elegant","8":"product_tag-modern","9":"product_tag-sik-2","10":"pa_brand-tugba","11":"pa_color-bej","12":"pa_size-4706","13":"pa_size-4711","14":"pa_size-4713","15":"pa_size-4751","16":"pa_size-4749","17":"pa_size-4747","19":"first","20":"instock","21":"sale","22":"shipping-taxable","23":"purchasable","24":"product-type-variable"},"_links":{"self":[{"href":"https:\/\/mod.wisdar.net\/tr\/wp-json\/wp\/v2\/product\/14261","targetHints":{"allow":["GET"]}}],"collection":[{"href":"https:\/\/mod.wisdar.net\/tr\/wp-json\/wp\/v2\/product"}],"about":[{"href":"https:\/\/mod.wisdar.net\/tr\/wp-json\/wp\/v2\/types\/product"}],"replies":[{"embeddable":true,"href":"https:\/\/mod.wisdar.net\/tr\/wp-json\/wp\/v2\/comments?post=14261"}],"wp:attachment":[{"href":"https:\/\/mod.wisdar.net\/tr\/wp-json\/wp\/v2\/media?parent=14261"}],"wp:term":[{"taxonomy":"product_brand","embeddable":true,"href":"https:\/\/mod.wisdar.net\/tr\/wp-json\/wp\/v2\/product_brand?post=14261"},{"taxonomy":"product_cat","embeddable":true,"href":"https:\/\/mod.wisdar.net\/tr\/wp-json\/wp\/v2\/product_cat?post=14261"},{"taxonomy":"product_tag","embeddable":true,"href":"https:\/\/mod.wisdar.net\/tr\/wp-json\/wp\/v2\/product_tag?post=14261"}],"curies":[{"name":"wp","href":"https:\/\/api.w.org\/{rel}","templated":true}]}}