{"id":142637,"date":"2026-02-20T18:40:55","date_gmt":"2026-02-20T18:40:55","guid":{"rendered":"https:\/\/modesthanim.com\/product\/karisik-bagcik-ve-cirt-cirtli-kiz-cocuk-spor-ayakkabi\/"},"modified":"2026-04-13T06:51:57","modified_gmt":"2026-04-13T06:51:57","slug":"karisik-bagcik-ve-cirt-cirtli-kiz-cocuk-spor-ayakkabi","status":"publish","type":"product","link":"https:\/\/mod.wisdar.net\/tr\/urun\/karisik-bagcik-ve-cirt-cirtli-kiz-cocuk-spor-ayakkabi\/","title":{"rendered":"Kar\u0131\u015f\u0131k Ba\u011fc\u0131k Ve C\u0131rt C\u0131rtl\u0131 K\u0131z \u00c7ocuk Spor Ayakkab\u0131"},"content":{"rendered":"<p>LCW STEPS Kar\u0131\u015f\u0131k Ba\u011fc\u0131k ve C\u0131rt C\u0131rtl\u0131 K\u0131z \u00c7ocuk Spor Ayakkab\u0131 size \u00f6zel indirim, taksit ve kap\u0131da \u00f6deme avantajlar\u0131yla LCW&#8217;de! Hemen online al\u0131\u015fveri\u015f yap, \u00fcr\u00fcn kap\u0131na gelsin! \u2013 S6AS50Z4-F9C<\/p>\n<p>\u2014 Technical Details \u2014<br \/>\nMen\u015fei: Turk\u0131ye<br \/>\nSat\u0131c\u0131: LC Waikiki<br \/>\nMarka: LCW STEPS<br \/>\n\u00dcr\u00fcn Tipi: Sneaker<br \/>\nCinsiyet: K\u0131z \u00c7ocuk<br \/>\nDesen: Renk Blo\u011fu<br \/>\nBurun \u015eekli: Yuvarlak Burun<br \/>\nAyakkab\u0131 Kapanma \u015eekli: Ba\u011fc\u0131k ve C\u0131rt C\u0131rt<\/p>\n","protected":false},"excerpt":{"rendered":"<p>LCW STEPS Kar\u0131\u015f\u0131k Ba\u011fc\u0131k ve C\u0131rt C\u0131rtl\u0131 K\u0131z \u00c7ocuk Spor Ayakkab\u0131 size \u00f6zel indirim, taksit ve kap\u0131da \u00f6deme avantajlar\u0131yla LCW&#8217;de! Hemen online al\u0131\u015fveri\u015f yap, \u00fcr\u00fcn kap\u0131na gelsin! \u2013 S6AS50Z4-F9C \u2014 Technical Details \u2014 Men\u015fei: Turk\u0131ye Sat\u0131c\u0131: LC Waikiki Marka: LCW STEPS \u00dcr\u00fcn Tipi: Sneaker Cinsiyet: K\u0131z \u00c7ocuk Desen: Renk Blo\u011fu Burun \u015eekli: Yuvarlak Burun Ayakkab\u0131 [&hellip;]<\/p>\n","protected":false},"featured_media":142631,"comment_status":"open","ping_status":"closed","template":"","meta":[],"product_brand":[],"product_cat":[8736,8715,8694],"product_tag":[10359,10360,10354,10356,9490,10361,9493,10357],"class_list":{"0":"post-142637","1":"product","2":"type-product","3":"status-publish","4":"has-post-thumbnail","6":"product_cat-ayakkabilar","7":"product_cat-kiz-cocuklari-2-14-yas","8":"product_cat-cocuklar","9":"product_tag-childrens-footwear","10":"product_tag-color-block-design","11":"product_tag-girls-sneakers","12":"product_tag-lace-up-shoes","13":"product_tag-lcw-steps","14":"product_tag-mixed-closure","15":"product_tag-round-toe","16":"product_tag-velcro-sneakers","17":"pa_brand-lcw-steps","18":"pa_color-karisik","19":"pa_size-7841","20":"pa_size-7842","21":"pa_size-10738","22":"pa_size-7846","23":"pa_size-10739","24":"pa_size-4698","26":"first","27":"instock","28":"sale","29":"shipping-taxable","30":"purchasable","31":"product-type-variable"},"_links":{"self":[{"href":"https:\/\/mod.wisdar.net\/tr\/wp-json\/wp\/v2\/product\/142637","targetHints":{"allow":["GET"]}}],"collection":[{"href":"https:\/\/mod.wisdar.net\/tr\/wp-json\/wp\/v2\/product"}],"about":[{"href":"https:\/\/mod.wisdar.net\/tr\/wp-json\/wp\/v2\/types\/product"}],"replies":[{"embeddable":true,"href":"https:\/\/mod.wisdar.net\/tr\/wp-json\/wp\/v2\/comments?post=142637"}],"wp:featuredmedia":[{"embeddable":true,"href":"https:\/\/mod.wisdar.net\/tr\/wp-json\/wp\/v2\/media\/142631"}],"wp:attachment":[{"href":"https:\/\/mod.wisdar.net\/tr\/wp-json\/wp\/v2\/media?parent=142637"}],"wp:term":[{"taxonomy":"product_brand","embeddable":true,"href":"https:\/\/mod.wisdar.net\/tr\/wp-json\/wp\/v2\/product_brand?post=142637"},{"taxonomy":"product_cat","embeddable":true,"href":"https:\/\/mod.wisdar.net\/tr\/wp-json\/wp\/v2\/product_cat?post=142637"},{"taxonomy":"product_tag","embeddable":true,"href":"https:\/\/mod.wisdar.net\/tr\/wp-json\/wp\/v2\/product_tag?post=142637"}],"curies":[{"name":"wp","href":"https:\/\/api.w.org\/{rel}","templated":true}]}}