{"id":143000,"date":"2026-02-20T18:51:02","date_gmt":"2026-02-20T18:51:02","guid":{"rendered":"https:\/\/modesthanim.com\/product\/bej-cicek-detayli-kiz-bebek-babet\/"},"modified":"2026-03-30T06:32:10","modified_gmt":"2026-03-30T06:32:10","slug":"bej-cicek-detayli-kiz-bebek-babet","status":"publish","type":"product","link":"https:\/\/mod.wisdar.net\/tr\/urun\/bej-cicek-detayli-kiz-bebek-babet\/","title":{"rendered":"Bej \u00c7i\u00e7ek Detayl\u0131 K\u0131z Bebek Babet"},"content":{"rendered":"<p>LCW STEPS Bej \u00c7i\u00e7ek Detayl\u0131 K\u0131z Bebek Babet size \u00f6zel indirim, taksit ve kap\u0131da \u00f6deme avantajlar\u0131yla LCW&#8217;de! Hemen online al\u0131\u015fveri\u015f yap, \u00fcr\u00fcn kap\u0131na gelsin! \u2013 S6EF16Z1-V2K<\/p>\n<p>\u2014 Technical Details \u2014<br \/>\nMen\u015fei: Turk\u0131ye<br \/>\nSat\u0131c\u0131: LC Waikiki<br \/>\nMarka: LCW STEPS<br \/>\n\u00dcr\u00fcn Tipi: Babet<br \/>\nCinsiyet: K\u0131z Bebek<br \/>\nDesen: \u00c7i\u00e7ekli<br \/>\nBurun \u015eekli: Yuvarlak Burun<br \/>\nAyakkab\u0131 Kapanma \u015eekli: C\u0131rt C\u0131rt<\/p>\n","protected":false},"excerpt":{"rendered":"<p>LCW STEPS Bej \u00c7i\u00e7ek Detayl\u0131 K\u0131z Bebek Babet size \u00f6zel indirim, taksit ve kap\u0131da \u00f6deme avantajlar\u0131yla LCW&#8217;de! Hemen online al\u0131\u015fveri\u015f yap, \u00fcr\u00fcn kap\u0131na gelsin! \u2013 S6EF16Z1-V2K \u2014 Technical Details \u2014 Men\u015fei: Turk\u0131ye Sat\u0131c\u0131: LC Waikiki Marka: LCW STEPS \u00dcr\u00fcn Tipi: Babet Cinsiyet: K\u0131z Bebek Desen: \u00c7i\u00e7ekli Burun \u015eekli: Yuvarlak Burun Ayakkab\u0131 Kapanma \u015eekli: C\u0131rt C\u0131rt<\/p>\n","protected":false},"featured_media":142994,"comment_status":"open","ping_status":"closed","template":"","meta":[],"product_brand":[],"product_cat":[8736,8715,8694],"product_tag":[9483,10363,9501,10169,10377,9490,10378],"class_list":{"0":"post-143000","1":"product","2":"type-product","3":"status-publish","4":"has-post-thumbnail","6":"product_cat-ayakkabilar","7":"product_cat-kiz-cocuklari-2-14-yas","8":"product_cat-cocuklar","9":"product_tag-baby-shoes","10":"product_tag-ballet-flats","11":"product_tag-beige-shoes","12":"product_tag-floral-design","13":"product_tag-girls-footwear","14":"product_tag-lcw-steps","15":"product_tag-toddler-shoes","16":"pa_brand-lcw-steps","17":"pa_color-bej","18":"pa_size-10720","19":"pa_size-10726","20":"pa_size-7851","21":"pa_size-10734","22":"pa_size-7843","23":"pa_size-10735","25":"first","26":"instock","27":"sale","28":"shipping-taxable","29":"purchasable","30":"product-type-variable"},"_links":{"self":[{"href":"https:\/\/mod.wisdar.net\/tr\/wp-json\/wp\/v2\/product\/143000","targetHints":{"allow":["GET"]}}],"collection":[{"href":"https:\/\/mod.wisdar.net\/tr\/wp-json\/wp\/v2\/product"}],"about":[{"href":"https:\/\/mod.wisdar.net\/tr\/wp-json\/wp\/v2\/types\/product"}],"replies":[{"embeddable":true,"href":"https:\/\/mod.wisdar.net\/tr\/wp-json\/wp\/v2\/comments?post=143000"}],"wp:featuredmedia":[{"embeddable":true,"href":"https:\/\/mod.wisdar.net\/tr\/wp-json\/wp\/v2\/media\/142994"}],"wp:attachment":[{"href":"https:\/\/mod.wisdar.net\/tr\/wp-json\/wp\/v2\/media?parent=143000"}],"wp:term":[{"taxonomy":"product_brand","embeddable":true,"href":"https:\/\/mod.wisdar.net\/tr\/wp-json\/wp\/v2\/product_brand?post=143000"},{"taxonomy":"product_cat","embeddable":true,"href":"https:\/\/mod.wisdar.net\/tr\/wp-json\/wp\/v2\/product_cat?post=143000"},{"taxonomy":"product_tag","embeddable":true,"href":"https:\/\/mod.wisdar.net\/tr\/wp-json\/wp\/v2\/product_tag?post=143000"}],"curies":[{"name":"wp","href":"https:\/\/api.w.org\/{rel}","templated":true}]}}