{"id":14301,"date":"2025-11-01T22:01:55","date_gmt":"2025-11-01T22:01:55","guid":{"rendered":"https:\/\/modesthanim.com\/product\/koral-cift-sargili-kemerli-uzun-tunik\/"},"modified":"2026-04-02T20:01:58","modified_gmt":"2026-04-02T20:01:58","slug":"koral-cift-sargili-kemerli-uzun-tunik","status":"publish","type":"product","link":"https:\/\/mod.wisdar.net\/tr\/urun\/koral-cift-sargili-kemerli-uzun-tunik\/","title":{"rendered":"Koral \u00c7ift Sarg\u0131l\u0131 Kemerli Uzun Tunik"},"content":{"rendered":"<p>Detaylarda zarafet arayanlar i\u00e7in tasarlanm\u0131\u015f bu uzun tunik, \u00e7ift sarg\u0131l\u0131 kemeri ile bel \u00e7izgisini zarif bir \u015fekilde vurgular. Ak\u0131c\u0131 kesimi ve modern formu ile hem g\u00fcnl\u00fck hem de \u015f\u0131k kombinler i\u00e7in uygundur. Zarif ve dengeli bir siluet sunar.<\/p>\n<p>\u2014 Teknik Detaylar \u2014<br \/>\nDesen: D\u00fcz<br \/>\nYaka Tipi: G\u00f6mlek Yakas\u0131<br \/>\nKol Tipi: Uzun Kollu<br \/>\nCep: Gizli Cep<br \/>\nAstar: Astars\u0131z<br \/>\n\u00dcr\u00fcn Uzunlu\u011fu: 120 cm<br \/>\nKal\u0131p: Normal Kal\u0131p<br \/>\nModelin Giydi\u011fi Beden: 38<br \/>\nModel \u00d6l\u00e7\u00fcleri: Boy: 175 cm, G\u00f6\u011f\u00fcs: 80 cm, Bel: 62 cm, Kal\u00e7a: 90 cm<\/p>\n","protected":false},"excerpt":{"rendered":"<p>Detaylarda zarafet arayanlar i\u00e7in tasarlanm\u0131\u015f bu uzun tunik, \u00e7ift sarg\u0131l\u0131 kemeri ile bel \u00e7izgisini zarif bir \u015fekilde vurgular. Ak\u0131c\u0131 kesimi ve modern formu ile hem g\u00fcnl\u00fck hem de \u015f\u0131k kombinler i\u00e7in uygundur. Zarif ve dengeli bir siluet sunar. \u2014 Teknik Detaylar \u2014 Desen: D\u00fcz Yaka Tipi: G\u00f6mlek Yakas\u0131 Kol Tipi: Uzun Kollu Cep: Gizli Cep [&hellip;]<\/p>\n","protected":false},"featured_media":14260,"comment_status":"open","ping_status":"closed","template":"","meta":[],"product_brand":[],"product_cat":[1909],"product_tag":[6936,5012,5013],"class_list":{"0":"post-14301","1":"product","2":"type-product","3":"status-publish","4":"has-post-thumbnail","6":"product_cat-bluzlar-ve-gomlekler","7":"product_tag-cok-yonlu","8":"product_tag-elegant","9":"product_tag-modern","10":"pa_brand-tugba","11":"pa_color-mercan","12":"pa_size-4706","13":"pa_size-4711","14":"pa_size-4713","15":"pa_size-4751","16":"pa_size-4749","17":"pa_size-4747","19":"first","20":"instock","21":"sale","22":"shipping-taxable","23":"purchasable","24":"product-type-variable"},"_links":{"self":[{"href":"https:\/\/mod.wisdar.net\/tr\/wp-json\/wp\/v2\/product\/14301","targetHints":{"allow":["GET"]}}],"collection":[{"href":"https:\/\/mod.wisdar.net\/tr\/wp-json\/wp\/v2\/product"}],"about":[{"href":"https:\/\/mod.wisdar.net\/tr\/wp-json\/wp\/v2\/types\/product"}],"replies":[{"embeddable":true,"href":"https:\/\/mod.wisdar.net\/tr\/wp-json\/wp\/v2\/comments?post=14301"}],"wp:featuredmedia":[{"embeddable":true,"href":"https:\/\/mod.wisdar.net\/tr\/wp-json\/wp\/v2\/media\/14260"}],"wp:attachment":[{"href":"https:\/\/mod.wisdar.net\/tr\/wp-json\/wp\/v2\/media?parent=14301"}],"wp:term":[{"taxonomy":"product_brand","embeddable":true,"href":"https:\/\/mod.wisdar.net\/tr\/wp-json\/wp\/v2\/product_brand?post=14301"},{"taxonomy":"product_cat","embeddable":true,"href":"https:\/\/mod.wisdar.net\/tr\/wp-json\/wp\/v2\/product_cat?post=14301"},{"taxonomy":"product_tag","embeddable":true,"href":"https:\/\/mod.wisdar.net\/tr\/wp-json\/wp\/v2\/product_tag?post=14301"}],"curies":[{"name":"wp","href":"https:\/\/api.w.org\/{rel}","templated":true}]}}