{"id":14308,"date":"2025-11-01T22:01:56","date_gmt":"2025-11-01T22:01:56","guid":{"rendered":"https:\/\/modesthanim.com\/product\/yaka-ve-kollari-pile-bros-detayli-tunik-acik-mavi\/"},"modified":"2026-04-02T21:20:58","modified_gmt":"2026-04-02T21:20:58","slug":"yaka-ve-kollari-pile-bros-detayli-tunik-acik-mavi","status":"publish","type":"product","link":"https:\/\/mod.wisdar.net\/tr\/urun\/yaka-ve-kollari-pile-bros-detayli-tunik-acik-mavi\/","title":{"rendered":"Yaka ve Kollar\u0131 Pile Bro\u015f Detayl\u0131 Tunik \u2013 A\u00e7\u0131k Mavi"},"content":{"rendered":"<p>Zarif pile detaylar\u0131 ve \u0131\u015f\u0131lt\u0131l\u0131 bro\u015f dokunu\u015flar\u0131yla feminen bir duru\u015f kazanan bu tunik, klasik \u015f\u0131kl\u0131\u011f\u0131 modern tasar\u0131mla bulu\u015fturur. Yaka ve kol b\u00f6lgesindeki \u00f6zenli i\u015f\u00e7ilik, g\u00f6r\u00fcn\u00fcm\u00fcn\u00fcze zarafet katar. \u00d6zel g\u00fcnlerde ve davetlerde fark yaratmak isteyenler i\u00e7in ideal bir par\u00e7a.<\/p>\n<p>\u2014 Technical Details \u2014<br \/>\nDesen: D\u00fcz<br \/>\nYaka Tipi: S\u0131f\u0131r Yaka<br \/>\nKol Tipi: Uzun Kol<br \/>\nCep: Cepsiz<br \/>\nAstar: Astars\u0131z<br \/>\n\u00dcr\u00fcn Boyu: 100 cm<br \/>\nKal\u0131p Tipi: Normal Kal\u0131p<br \/>\nMankenin Giydi\u011fi Beden: 38<br \/>\nManken \u00d6l\u00e7\u00fcleri: {&#8216;Boy&#8217;: &#8216;175 cm&#8217;, &#8216;G\u00f6\u011f\u00fcs&#8217;: &#8217;80 cm&#8217;, &#8216;Bel&#8217;: &#8217;62 cm&#8217;, &#8216;Basen&#8217;: &#8217;90 cm&#8217;}<\/p>\n","protected":false},"excerpt":{"rendered":"<p>Zarif pile detaylar\u0131 ve \u0131\u015f\u0131lt\u0131l\u0131 bro\u015f dokunu\u015flar\u0131yla feminen bir duru\u015f kazanan bu tunik, klasik \u015f\u0131kl\u0131\u011f\u0131 modern tasar\u0131mla bulu\u015fturur. Yaka ve kol b\u00f6lgesindeki \u00f6zenli i\u015f\u00e7ilik, g\u00f6r\u00fcn\u00fcm\u00fcn\u00fcze zarafet katar. \u00d6zel g\u00fcnlerde ve davetlerde fark yaratmak isteyenler i\u00e7in ideal bir par\u00e7a. \u2014 Technical Details \u2014 Desen: D\u00fcz Yaka Tipi: S\u0131f\u0131r Yaka Kol Tipi: Uzun Kol Cep: Cepsiz Astar: [&hellip;]<\/p>\n","protected":false},"featured_media":0,"comment_status":"open","ping_status":"closed","template":"","meta":[],"product_brand":[],"product_cat":[2050,1909],"product_tag":[5012,5013,6772],"class_list":{"0":"post-14308","1":"product","2":"type-product","3":"status-publish","5":"product_cat-blazer-ceketler","6":"product_cat-bluzlar-ve-gomlekler","7":"product_tag-elegant","8":"product_tag-modern","9":"product_tag-ozel-gun","10":"pa_brand-tugba","11":"pa_color-acik-mavi","12":"pa_size-4706","13":"pa_size-4711","14":"pa_size-4713","15":"pa_size-4751","16":"pa_size-4749","17":"pa_size-4747","19":"first","20":"instock","21":"sale","22":"shipping-taxable","23":"purchasable","24":"product-type-variable"},"_links":{"self":[{"href":"https:\/\/mod.wisdar.net\/tr\/wp-json\/wp\/v2\/product\/14308","targetHints":{"allow":["GET"]}}],"collection":[{"href":"https:\/\/mod.wisdar.net\/tr\/wp-json\/wp\/v2\/product"}],"about":[{"href":"https:\/\/mod.wisdar.net\/tr\/wp-json\/wp\/v2\/types\/product"}],"replies":[{"embeddable":true,"href":"https:\/\/mod.wisdar.net\/tr\/wp-json\/wp\/v2\/comments?post=14308"}],"wp:attachment":[{"href":"https:\/\/mod.wisdar.net\/tr\/wp-json\/wp\/v2\/media?parent=14308"}],"wp:term":[{"taxonomy":"product_brand","embeddable":true,"href":"https:\/\/mod.wisdar.net\/tr\/wp-json\/wp\/v2\/product_brand?post=14308"},{"taxonomy":"product_cat","embeddable":true,"href":"https:\/\/mod.wisdar.net\/tr\/wp-json\/wp\/v2\/product_cat?post=14308"},{"taxonomy":"product_tag","embeddable":true,"href":"https:\/\/mod.wisdar.net\/tr\/wp-json\/wp\/v2\/product_tag?post=14308"}],"curies":[{"name":"wp","href":"https:\/\/api.w.org\/{rel}","templated":true}]}}