{"id":143215,"date":"2026-02-20T18:56:27","date_gmt":"2026-02-20T18:56:27","guid":{"rendered":"https:\/\/modesthanim.com\/product\/ekru-fiyonk-detayli-kiz-bebek-babet\/"},"modified":"2026-04-13T07:01:23","modified_gmt":"2026-04-13T07:01:23","slug":"ekru-fiyonk-detayli-kiz-bebek-babet","status":"publish","type":"product","link":"https:\/\/mod.wisdar.net\/tr\/urun\/ekru-fiyonk-detayli-kiz-bebek-babet\/","title":{"rendered":"Ekru Fiyonk Detayl\u0131 K\u0131z Bebek Babet"},"content":{"rendered":"<p>LCW STEPS Ekru Fiyonk Detayl\u0131 K\u0131z Bebek Babet size \u00f6zel indirim, taksit ve kap\u0131da \u00f6deme avantajlar\u0131yla LCW&#8217;de! Hemen online al\u0131\u015fveri\u015f yap, \u00fcr\u00fcn kap\u0131na gelsin! \u2013 S6FR76Z1-EEW<\/p>\n<p>\u2014 Technical Details \u2014<br \/>\nMen\u015fei: Turk\u0131ye<br \/>\nSat\u0131c\u0131: LC Waikiki<br \/>\nMarka: LCW STEPS<br \/>\n\u00dcr\u00fcn Tipi: Babet<br \/>\nCinsiyet: K\u0131z Bebek<br \/>\nDesen: D\u00fcz<br \/>\nBurun \u015eekli: Oval Burun<br \/>\nAyakkab\u0131 Kapanma \u015eekli: Lastik<br \/>\nKuma\u015f: Suni Deri<br \/>\nKoleksiyon: 23 Nisan<\/p>\n","protected":false},"excerpt":{"rendered":"<p>LCW STEPS Ekru Fiyonk Detayl\u0131 K\u0131z Bebek Babet size \u00f6zel indirim, taksit ve kap\u0131da \u00f6deme avantajlar\u0131yla LCW&#8217;de! Hemen online al\u0131\u015fveri\u015f yap, \u00fcr\u00fcn kap\u0131na gelsin! \u2013 S6FR76Z1-EEW \u2014 Technical Details \u2014 Men\u015fei: Turk\u0131ye Sat\u0131c\u0131: LC Waikiki Marka: LCW STEPS \u00dcr\u00fcn Tipi: Babet Cinsiyet: K\u0131z Bebek Desen: D\u00fcz Burun \u015eekli: Oval Burun Ayakkab\u0131 Kapanma \u015eekli: Lastik Kuma\u015f: [&hellip;]<\/p>\n","protected":false},"featured_media":143210,"comment_status":"open","ping_status":"closed","template":"","meta":[],"product_brand":[],"product_cat":[8736,8715,8694],"product_tag":[9498,10363,5692,10387,9503,9490,9704],"class_list":{"0":"post-143215","1":"product","2":"type-product","3":"status-publish","4":"has-post-thumbnail","6":"product_cat-ayakkabilar","7":"product_cat-kiz-cocuklari-2-14-yas","8":"product_cat-cocuklar","9":"product_tag-baby-girl-shoes","10":"product_tag-ballet-flats","11":"product_tag-bow-detail","12":"product_tag-ecru-shoes","13":"product_tag-infant-footwear","14":"product_tag-lcw-steps","15":"product_tag-turkish-baby-fashion","16":"pa_brand-lcw-steps","17":"pa_color-ekru","18":"pa_size-10715","19":"pa_size-10720","20":"pa_size-10726","21":"pa_size-7851","22":"pa_size-10734","23":"pa_size-7843","24":"pa_size-10735","26":"first","27":"instock","28":"sale","29":"shipping-taxable","30":"purchasable","31":"product-type-variable"},"_links":{"self":[{"href":"https:\/\/mod.wisdar.net\/tr\/wp-json\/wp\/v2\/product\/143215","targetHints":{"allow":["GET"]}}],"collection":[{"href":"https:\/\/mod.wisdar.net\/tr\/wp-json\/wp\/v2\/product"}],"about":[{"href":"https:\/\/mod.wisdar.net\/tr\/wp-json\/wp\/v2\/types\/product"}],"replies":[{"embeddable":true,"href":"https:\/\/mod.wisdar.net\/tr\/wp-json\/wp\/v2\/comments?post=143215"}],"wp:featuredmedia":[{"embeddable":true,"href":"https:\/\/mod.wisdar.net\/tr\/wp-json\/wp\/v2\/media\/143210"}],"wp:attachment":[{"href":"https:\/\/mod.wisdar.net\/tr\/wp-json\/wp\/v2\/media?parent=143215"}],"wp:term":[{"taxonomy":"product_brand","embeddable":true,"href":"https:\/\/mod.wisdar.net\/tr\/wp-json\/wp\/v2\/product_brand?post=143215"},{"taxonomy":"product_cat","embeddable":true,"href":"https:\/\/mod.wisdar.net\/tr\/wp-json\/wp\/v2\/product_cat?post=143215"},{"taxonomy":"product_tag","embeddable":true,"href":"https:\/\/mod.wisdar.net\/tr\/wp-json\/wp\/v2\/product_tag?post=143215"}],"curies":[{"name":"wp","href":"https:\/\/api.w.org\/{rel}","templated":true}]}}