{"id":143321,"date":"2026-02-20T18:57:41","date_gmt":"2026-02-20T18:57:41","guid":{"rendered":"https:\/\/modesthanim.com\/product\/bej-lilo-ve-stitch-figurlu-kiz-bebek-spor-ayakkabi\/"},"modified":"2026-04-13T07:10:56","modified_gmt":"2026-04-13T07:10:56","slug":"bej-lilo-ve-stitch-figurlu-kiz-bebek-spor-ayakkabi","status":"publish","type":"product","link":"https:\/\/mod.wisdar.net\/tr\/urun\/bej-lilo-ve-stitch-figurlu-kiz-bebek-spor-ayakkabi\/","title":{"rendered":"Bej Lilo ve Stitch Fig\u00fcrl\u00fc K\u0131z Bebek Spor Ayakkab\u0131"},"content":{"rendered":"<p>LCW STEPS Bej Lilo ve Stitch Fig\u00fcrl\u00fc K\u0131z Bebek Spor Ayakkab\u0131 size \u00f6zel indirim, taksit ve kap\u0131da \u00f6deme avantajlar\u0131yla LCW&#8217;de! Hemen online al\u0131\u015fveri\u015f yap, \u00fcr\u00fcn kap\u0131na gelsin! \u2013 S6JU33Z1-ZVP<\/p>\n<p>\u2014 Technical Details \u2014<br \/>\nMen\u015fei: Turk\u0131ye<br \/>\nSat\u0131c\u0131: LC Waikiki<br \/>\nMarka: LCW STEPS<br \/>\n\u00dcr\u00fcn Tipi: Sneaker<br \/>\nCinsiyet: K\u0131z Bebek<br \/>\nDesen: Bask\u0131l\u0131<br \/>\nLisans: Lilo &amp; Stitch<br \/>\nBurun \u015eekli: Yuvarlak Burun<br \/>\nAyakkab\u0131 Kapanma \u015eekli: Ba\u011fc\u0131k ve C\u0131rt C\u0131rt<\/p>\n","protected":false},"excerpt":{"rendered":"<p>LCW STEPS Bej Lilo ve Stitch Fig\u00fcrl\u00fc K\u0131z Bebek Spor Ayakkab\u0131 size \u00f6zel indirim, taksit ve kap\u0131da \u00f6deme avantajlar\u0131yla LCW&#8217;de! Hemen online al\u0131\u015fveri\u015f yap, \u00fcr\u00fcn kap\u0131na gelsin! \u2013 S6JU33Z1-ZVP \u2014 Technical Details \u2014 Men\u015fei: Turk\u0131ye Sat\u0131c\u0131: LC Waikiki Marka: LCW STEPS \u00dcr\u00fcn Tipi: Sneaker Cinsiyet: K\u0131z Bebek Desen: Bask\u0131l\u0131 Lisans: Lilo &amp; Stitch Burun \u015eekli: [&hellip;]<\/p>\n","protected":false},"featured_media":143316,"comment_status":"open","ping_status":"closed","template":"","meta":[],"product_brand":[],"product_cat":[8736,8715,8694],"product_tag":[9483,10375,10365,10389,10390],"class_list":{"0":"post-143321","1":"product","2":"type-product","3":"status-publish","4":"has-post-thumbnail","6":"product_cat-ayakkabilar","7":"product_cat-kiz-cocuklari-2-14-yas","8":"product_cat-cocuklar","9":"product_tag-baby-shoes","10":"product_tag-beige-sneakers","11":"product_tag-girls-sneakers-2","12":"product_tag-lilo-stitch","13":"product_tag-printed-sneakers","14":"pa_brand-lcw-steps","15":"pa_color-bej","16":"pa_size-7843","17":"pa_size-10735","18":"pa_size-7841","19":"pa_size-7842","20":"pa_size-10738","21":"pa_size-7846","22":"pa_size-10739","24":"first","25":"instock","26":"sale","27":"shipping-taxable","28":"purchasable","29":"product-type-variable"},"_links":{"self":[{"href":"https:\/\/mod.wisdar.net\/tr\/wp-json\/wp\/v2\/product\/143321","targetHints":{"allow":["GET"]}}],"collection":[{"href":"https:\/\/mod.wisdar.net\/tr\/wp-json\/wp\/v2\/product"}],"about":[{"href":"https:\/\/mod.wisdar.net\/tr\/wp-json\/wp\/v2\/types\/product"}],"replies":[{"embeddable":true,"href":"https:\/\/mod.wisdar.net\/tr\/wp-json\/wp\/v2\/comments?post=143321"}],"wp:featuredmedia":[{"embeddable":true,"href":"https:\/\/mod.wisdar.net\/tr\/wp-json\/wp\/v2\/media\/143316"}],"wp:attachment":[{"href":"https:\/\/mod.wisdar.net\/tr\/wp-json\/wp\/v2\/media?parent=143321"}],"wp:term":[{"taxonomy":"product_brand","embeddable":true,"href":"https:\/\/mod.wisdar.net\/tr\/wp-json\/wp\/v2\/product_brand?post=143321"},{"taxonomy":"product_cat","embeddable":true,"href":"https:\/\/mod.wisdar.net\/tr\/wp-json\/wp\/v2\/product_cat?post=143321"},{"taxonomy":"product_tag","embeddable":true,"href":"https:\/\/mod.wisdar.net\/tr\/wp-json\/wp\/v2\/product_tag?post=143321"}],"curies":[{"name":"wp","href":"https:\/\/api.w.org\/{rel}","templated":true}]}}