{"id":143373,"date":"2026-02-20T18:59:34","date_gmt":"2026-02-20T18:59:34","guid":{"rendered":"https:\/\/modesthanim.com\/product\/sari-bagcik-ve-cirt-cirtli-erkek-bebek-spor-ayakkabi\/"},"modified":"2026-04-06T07:02:09","modified_gmt":"2026-04-06T07:02:09","slug":"sari-bagcik-ve-cirt-cirtli-erkek-bebek-spor-ayakkabi","status":"publish","type":"product","link":"https:\/\/mod.wisdar.net\/tr\/urun\/sari-bagcik-ve-cirt-cirtli-erkek-bebek-spor-ayakkabi\/","title":{"rendered":"Sar\u0131 Ba\u011fc\u0131k Ve C\u0131rt C\u0131rtl\u0131 Erkek Bebek Spor Ayakkab\u0131"},"content":{"rendered":"<p>LCW STEPS Sar\u0131 Ba\u011fc\u0131k ve C\u0131rt C\u0131rtl\u0131 Erkek Bebek Spor Ayakkab\u0131 size \u00f6zel indirim, taksit ve kap\u0131da \u00f6deme avantajlar\u0131yla LCW&#8217;de! Hemen online al\u0131\u015fveri\u015f yap, \u00fcr\u00fcn kap\u0131na gelsin! \u2013 S6I865Z1-DRN<\/p>\n<p>\u2014 Technical Details \u2014<br \/>\nMen\u015fei: Turk\u0131ye<br \/>\nSat\u0131c\u0131: LC Waikiki<br \/>\nMarka: LCW STEPS<br \/>\n\u00dcr\u00fcn Tipi: Sneaker<br \/>\nCinsiyet: Erkek Bebek<br \/>\nKuma\u015f: S\u00fcet G\u00f6r\u00fcn\u00fcml\u00fc<br \/>\nDesen: D\u00fcz<br \/>\nBurun \u015eekli: Yuvarlak Burun<br \/>\nAyakkab\u0131 Kapanma \u015eekli: Ba\u011fc\u0131k ve C\u0131rt C\u0131rt<br \/>\nKoleksiyon: 23 Nisan<\/p>\n","protected":false},"excerpt":{"rendered":"<p>LCW STEPS Sar\u0131 Ba\u011fc\u0131k ve C\u0131rt C\u0131rtl\u0131 Erkek Bebek Spor Ayakkab\u0131 size \u00f6zel indirim, taksit ve kap\u0131da \u00f6deme avantajlar\u0131yla LCW&#8217;de! Hemen online al\u0131\u015fveri\u015f yap, \u00fcr\u00fcn kap\u0131na gelsin! \u2013 S6I865Z1-DRN \u2014 Technical Details \u2014 Men\u015fei: Turk\u0131ye Sat\u0131c\u0131: LC Waikiki Marka: LCW STEPS \u00dcr\u00fcn Tipi: Sneaker Cinsiyet: Erkek Bebek Kuma\u015f: S\u00fcet G\u00f6r\u00fcn\u00fcml\u00fc Desen: D\u00fcz Burun \u015eekli: Yuvarlak [&hellip;]<\/p>\n","protected":false},"featured_media":143368,"comment_status":"open","ping_status":"closed","template":"","meta":[],"product_brand":[],"product_cat":[8760,8739,8694],"product_tag":[10391,10341,10393,9490,10378,10392],"class_list":{"0":"post-143373","1":"product","2":"type-product","3":"status-publish","4":"has-post-thumbnail","6":"product_cat-ayakkabilar","7":"product_cat-erkek-cocuklar-2-14-yas","8":"product_cat-cocuklar","9":"product_tag-baby-boy-sneakers","10":"product_tag-casual-footwear","11":"product_tag-lace-and-velcro-shoes","12":"product_tag-lcw-steps","13":"product_tag-toddler-shoes","14":"product_tag-yellow-sneakers","15":"pa_brand-lcw-steps","16":"pa_color-koyu-hardal","17":"pa_size-7851","18":"pa_size-10734","19":"pa_size-7843","20":"pa_size-10735","21":"pa_size-7841","22":"pa_size-7842","23":"pa_size-10738","24":"pa_size-7846","26":"first","27":"instock","28":"sale","29":"shipping-taxable","30":"purchasable","31":"product-type-variable"},"_links":{"self":[{"href":"https:\/\/mod.wisdar.net\/tr\/wp-json\/wp\/v2\/product\/143373","targetHints":{"allow":["GET"]}}],"collection":[{"href":"https:\/\/mod.wisdar.net\/tr\/wp-json\/wp\/v2\/product"}],"about":[{"href":"https:\/\/mod.wisdar.net\/tr\/wp-json\/wp\/v2\/types\/product"}],"replies":[{"embeddable":true,"href":"https:\/\/mod.wisdar.net\/tr\/wp-json\/wp\/v2\/comments?post=143373"}],"wp:featuredmedia":[{"embeddable":true,"href":"https:\/\/mod.wisdar.net\/tr\/wp-json\/wp\/v2\/media\/143368"}],"wp:attachment":[{"href":"https:\/\/mod.wisdar.net\/tr\/wp-json\/wp\/v2\/media?parent=143373"}],"wp:term":[{"taxonomy":"product_brand","embeddable":true,"href":"https:\/\/mod.wisdar.net\/tr\/wp-json\/wp\/v2\/product_brand?post=143373"},{"taxonomy":"product_cat","embeddable":true,"href":"https:\/\/mod.wisdar.net\/tr\/wp-json\/wp\/v2\/product_cat?post=143373"},{"taxonomy":"product_tag","embeddable":true,"href":"https:\/\/mod.wisdar.net\/tr\/wp-json\/wp\/v2\/product_tag?post=143373"}],"curies":[{"name":"wp","href":"https:\/\/api.w.org\/{rel}","templated":true}]}}