{"id":143462,"date":"2026-02-20T19:02:56","date_gmt":"2026-02-20T19:02:56","guid":{"rendered":"https:\/\/modesthanim.com\/product\/siyah-hot-wheels-baskili-erkek-bebek-spor-ayakkabi\/"},"modified":"2026-04-06T07:02:37","modified_gmt":"2026-04-06T07:02:37","slug":"siyah-hot-wheels-baskili-erkek-bebek-spor-ayakkabi","status":"publish","type":"product","link":"https:\/\/mod.wisdar.net\/tr\/urun\/siyah-hot-wheels-baskili-erkek-bebek-spor-ayakkabi\/","title":{"rendered":"Siyah Hot Wheels Bask\u0131l\u0131 Erkek Bebek Spor Ayakkab\u0131"},"content":{"rendered":"<p>LCW STEPS Siyah Hot Wheels Bask\u0131l\u0131 Erkek Bebek Spor Ayakkab\u0131 size \u00f6zel indirim, taksit ve kap\u0131da \u00f6deme avantajlar\u0131yla LCW&#8217;de! Hemen online al\u0131\u015fveri\u015f yap, \u00fcr\u00fcn kap\u0131na gelsin! \u2013 W5GS33Z1-HUC<\/p>\n<p>\u2014 Technical Details \u2014<br \/>\nMen\u015fei: Turk\u0131ye<br \/>\nSat\u0131c\u0131: LC Waikiki<br \/>\nMarka: LCW STEPS<br \/>\n\u00dcr\u00fcn Tipi: Sneaker<br \/>\nCinsiyet: Erkek Bebek<br \/>\nDesen: Bask\u0131l\u0131<br \/>\nLisans: Hot Wheels<br \/>\nBurun \u015eekli: Yuvarlak Burun<br \/>\nAyakkab\u0131 Kapanma \u015eekli: Ba\u011fc\u0131k ve C\u0131rt C\u0131rt<br \/>\nEk \u00d6zellik: I\u015f\u0131kl\u0131<\/p>\n","protected":false},"excerpt":{"rendered":"<p>LCW STEPS Siyah Hot Wheels Bask\u0131l\u0131 Erkek Bebek Spor Ayakkab\u0131 size \u00f6zel indirim, taksit ve kap\u0131da \u00f6deme avantajlar\u0131yla LCW&#8217;de! Hemen online al\u0131\u015fveri\u015f yap, \u00fcr\u00fcn kap\u0131na gelsin! \u2013 W5GS33Z1-HUC \u2014 Technical Details \u2014 Men\u015fei: Turk\u0131ye Sat\u0131c\u0131: LC Waikiki Marka: LCW STEPS \u00dcr\u00fcn Tipi: Sneaker Cinsiyet: Erkek Bebek Desen: Bask\u0131l\u0131 Lisans: Hot Wheels Burun \u015eekli: Yuvarlak Burun [&hellip;]<\/p>\n","protected":false},"featured_media":143443,"comment_status":"open","ping_status":"closed","template":"","meta":[],"product_brand":[],"product_cat":[8760,8739,8694],"product_tag":[9483,10395,8830,10397,10326,10398],"class_list":{"0":"post-143462","1":"product","2":"type-product","3":"status-publish","4":"has-post-thumbnail","6":"product_cat-ayakkabilar","7":"product_cat-erkek-cocuklar-2-14-yas","8":"product_cat-cocuklar","9":"product_tag-baby-shoes","10":"product_tag-boys-sneakers","11":"product_tag-hot-wheels","12":"product_tag-light-up-shoes","13":"product_tag-sports-shoes","14":"product_tag-toddler-footwear","15":"pa_brand-lcw-steps","16":"pa_color-siyah","17":"pa_size-10726","18":"pa_size-7851","19":"pa_size-10734","20":"pa_size-7843","21":"pa_size-10735","22":"pa_size-7841","24":"first","25":"instock","26":"sale","27":"shipping-taxable","28":"purchasable","29":"product-type-variable"},"_links":{"self":[{"href":"https:\/\/mod.wisdar.net\/tr\/wp-json\/wp\/v2\/product\/143462","targetHints":{"allow":["GET"]}}],"collection":[{"href":"https:\/\/mod.wisdar.net\/tr\/wp-json\/wp\/v2\/product"}],"about":[{"href":"https:\/\/mod.wisdar.net\/tr\/wp-json\/wp\/v2\/types\/product"}],"replies":[{"embeddable":true,"href":"https:\/\/mod.wisdar.net\/tr\/wp-json\/wp\/v2\/comments?post=143462"}],"wp:featuredmedia":[{"embeddable":true,"href":"https:\/\/mod.wisdar.net\/tr\/wp-json\/wp\/v2\/media\/143443"}],"wp:attachment":[{"href":"https:\/\/mod.wisdar.net\/tr\/wp-json\/wp\/v2\/media?parent=143462"}],"wp:term":[{"taxonomy":"product_brand","embeddable":true,"href":"https:\/\/mod.wisdar.net\/tr\/wp-json\/wp\/v2\/product_brand?post=143462"},{"taxonomy":"product_cat","embeddable":true,"href":"https:\/\/mod.wisdar.net\/tr\/wp-json\/wp\/v2\/product_cat?post=143462"},{"taxonomy":"product_tag","embeddable":true,"href":"https:\/\/mod.wisdar.net\/tr\/wp-json\/wp\/v2\/product_tag?post=143462"}],"curies":[{"name":"wp","href":"https:\/\/api.w.org\/{rel}","templated":true}]}}