{"id":14360,"date":"2025-11-01T22:03:14","date_gmt":"2025-11-01T22:03:14","guid":{"rendered":"https:\/\/modesthanim.com\/product\/yarim-patli-asimetrik-tunik-bej\/"},"modified":"2026-04-15T22:05:52","modified_gmt":"2026-04-15T22:05:52","slug":"yarim-patli-asimetrik-tunik-bej","status":"publish","type":"product","link":"https:\/\/mod.wisdar.net\/tr\/urun\/yarim-patli-asimetrik-tunik-bej\/","title":{"rendered":"Yar\u0131m Patl\u0131 Asimetrik Tunik \u2013 Bej"},"content":{"rendered":"<p>Yar\u0131m pat detay\u0131 ve asimetrik kesimiyle modern bir duru\u015f sergileyen bu tunik, sade \u015f\u0131kl\u0131\u011f\u0131yla \u00f6ne \u00e7\u0131kar. Hafif ve ak\u0131c\u0131 yap\u0131s\u0131yla g\u00fcn boyu konfor sunar. \u015eehirli ve dinamik stiller i\u00e7in ideal bir tamamlay\u0131c\u0131d\u0131r.<\/p>\n<p>Kuma\u015f \u0130\u00e7eri\u011fi: %63 Lyocell, %37 Viskon<br \/>\nDesen: D\u00fcz<br \/>\nYaka Tipi: Hakim Yaka<br \/>\nKol Tipi: D\u00fc\u015f\u00fck Kol<br \/>\nCep: Cepsiz<br \/>\nAstar: Astars\u0131z<br \/>\n\u00dcr\u00fcn Boyu: 90 cm<br \/>\nKal\u0131p Tipi: Rahat Kal\u0131p<br \/>\nMankenin Giydi\u011fi Beden: 38<\/p>\n<p>Manken \u00d6l\u00e7\u00fcleri:<br \/>\nBoy: 175 cm<br \/>\nG\u00f6\u011f\u00fcs: 80 cm<br \/>\nBel: 62 cm<br \/>\nBasen: 90 cm<\/p>\n<p>\u2014 Technical Details \u2014<br \/>\nDesen: D\u00fcz<br \/>\nYaka Tipi: Hakim Yaka<br \/>\nKol Tipi: D\u00fc\u015f\u00fck Kol<br \/>\nCep: Cepsiz<br \/>\nAstar: Astars\u0131z<br \/>\n\u00dcr\u00fcn Boyu: 90 cm<br \/>\nKal\u0131p Tipi: Rahat Kal\u0131p<br \/>\nMankenin Giydi\u011fi Beden: 38<br \/>\nManken \u00d6l\u00e7\u00fcleri: {&#8216;Boy&#8217;: &#8216;175 cm&#8217;, &#8216;G\u00f6\u011f\u00fcs&#8217;: &#8217;80 cm&#8217;, &#8216;Bel&#8217;: &#8217;62 cm&#8217;, &#8216;Basen&#8217;: &#8217;90 cm&#8217;}<\/p>\n","protected":false},"excerpt":{"rendered":"<p>Yar\u0131m pat detay\u0131 ve asimetrik kesimiyle modern bir duru\u015f sergileyen bu tunik, sade \u015f\u0131kl\u0131\u011f\u0131yla \u00f6ne \u00e7\u0131kar. Hafif ve ak\u0131c\u0131 yap\u0131s\u0131yla g\u00fcn boyu konfor sunar. \u015eehirli ve dinamik stiller i\u00e7in ideal bir tamamlay\u0131c\u0131d\u0131r. Kuma\u015f \u0130\u00e7eri\u011fi: %63 Lyocell, %37 Viskon Desen: D\u00fcz Yaka Tipi: Hakim Yaka Kol Tipi: D\u00fc\u015f\u00fck Kol Cep: Cepsiz Astar: Astars\u0131z \u00dcr\u00fcn Boyu: 90 [&hellip;]<\/p>\n","protected":false},"featured_media":0,"comment_status":"open","ping_status":"closed","template":"","meta":[],"product_brand":[],"product_cat":[1909],"product_tag":[5012,5013],"class_list":{"0":"post-14360","1":"product","2":"type-product","3":"status-publish","5":"product_cat-bluzlar-ve-gomlekler","6":"product_tag-elegant","7":"product_tag-modern","8":"pa_brand-tugba","9":"pa_color-bej","10":"pa_size-4706","11":"pa_size-4711","12":"pa_size-4713","13":"pa_size-4751","14":"pa_size-4749","15":"pa_size-4747","17":"first","18":"instock","19":"sale","20":"shipping-taxable","21":"purchasable","22":"product-type-variable"},"_links":{"self":[{"href":"https:\/\/mod.wisdar.net\/tr\/wp-json\/wp\/v2\/product\/14360","targetHints":{"allow":["GET"]}}],"collection":[{"href":"https:\/\/mod.wisdar.net\/tr\/wp-json\/wp\/v2\/product"}],"about":[{"href":"https:\/\/mod.wisdar.net\/tr\/wp-json\/wp\/v2\/types\/product"}],"replies":[{"embeddable":true,"href":"https:\/\/mod.wisdar.net\/tr\/wp-json\/wp\/v2\/comments?post=14360"}],"wp:attachment":[{"href":"https:\/\/mod.wisdar.net\/tr\/wp-json\/wp\/v2\/media?parent=14360"}],"wp:term":[{"taxonomy":"product_brand","embeddable":true,"href":"https:\/\/mod.wisdar.net\/tr\/wp-json\/wp\/v2\/product_brand?post=14360"},{"taxonomy":"product_cat","embeddable":true,"href":"https:\/\/mod.wisdar.net\/tr\/wp-json\/wp\/v2\/product_cat?post=14360"},{"taxonomy":"product_tag","embeddable":true,"href":"https:\/\/mod.wisdar.net\/tr\/wp-json\/wp\/v2\/product_tag?post=14360"}],"curies":[{"name":"wp","href":"https:\/\/api.w.org\/{rel}","templated":true}]}}