{"id":143636,"date":"2026-02-20T19:05:39","date_gmt":"2026-02-20T19:05:39","guid":{"rendered":"https:\/\/modesthanim.com\/product\/beyaz-bagcik-ve-cirt-cirtli-erkek-bebek-spor-ayakkabi\/"},"modified":"2026-03-30T06:51:31","modified_gmt":"2026-03-30T06:51:31","slug":"beyaz-bagcik-ve-cirt-cirtli-erkek-bebek-spor-ayakkabi","status":"publish","type":"product","link":"https:\/\/mod.wisdar.net\/tr\/urun\/beyaz-bagcik-ve-cirt-cirtli-erkek-bebek-spor-ayakkabi\/","title":{"rendered":"Beyaz Ba\u011fc\u0131k ve C\u0131rt C\u0131rtl\u0131 Erkek Bebek Spor Ayakkab\u0131"},"content":{"rendered":"<p>LCW STEPS Beyaz Ba\u011fc\u0131k ve C\u0131rt C\u0131rtl\u0131 Erkek Bebek Spor Ayakkab\u0131 size \u00f6zel indirim, taksit ve kap\u0131da \u00f6deme avantajlar\u0131yla LCW&#8217;de! Hemen online al\u0131\u015fveri\u015f yap, \u00fcr\u00fcn kap\u0131na gelsin! \u2013 S6II45Z1-Q6K<\/p>\n<p>\u2014 Technical Details \u2014<br \/>\nMen\u015fei: Turk\u0131ye<br \/>\nSat\u0131c\u0131: LC Waikiki<br \/>\nMarka: LCW STEPS<br \/>\n\u00dcr\u00fcn Tipi: Sneaker<br \/>\nCinsiyet: Erkek Bebek<br \/>\nDesen: D\u00fcz<br \/>\nBurun \u015eekli: Yuvarlak Burun<br \/>\nAyakkab\u0131 Kapanma \u015eekli: Ba\u011fc\u0131k ve C\u0131rt C\u0131rt<\/p>\n","protected":false},"excerpt":{"rendered":"<p>LCW STEPS Beyaz Ba\u011fc\u0131k ve C\u0131rt C\u0131rtl\u0131 Erkek Bebek Spor Ayakkab\u0131 size \u00f6zel indirim, taksit ve kap\u0131da \u00f6deme avantajlar\u0131yla LCW&#8217;de! Hemen online al\u0131\u015fveri\u015f yap, \u00fcr\u00fcn kap\u0131na gelsin! \u2013 S6II45Z1-Q6K \u2014 Technical Details \u2014 Men\u015fei: Turk\u0131ye Sat\u0131c\u0131: LC Waikiki Marka: LCW STEPS \u00dcr\u00fcn Tipi: Sneaker Cinsiyet: Erkek Bebek Desen: D\u00fcz Burun \u015eekli: Yuvarlak Burun Ayakkab\u0131 Kapanma [&hellip;]<\/p>\n","protected":false},"featured_media":143631,"comment_status":"open","ping_status":"closed","template":"","meta":[],"product_brand":[],"product_cat":[8760,8739,8694],"product_tag":[9483,10404,9492,10356,10398,10405],"class_list":{"0":"post-143636","1":"product","2":"type-product","3":"status-publish","4":"has-post-thumbnail","6":"product_cat-ayakkabilar","7":"product_cat-erkek-cocuklar-2-14-yas","8":"product_cat-cocuklar","9":"product_tag-baby-shoes","10":"product_tag-boy-sneakers","11":"product_tag-hook-and-loop-closure-2","12":"product_tag-lace-up-shoes","13":"product_tag-toddler-footwear","14":"product_tag-white-sneakers","15":"pa_brand-lcw-steps","16":"pa_color-beyaz","17":"pa_size-7851","18":"pa_size-10734","19":"pa_size-7843","20":"pa_size-10735","21":"pa_size-7841","22":"pa_size-7842","23":"pa_size-10738","24":"pa_size-7846","26":"first","27":"instock","28":"sale","29":"shipping-taxable","30":"purchasable","31":"product-type-variable"},"_links":{"self":[{"href":"https:\/\/mod.wisdar.net\/tr\/wp-json\/wp\/v2\/product\/143636","targetHints":{"allow":["GET"]}}],"collection":[{"href":"https:\/\/mod.wisdar.net\/tr\/wp-json\/wp\/v2\/product"}],"about":[{"href":"https:\/\/mod.wisdar.net\/tr\/wp-json\/wp\/v2\/types\/product"}],"replies":[{"embeddable":true,"href":"https:\/\/mod.wisdar.net\/tr\/wp-json\/wp\/v2\/comments?post=143636"}],"wp:featuredmedia":[{"embeddable":true,"href":"https:\/\/mod.wisdar.net\/tr\/wp-json\/wp\/v2\/media\/143631"}],"wp:attachment":[{"href":"https:\/\/mod.wisdar.net\/tr\/wp-json\/wp\/v2\/media?parent=143636"}],"wp:term":[{"taxonomy":"product_brand","embeddable":true,"href":"https:\/\/mod.wisdar.net\/tr\/wp-json\/wp\/v2\/product_brand?post=143636"},{"taxonomy":"product_cat","embeddable":true,"href":"https:\/\/mod.wisdar.net\/tr\/wp-json\/wp\/v2\/product_cat?post=143636"},{"taxonomy":"product_tag","embeddable":true,"href":"https:\/\/mod.wisdar.net\/tr\/wp-json\/wp\/v2\/product_tag?post=143636"}],"curies":[{"name":"wp","href":"https:\/\/api.w.org\/{rel}","templated":true}]}}