{"id":143689,"date":"2026-02-20T19:09:02","date_gmt":"2026-02-20T19:09:02","guid":{"rendered":"https:\/\/modesthanim.com\/product\/haki-file-detayli-erkek-cocuk-spor-ayakkabi\/"},"modified":"2026-03-03T07:50:25","modified_gmt":"2026-03-03T07:50:25","slug":"haki-file-detayli-erkek-cocuk-spor-ayakkabi","status":"publish","type":"product","link":"https:\/\/mod.wisdar.net\/tr\/urun\/haki-file-detayli-erkek-cocuk-spor-ayakkabi\/","title":{"rendered":"Haki File Detayl\u0131 Erkek \u00c7ocuk Spor Ayakkab\u0131"},"content":{"rendered":"<p>LCW STEPS Haki File Detayl\u0131 Erkek \u00c7ocuk Spor Ayakkab\u0131 size \u00f6zel indirim, taksit ve kap\u0131da \u00f6deme avantajlar\u0131yla LCW&#8217;de! Hemen online al\u0131\u015fveri\u015f yap, \u00fcr\u00fcn kap\u0131na gelsin! \u2013 S6FH91Z4-CRR<\/p>\n<p>\u2014 Technical Details \u2014<br \/>\nMen\u015fei: Turk\u0131ye<br \/>\nSat\u0131c\u0131: LC Waikiki<br \/>\nMarka: LCW STEPS<br \/>\n\u00dcr\u00fcn Tipi: Sneaker<br \/>\nCinsiyet: Erkek \u00c7ocuk<br \/>\nKuma\u015f: File<br \/>\nDesen: Bask\u0131l\u0131<br \/>\nBurun \u015eekli: Yuvarlak Burun<br \/>\nAyakkab\u0131 Kapanma \u015eekli: Ba\u011fc\u0131k<\/p>\n","protected":false},"excerpt":{"rendered":"<p>LCW STEPS Haki File Detayl\u0131 Erkek \u00c7ocuk Spor Ayakkab\u0131 size \u00f6zel indirim, taksit ve kap\u0131da \u00f6deme avantajlar\u0131yla LCW&#8217;de! Hemen online al\u0131\u015fveri\u015f yap, \u00fcr\u00fcn kap\u0131na gelsin! \u2013 S6FH91Z4-CRR \u2014 Technical Details \u2014 Men\u015fei: Turk\u0131ye Sat\u0131c\u0131: LC Waikiki Marka: LCW STEPS \u00dcr\u00fcn Tipi: Sneaker Cinsiyet: Erkek \u00c7ocuk Kuma\u015f: File Desen: Bask\u0131l\u0131 Burun \u015eekli: Yuvarlak Burun Ayakkab\u0131 Kapanma [&hellip;]<\/p>\n","protected":false},"featured_media":143681,"comment_status":"open","ping_status":"closed","template":"","meta":[],"product_brand":[],"product_cat":[8760,8739,8694],"product_tag":[7700],"class_list":{"0":"post-143689","1":"product","2":"type-product","3":"status-publish","4":"has-post-thumbnail","6":"product_cat-ayakkabilar","7":"product_cat-erkek-cocuklar-2-14-yas","8":"product_cat-cocuklar","9":"product_tag-lc-waikiki","10":"pa_color-haki","11":"pa_size-7846","12":"pa_size-10739","13":"pa_size-4698","14":"pa_size-10742","15":"pa_size-4701","16":"pa_size-10745","17":"pa_size-4706","19":"first","20":"instock","21":"sale","22":"shipping-taxable","23":"purchasable","24":"product-type-variable"},"_links":{"self":[{"href":"https:\/\/mod.wisdar.net\/tr\/wp-json\/wp\/v2\/product\/143689","targetHints":{"allow":["GET"]}}],"collection":[{"href":"https:\/\/mod.wisdar.net\/tr\/wp-json\/wp\/v2\/product"}],"about":[{"href":"https:\/\/mod.wisdar.net\/tr\/wp-json\/wp\/v2\/types\/product"}],"replies":[{"embeddable":true,"href":"https:\/\/mod.wisdar.net\/tr\/wp-json\/wp\/v2\/comments?post=143689"}],"wp:featuredmedia":[{"embeddable":true,"href":"https:\/\/mod.wisdar.net\/tr\/wp-json\/wp\/v2\/media\/143681"}],"wp:attachment":[{"href":"https:\/\/mod.wisdar.net\/tr\/wp-json\/wp\/v2\/media?parent=143689"}],"wp:term":[{"taxonomy":"product_brand","embeddable":true,"href":"https:\/\/mod.wisdar.net\/tr\/wp-json\/wp\/v2\/product_brand?post=143689"},{"taxonomy":"product_cat","embeddable":true,"href":"https:\/\/mod.wisdar.net\/tr\/wp-json\/wp\/v2\/product_cat?post=143689"},{"taxonomy":"product_tag","embeddable":true,"href":"https:\/\/mod.wisdar.net\/tr\/wp-json\/wp\/v2\/product_tag?post=143689"}],"curies":[{"name":"wp","href":"https:\/\/api.w.org\/{rel}","templated":true}]}}