{"id":143786,"date":"2026-02-20T19:10:51","date_gmt":"2026-02-20T19:10:51","guid":{"rendered":"https:\/\/modesthanim.com\/product\/siyah-hot-wheels-baskili-erkek-cocuk-spor-ayakkabi\/"},"modified":"2026-04-06T07:10:52","modified_gmt":"2026-04-06T07:10:52","slug":"siyah-hot-wheels-baskili-erkek-cocuk-spor-ayakkabi","status":"publish","type":"product","link":"https:\/\/mod.wisdar.net\/tr\/urun\/siyah-hot-wheels-baskili-erkek-cocuk-spor-ayakkabi\/","title":{"rendered":"Siyah Hot Wheels Bask\u0131l\u0131 Erkek \u00c7ocuk Spor Ayakkab\u0131"},"content":{"rendered":"<p>LCW STEPS Siyah Hot Wheels Bask\u0131l\u0131 Erkek \u00c7ocuk Spor Ayakkab\u0131 size \u00f6zel indirim, taksit ve kap\u0131da \u00f6deme avantajlar\u0131yla LCW&#8217;de! Hemen online al\u0131\u015fveri\u015f yap, \u00fcr\u00fcn kap\u0131na gelsin! \u2013 W5LC67Z4-RQL<\/p>\n<p>\u2014 Technical Details \u2014<br \/>\nMen\u015fei: Turk\u0131ye<br \/>\nSat\u0131c\u0131: LC Waikiki<br \/>\nMarka: LCW STEPS<br \/>\n\u00dcr\u00fcn Tipi: Sneaker<br \/>\nCinsiyet: Erkek \u00c7ocuk<br \/>\nDesen: Bask\u0131l\u0131<br \/>\nLisans: Hot Wheels<br \/>\nBurun \u015eekli: Yuvarlak Burun<br \/>\nAyakkab\u0131 Kapanma \u015eekli: Ba\u011fc\u0131k<\/p>\n","protected":false},"excerpt":{"rendered":"<p>LCW STEPS Siyah Hot Wheels Bask\u0131l\u0131 Erkek \u00c7ocuk Spor Ayakkab\u0131 size \u00f6zel indirim, taksit ve kap\u0131da \u00f6deme avantajlar\u0131yla LCW&#8217;de! Hemen online al\u0131\u015fveri\u015f yap, \u00fcr\u00fcn kap\u0131na gelsin! \u2013 W5LC67Z4-RQL \u2014 Technical Details \u2014 Men\u015fei: Turk\u0131ye Sat\u0131c\u0131: LC Waikiki Marka: LCW STEPS \u00dcr\u00fcn Tipi: Sneaker Cinsiyet: Erkek \u00c7ocuk Desen: Bask\u0131l\u0131 Lisans: Hot Wheels Burun \u015eekli: Yuvarlak Burun [&hellip;]<\/p>\n","protected":false},"featured_media":143781,"comment_status":"open","ping_status":"closed","template":"","meta":[],"product_brand":[],"product_cat":[8760,8739,8694],"product_tag":[9507,10359,8830,10356,9490,10390,9497,10326],"class_list":{"0":"post-143786","1":"product","2":"type-product","3":"status-publish","4":"has-post-thumbnail","6":"product_cat-ayakkabilar","7":"product_cat-erkek-cocuklar-2-14-yas","8":"product_cat-cocuklar","9":"product_tag-boys-shoes","10":"product_tag-childrens-footwear","11":"product_tag-hot-wheels","12":"product_tag-lace-up-shoes","13":"product_tag-lcw-steps","14":"product_tag-printed-sneakers","15":"product_tag-sneakers","16":"product_tag-sports-shoes","17":"pa_brand-lcw-steps","18":"pa_color-siyah","19":"pa_size-7842","20":"pa_size-10738","21":"pa_size-7846","22":"pa_size-10739","23":"pa_size-4698","24":"pa_size-10742","25":"pa_size-4701","27":"first","28":"instock","29":"sale","30":"shipping-taxable","31":"purchasable","32":"product-type-variable"},"_links":{"self":[{"href":"https:\/\/mod.wisdar.net\/tr\/wp-json\/wp\/v2\/product\/143786","targetHints":{"allow":["GET"]}}],"collection":[{"href":"https:\/\/mod.wisdar.net\/tr\/wp-json\/wp\/v2\/product"}],"about":[{"href":"https:\/\/mod.wisdar.net\/tr\/wp-json\/wp\/v2\/types\/product"}],"replies":[{"embeddable":true,"href":"https:\/\/mod.wisdar.net\/tr\/wp-json\/wp\/v2\/comments?post=143786"}],"wp:featuredmedia":[{"embeddable":true,"href":"https:\/\/mod.wisdar.net\/tr\/wp-json\/wp\/v2\/media\/143781"}],"wp:attachment":[{"href":"https:\/\/mod.wisdar.net\/tr\/wp-json\/wp\/v2\/media?parent=143786"}],"wp:term":[{"taxonomy":"product_brand","embeddable":true,"href":"https:\/\/mod.wisdar.net\/tr\/wp-json\/wp\/v2\/product_brand?post=143786"},{"taxonomy":"product_cat","embeddable":true,"href":"https:\/\/mod.wisdar.net\/tr\/wp-json\/wp\/v2\/product_cat?post=143786"},{"taxonomy":"product_tag","embeddable":true,"href":"https:\/\/mod.wisdar.net\/tr\/wp-json\/wp\/v2\/product_tag?post=143786"}],"curies":[{"name":"wp","href":"https:\/\/api.w.org\/{rel}","templated":true}]}}