{"id":143990,"date":"2026-02-20T21:54:13","date_gmt":"2026-02-20T21:54:13","guid":{"rendered":"https:\/\/modesthanim.com\/product\/kova-canta-siyah\/"},"modified":"2026-03-30T05:41:15","modified_gmt":"2026-03-30T05:41:15","slug":"kova-canta-siyah","status":"publish","type":"product","link":"https:\/\/mod.wisdar.net\/tr\/urun\/kova-canta-siyah\/","title":{"rendered":"Kova \u00c7anta \u2013 Siyah"},"content":{"rendered":"<p>Ak\u0131c\u0131 formu ve fonksiyonel yap\u0131s\u0131yla g\u00fcnl\u00fck stilin modern tamamlay\u0131c\u0131s\u0131.<br \/>\nMateryal: Suni Deri<br \/>\nDesen: D\u00fcz<br \/>\n\u00d6l\u00e7\u00fcler: 21 x 26 cm<br \/>\nAstar: Astarl\u0131<br \/>\nD\u0131\u015f Detaylar: Ayarlanabilir uzun ask\u0131<\/p>\n","protected":false},"excerpt":{"rendered":"<p>Ak\u0131c\u0131 formu ve fonksiyonel yap\u0131s\u0131yla g\u00fcnl\u00fck stilin modern tamamlay\u0131c\u0131s\u0131. Materyal: Suni Deri Desen: D\u00fcz \u00d6l\u00e7\u00fcler: 21 x 26 cm Astar: Astarl\u0131 D\u0131\u015f Detaylar: Ayarlanabilir uzun ask\u0131<\/p>\n","protected":false},"featured_media":143982,"comment_status":"open","ping_status":"closed","template":"","meta":[],"product_brand":[],"product_cat":[6960,6957],"product_tag":[],"class_list":{"0":"post-143990","1":"product","2":"type-product","3":"status-publish","4":"has-post-thumbnail","6":"product_cat-cantalar","7":"product_cat-cantalar-el-cantalari","8":"pa_brand-tugba","9":"pa_color-siyah","10":"pa_size-std","12":"first","13":"instock","14":"sale","15":"shipping-taxable","16":"purchasable","17":"product-type-variable"},"_links":{"self":[{"href":"https:\/\/mod.wisdar.net\/tr\/wp-json\/wp\/v2\/product\/143990","targetHints":{"allow":["GET"]}}],"collection":[{"href":"https:\/\/mod.wisdar.net\/tr\/wp-json\/wp\/v2\/product"}],"about":[{"href":"https:\/\/mod.wisdar.net\/tr\/wp-json\/wp\/v2\/types\/product"}],"replies":[{"embeddable":true,"href":"https:\/\/mod.wisdar.net\/tr\/wp-json\/wp\/v2\/comments?post=143990"}],"wp:featuredmedia":[{"embeddable":true,"href":"https:\/\/mod.wisdar.net\/tr\/wp-json\/wp\/v2\/media\/143982"}],"wp:attachment":[{"href":"https:\/\/mod.wisdar.net\/tr\/wp-json\/wp\/v2\/media?parent=143990"}],"wp:term":[{"taxonomy":"product_brand","embeddable":true,"href":"https:\/\/mod.wisdar.net\/tr\/wp-json\/wp\/v2\/product_brand?post=143990"},{"taxonomy":"product_cat","embeddable":true,"href":"https:\/\/mod.wisdar.net\/tr\/wp-json\/wp\/v2\/product_cat?post=143990"},{"taxonomy":"product_tag","embeddable":true,"href":"https:\/\/mod.wisdar.net\/tr\/wp-json\/wp\/v2\/product_tag?post=143990"}],"curies":[{"name":"wp","href":"https:\/\/api.w.org\/{rel}","templated":true}]}}