{"id":143994,"date":"2026-02-20T21:54:16","date_gmt":"2026-02-20T21:54:16","guid":{"rendered":"https:\/\/modesthanim.com\/product\/kova-canta-bordo\/"},"modified":"2026-02-20T21:54:44","modified_gmt":"2026-02-20T21:54:44","slug":"kova-canta-bordo","status":"publish","type":"product","link":"https:\/\/mod.wisdar.net\/tr\/urun\/kova-canta-bordo\/","title":{"rendered":"Kova \u00c7anta \u2013 Bordo"},"content":{"rendered":"<p>Ak\u0131c\u0131 formu ve fonksiyonel yap\u0131s\u0131yla g\u00fcnl\u00fck stilin modern tamamlay\u0131c\u0131s\u0131.<br \/>\nMateryal: Suni Deri<br \/>\nDesen: D\u00fcz<br \/>\n\u00d6l\u00e7\u00fcler: 21 x 26 cm<br \/>\nAstar: Astarl\u0131<br \/>\nD\u0131\u015f Detaylar: Ayarlanabilir uzun ask\u0131<\/p>\n<p>\u2014 Teknik Detaylar \u2014<br \/>\nDesen: D\u00fcz<br \/>\n\u00d6l\u00e7\u00fcler: 21 x 26 cm<br \/>\nAstar: Astarl\u0131<br \/>\nD\u0131\u015f Detaylar: Ayarlanabilir uzun ask\u0131<\/p>\n","protected":false},"excerpt":{"rendered":"<p>Ak\u0131c\u0131 formu ve fonksiyonel yap\u0131s\u0131yla g\u00fcnl\u00fck stilin modern tamamlay\u0131c\u0131s\u0131. Materyal: Suni Deri Desen: D\u00fcz \u00d6l\u00e7\u00fcler: 21 x 26 cm Astar: Astarl\u0131 D\u0131\u015f Detaylar: Ayarlanabilir uzun ask\u0131 \u2014 Teknik Detaylar \u2014 Desen: D\u00fcz \u00d6l\u00e7\u00fcler: 21 x 26 cm Astar: Astarl\u0131 D\u0131\u015f Detaylar: Ayarlanabilir uzun ask\u0131<\/p>\n","protected":false},"featured_media":143985,"comment_status":"open","ping_status":"closed","template":"","meta":[],"product_brand":[],"product_cat":[6960,6957],"product_tag":[],"class_list":{"0":"post-143994","1":"product","2":"type-product","3":"status-publish","4":"has-post-thumbnail","6":"product_cat-cantalar","7":"product_cat-cantalar-el-cantalari","8":"pa_color-bordo","9":"pa_size-std","11":"first","12":"instock","13":"sale","14":"shipping-taxable","15":"purchasable","16":"product-type-variable"},"_links":{"self":[{"href":"https:\/\/mod.wisdar.net\/tr\/wp-json\/wp\/v2\/product\/143994","targetHints":{"allow":["GET"]}}],"collection":[{"href":"https:\/\/mod.wisdar.net\/tr\/wp-json\/wp\/v2\/product"}],"about":[{"href":"https:\/\/mod.wisdar.net\/tr\/wp-json\/wp\/v2\/types\/product"}],"replies":[{"embeddable":true,"href":"https:\/\/mod.wisdar.net\/tr\/wp-json\/wp\/v2\/comments?post=143994"}],"wp:featuredmedia":[{"embeddable":true,"href":"https:\/\/mod.wisdar.net\/tr\/wp-json\/wp\/v2\/media\/143985"}],"wp:attachment":[{"href":"https:\/\/mod.wisdar.net\/tr\/wp-json\/wp\/v2\/media?parent=143994"}],"wp:term":[{"taxonomy":"product_brand","embeddable":true,"href":"https:\/\/mod.wisdar.net\/tr\/wp-json\/wp\/v2\/product_brand?post=143994"},{"taxonomy":"product_cat","embeddable":true,"href":"https:\/\/mod.wisdar.net\/tr\/wp-json\/wp\/v2\/product_cat?post=143994"},{"taxonomy":"product_tag","embeddable":true,"href":"https:\/\/mod.wisdar.net\/tr\/wp-json\/wp\/v2\/product_tag?post=143994"}],"curies":[{"name":"wp","href":"https:\/\/api.w.org\/{rel}","templated":true}]}}