{"id":14403,"date":"2025-11-01T22:04:20","date_gmt":"2025-11-01T22:04:20","guid":{"rendered":"https:\/\/modesthanim.com\/product\/islemeli-cizgili-tunik-leylak\/"},"modified":"2026-04-02T21:22:27","modified_gmt":"2026-04-02T21:22:27","slug":"islemeli-cizgili-tunik-leylak","status":"publish","type":"product","link":"https:\/\/mod.wisdar.net\/tr\/urun\/islemeli-cizgili-tunik-leylak\/","title":{"rendered":"\u0130\u015flemeli \u00c7izgili Tunik \u2013 Leylak"},"content":{"rendered":"<p>Bu tunik, zarif i\u015flemeleri ve modern \u00e7izgili deseni ile dikkat \u00e7eker, stil ve konforu bir arada sunar. \u0130\u015fleme detaylar\u0131 narin ve sofistike bir dokunu\u015f katarken, ak\u0131c\u0131 kesimi g\u00fcn boyu rahatl\u0131k sa\u011flar.<\/p>\n<p>\u2014 Teknik Detaylar \u2014<br \/>\nDesen: D\u00fcz<br \/>\nYaka Tipi: G\u00f6mlek Yakas\u0131<br \/>\nKol Tipi: Uzun Kol<br \/>\nCep: Cepsiz<br \/>\nAstar: Astars\u0131z<br \/>\n\u00dcr\u00fcn Uzunlu\u011fu: 85 cm<br \/>\nKal\u0131p: Normal Kal\u0131p<br \/>\nModelin Giydi\u011fi Beden: 38<br \/>\nModel \u00d6l\u00e7\u00fcleri: {&#8216;Boy&#8217;: &#8216;176 cm&#8217;, &#8216;G\u00f6\u011f\u00fcs&#8217;: &#8217;86 cm&#8217;, &#8216;Bel&#8217;: &#8217;61 cm&#8217;, &#8216;Kal\u00e7a&#8217;: &#8217;80 cm&#8217;}<\/p>\n","protected":false},"excerpt":{"rendered":"<p>Bu tunik, zarif i\u015flemeleri ve modern \u00e7izgili deseni ile dikkat \u00e7eker, stil ve konforu bir arada sunar. \u0130\u015fleme detaylar\u0131 narin ve sofistike bir dokunu\u015f katarken, ak\u0131c\u0131 kesimi g\u00fcn boyu rahatl\u0131k sa\u011flar. \u2014 Teknik Detaylar \u2014 Desen: D\u00fcz Yaka Tipi: G\u00f6mlek Yakas\u0131 Kol Tipi: Uzun Kol Cep: Cepsiz Astar: Astars\u0131z \u00dcr\u00fcn Uzunlu\u011fu: 85 cm Kal\u0131p: Normal [&hellip;]<\/p>\n","protected":false},"featured_media":0,"comment_status":"open","ping_status":"closed","template":"","meta":[],"product_brand":[],"product_cat":[1909],"product_tag":[7912,7053],"class_list":{"0":"post-14403","1":"product","2":"type-product","3":"status-publish","5":"product_cat-bluzlar-ve-gomlekler","6":"product_tag-cizgili","7":"product_tag-lila","8":"pa_brand-tugba","9":"pa_color-lila","10":"pa_size-4706","11":"pa_size-4711","12":"pa_size-4713","13":"pa_size-4751","15":"first","16":"instock","17":"sale","18":"shipping-taxable","19":"purchasable","20":"product-type-variable"},"_links":{"self":[{"href":"https:\/\/mod.wisdar.net\/tr\/wp-json\/wp\/v2\/product\/14403","targetHints":{"allow":["GET"]}}],"collection":[{"href":"https:\/\/mod.wisdar.net\/tr\/wp-json\/wp\/v2\/product"}],"about":[{"href":"https:\/\/mod.wisdar.net\/tr\/wp-json\/wp\/v2\/types\/product"}],"replies":[{"embeddable":true,"href":"https:\/\/mod.wisdar.net\/tr\/wp-json\/wp\/v2\/comments?post=14403"}],"wp:attachment":[{"href":"https:\/\/mod.wisdar.net\/tr\/wp-json\/wp\/v2\/media?parent=14403"}],"wp:term":[{"taxonomy":"product_brand","embeddable":true,"href":"https:\/\/mod.wisdar.net\/tr\/wp-json\/wp\/v2\/product_brand?post=14403"},{"taxonomy":"product_cat","embeddable":true,"href":"https:\/\/mod.wisdar.net\/tr\/wp-json\/wp\/v2\/product_cat?post=14403"},{"taxonomy":"product_tag","embeddable":true,"href":"https:\/\/mod.wisdar.net\/tr\/wp-json\/wp\/v2\/product_tag?post=14403"}],"curies":[{"name":"wp","href":"https:\/\/api.w.org\/{rel}","templated":true}]}}