{"id":144030,"date":"2026-02-20T21:55:44","date_gmt":"2026-02-20T21:55:44","guid":{"rendered":"https:\/\/modesthanim.com\/product\/askisi-kemerli-suet-canta-tutun\/"},"modified":"2026-04-06T05:51:40","modified_gmt":"2026-04-06T05:51:40","slug":"askisi-kemerli-suet-canta-tutun","status":"publish","type":"product","link":"https:\/\/mod.wisdar.net\/tr\/urun\/askisi-kemerli-suet-canta-tutun\/","title":{"rendered":"Ask\u0131s\u0131 Kemerli S\u00fcet \u00c7anta \u2013 T\u00fct\u00fcn"},"content":{"rendered":"<p>Ask\u0131s\u0131 kemer detayl\u0131 s\u00fcet \u00e7anta, yumu\u015fak dokulu s\u00fceti ve g\u00fc\u00e7l\u00fc ask\u0131 tasar\u0131m\u0131yla \u00f6ne \u00e7\u0131kar. Kemer formundaki ask\u0131, modele karakter kazand\u0131r\u0131rken ayn\u0131 zamanda rahat ve dengeli bir ta\u015f\u0131ma sa\u011flar.<br \/>\nMateryal: Suni Deri<br \/>\nDesen: D\u00fcz<br \/>\n\u00d6l\u00e7\u00fcler: 17 x 26 cm<br \/>\nAstar: Astarl\u0131<\/p>\n<p>\u2014 Technical Details \u2014<br \/>\nDesen: D\u00fcz<br \/>\n\u00d6l\u00e7\u00fcler: 17 x 26 cm<br \/>\nAstar: Astarl\u0131<\/p>\n","protected":false},"excerpt":{"rendered":"<p>Ask\u0131s\u0131 kemer detayl\u0131 s\u00fcet \u00e7anta, yumu\u015fak dokulu s\u00fceti ve g\u00fc\u00e7l\u00fc ask\u0131 tasar\u0131m\u0131yla \u00f6ne \u00e7\u0131kar. Kemer formundaki ask\u0131, modele karakter kazand\u0131r\u0131rken ayn\u0131 zamanda rahat ve dengeli bir ta\u015f\u0131ma sa\u011flar. Materyal: Suni Deri Desen: D\u00fcz \u00d6l\u00e7\u00fcler: 17 x 26 cm Astar: Astarl\u0131 \u2014 Technical Details \u2014 Desen: D\u00fcz \u00d6l\u00e7\u00fcler: 17 x 26 cm Astar: Astarl\u0131<\/p>\n","protected":false},"featured_media":144023,"comment_status":"open","ping_status":"closed","template":"","meta":[],"product_brand":[],"product_cat":[6960,6957],"product_tag":[8358,7100],"class_list":{"0":"post-144030","1":"product","2":"type-product","3":"status-publish","4":"has-post-thumbnail","6":"product_cat-cantalar","7":"product_cat-cantalar-el-cantalari","8":"product_tag-suet-el-cantasi","9":"product_tag-suni-deri-2","10":"pa_brand-tugba","11":"pa_color-kahve","12":"pa_size-std","14":"first","15":"outofstock","16":"shipping-taxable","17":"product-type-variable"},"_links":{"self":[{"href":"https:\/\/mod.wisdar.net\/tr\/wp-json\/wp\/v2\/product\/144030","targetHints":{"allow":["GET"]}}],"collection":[{"href":"https:\/\/mod.wisdar.net\/tr\/wp-json\/wp\/v2\/product"}],"about":[{"href":"https:\/\/mod.wisdar.net\/tr\/wp-json\/wp\/v2\/types\/product"}],"replies":[{"embeddable":true,"href":"https:\/\/mod.wisdar.net\/tr\/wp-json\/wp\/v2\/comments?post=144030"}],"wp:featuredmedia":[{"embeddable":true,"href":"https:\/\/mod.wisdar.net\/tr\/wp-json\/wp\/v2\/media\/144023"}],"wp:attachment":[{"href":"https:\/\/mod.wisdar.net\/tr\/wp-json\/wp\/v2\/media?parent=144030"}],"wp:term":[{"taxonomy":"product_brand","embeddable":true,"href":"https:\/\/mod.wisdar.net\/tr\/wp-json\/wp\/v2\/product_brand?post=144030"},{"taxonomy":"product_cat","embeddable":true,"href":"https:\/\/mod.wisdar.net\/tr\/wp-json\/wp\/v2\/product_cat?post=144030"},{"taxonomy":"product_tag","embeddable":true,"href":"https:\/\/mod.wisdar.net\/tr\/wp-json\/wp\/v2\/product_tag?post=144030"}],"curies":[{"name":"wp","href":"https:\/\/api.w.org\/{rel}","templated":true}]}}