{"id":144052,"date":"2026-02-20T21:55:54","date_gmt":"2026-02-20T21:55:54","guid":{"rendered":"https:\/\/modesthanim.com\/product\/cam-kirigi-desenli-kapitone-yelek-siyah\/"},"modified":"2026-04-13T06:13:31","modified_gmt":"2026-04-13T06:13:31","slug":"cam-kirigi-desenli-kapitone-yelek-siyah","status":"publish","type":"product","link":"https:\/\/mod.wisdar.net\/tr\/urun\/cam-kirigi-desenli-kapitone-yelek-siyah\/","title":{"rendered":"Cam K\u0131r\u0131\u011f\u0131 Desenli Kapitone Yelek \u2013 Siyah"},"content":{"rendered":"<p>Kapitone y\u00fczeyindeki cam k\u0131r\u0131\u011f\u0131 efektli desenlerle tasar\u0131ma dinamik bir karakter kazand\u0131ran bu yelek, sade formuyla \u015fehir stiline modern bir \u015f\u0131kl\u0131k sunar.<br \/>\nKuma\u015f \u0130\u00e7eri\u011fi: %100 Polyester<br \/>\nDesen: Cam K\u0131r\u0131\u011f\u0131 Desen<br \/>\nYaka Tipi: Dik Yaka \u2013 \u00c7\u0131kar\u0131labilir Kap\u00fc\u015fon Yaka<br \/>\nKol Tipi: S\u0131f\u0131r Kol<br \/>\nCep: Fermuarl\u0131 Cep<br \/>\nAstar: Astarl\u0131<br \/>\n\u00dcr\u00fcn Boyu: 105 cm<br \/>\nKal\u0131p Tipi: Normal Kal\u0131p<br \/>\nManken \u00d6l\u00e7\u00fcleri:Boy: 176 cmG\u00f6\u011f\u00fcs: 78 cmBel: 59 cmBasen: 88 cm<br \/>\nMankenin Giydi\u011fi Beden: 38<\/p>\n","protected":false},"excerpt":{"rendered":"<p>Kapitone y\u00fczeyindeki cam k\u0131r\u0131\u011f\u0131 efektli desenlerle tasar\u0131ma dinamik bir karakter kazand\u0131ran bu yelek, sade formuyla \u015fehir stiline modern bir \u015f\u0131kl\u0131k sunar. Kuma\u015f \u0130\u00e7eri\u011fi: %100 Polyester Desen: Cam K\u0131r\u0131\u011f\u0131 Desen Yaka Tipi: Dik Yaka \u2013 \u00c7\u0131kar\u0131labilir Kap\u00fc\u015fon Yaka Kol Tipi: S\u0131f\u0131r Kol Cep: Fermuarl\u0131 Cep Astar: Astarl\u0131 \u00dcr\u00fcn Boyu: 105 cm Kal\u0131p Tipi: Normal Kal\u0131p Manken [&hellip;]<\/p>\n","protected":false},"featured_media":144047,"comment_status":"open","ping_status":"closed","template":"","meta":[],"product_brand":[],"product_cat":[2053],"product_tag":[6310,7960,6845],"class_list":{"0":"post-144052","1":"product","2":"type-product","3":"status-publish","4":"has-post-thumbnail","6":"product_cat-yelekler-yelekler","7":"product_tag-cracked-glass-pattern","8":"product_tag-kadin-dis-giyim","9":"product_tag-modern-stil","10":"pa_brand-tugba","11":"pa_color-siyah","12":"pa_size-4706","13":"pa_size-4711","14":"pa_size-4713","15":"pa_size-4751","16":"pa_size-4749","17":"pa_size-4747","19":"first","20":"instock","21":"sale","22":"shipping-taxable","23":"purchasable","24":"product-type-variable"},"_links":{"self":[{"href":"https:\/\/mod.wisdar.net\/tr\/wp-json\/wp\/v2\/product\/144052","targetHints":{"allow":["GET"]}}],"collection":[{"href":"https:\/\/mod.wisdar.net\/tr\/wp-json\/wp\/v2\/product"}],"about":[{"href":"https:\/\/mod.wisdar.net\/tr\/wp-json\/wp\/v2\/types\/product"}],"replies":[{"embeddable":true,"href":"https:\/\/mod.wisdar.net\/tr\/wp-json\/wp\/v2\/comments?post=144052"}],"wp:featuredmedia":[{"embeddable":true,"href":"https:\/\/mod.wisdar.net\/tr\/wp-json\/wp\/v2\/media\/144047"}],"wp:attachment":[{"href":"https:\/\/mod.wisdar.net\/tr\/wp-json\/wp\/v2\/media?parent=144052"}],"wp:term":[{"taxonomy":"product_brand","embeddable":true,"href":"https:\/\/mod.wisdar.net\/tr\/wp-json\/wp\/v2\/product_brand?post=144052"},{"taxonomy":"product_cat","embeddable":true,"href":"https:\/\/mod.wisdar.net\/tr\/wp-json\/wp\/v2\/product_cat?post=144052"},{"taxonomy":"product_tag","embeddable":true,"href":"https:\/\/mod.wisdar.net\/tr\/wp-json\/wp\/v2\/product_tag?post=144052"}],"curies":[{"name":"wp","href":"https:\/\/api.w.org\/{rel}","templated":true}]}}