{"id":144115,"date":"2026-02-20T21:57:48","date_gmt":"2026-02-20T21:57:48","guid":{"rendered":"https:\/\/modesthanim.com\/product\/tugla-desenli-kapitone-yelek-tas\/"},"modified":"2026-04-13T06:13:36","modified_gmt":"2026-04-13T06:13:36","slug":"tugla-desenli-kapitone-yelek-tas","status":"publish","type":"product","link":"https:\/\/mod.wisdar.net\/tr\/urun\/tugla-desenli-kapitone-yelek-tas\/","title":{"rendered":"Tu\u011fla Desenli Kapitone Yelek \u2013 Ta\u015f"},"content":{"rendered":"<p>Tu\u011fla desenli kapitone yelek, y\u00fczeyindeki d\u00fczenli kapitone dokusuyla g\u00fc\u00e7l\u00fc ve dengeli bir g\u00f6r\u00fcn\u00fcm sunar. Tu\u011fla formundaki desen, modele hareket kazand\u0131r\u0131rken sade \u00e7izgisini korur.<br \/>\nKuma\u015f \u0130\u00e7eri\u011fi: %100 Polyester<br \/>\nDesen: Tu\u011fla Desen<br \/>\nYaka Tipi: Dik Yaka \u2013 \u00c7\u0131kar\u0131labilir Kap\u00fc\u015fon Yaka<br \/>\nKol Tipi: S\u0131f\u0131r Kol<br \/>\nCep: Fermuarl\u0131 Cep<br \/>\nAstar: Astarl\u0131<br \/>\n\u00dcr\u00fcn Boyu: 105 cm<br \/>\nKal\u0131p Tipi: Normal Kal\u0131p<br \/>\nManken \u00d6l\u00e7\u00fcleri:<br \/>\nBoy: 176 cm<br \/>\nG\u00f6\u011f\u00fcs: 78 cm<br \/>\nBel: 59 cm<br \/>\nBasen: 88 cm<br \/>\nMankenin Giydi\u011fi Beden: 38<\/p>\n","protected":false},"excerpt":{"rendered":"<p>Tu\u011fla desenli kapitone yelek, y\u00fczeyindeki d\u00fczenli kapitone dokusuyla g\u00fc\u00e7l\u00fc ve dengeli bir g\u00f6r\u00fcn\u00fcm sunar. Tu\u011fla formundaki desen, modele hareket kazand\u0131r\u0131rken sade \u00e7izgisini korur. Kuma\u015f \u0130\u00e7eri\u011fi: %100 Polyester Desen: Tu\u011fla Desen Yaka Tipi: Dik Yaka \u2013 \u00c7\u0131kar\u0131labilir Kap\u00fc\u015fon Yaka Kol Tipi: S\u0131f\u0131r Kol Cep: Fermuarl\u0131 Cep Astar: Astarl\u0131 \u00dcr\u00fcn Boyu: 105 cm Kal\u0131p Tipi: Normal Kal\u0131p [&hellip;]<\/p>\n","protected":false},"featured_media":144107,"comment_status":"open","ping_status":"closed","template":"","meta":[],"product_brand":[],"product_cat":[2053],"product_tag":[7547,7895,4999],"class_list":{"0":"post-144115","1":"product","2":"type-product","3":"status-publish","4":"has-post-thumbnail","6":"product_cat-yelekler-yelekler","7":"product_tag-kadin-giyim","8":"product_tag-kis-modasi","9":"product_tag-outerwear","10":"pa_brand-tugba","11":"pa_color-tas","12":"pa_size-4706","13":"pa_size-4711","14":"pa_size-4713","15":"pa_size-4751","16":"pa_size-4749","17":"pa_size-4747","19":"first","20":"instock","21":"sale","22":"shipping-taxable","23":"purchasable","24":"product-type-variable"},"_links":{"self":[{"href":"https:\/\/mod.wisdar.net\/tr\/wp-json\/wp\/v2\/product\/144115","targetHints":{"allow":["GET"]}}],"collection":[{"href":"https:\/\/mod.wisdar.net\/tr\/wp-json\/wp\/v2\/product"}],"about":[{"href":"https:\/\/mod.wisdar.net\/tr\/wp-json\/wp\/v2\/types\/product"}],"replies":[{"embeddable":true,"href":"https:\/\/mod.wisdar.net\/tr\/wp-json\/wp\/v2\/comments?post=144115"}],"wp:featuredmedia":[{"embeddable":true,"href":"https:\/\/mod.wisdar.net\/tr\/wp-json\/wp\/v2\/media\/144107"}],"wp:attachment":[{"href":"https:\/\/mod.wisdar.net\/tr\/wp-json\/wp\/v2\/media?parent=144115"}],"wp:term":[{"taxonomy":"product_brand","embeddable":true,"href":"https:\/\/mod.wisdar.net\/tr\/wp-json\/wp\/v2\/product_brand?post=144115"},{"taxonomy":"product_cat","embeddable":true,"href":"https:\/\/mod.wisdar.net\/tr\/wp-json\/wp\/v2\/product_cat?post=144115"},{"taxonomy":"product_tag","embeddable":true,"href":"https:\/\/mod.wisdar.net\/tr\/wp-json\/wp\/v2\/product_tag?post=144115"}],"curies":[{"name":"wp","href":"https:\/\/api.w.org\/{rel}","templated":true}]}}