{"id":144124,"date":"2026-02-20T21:57:54","date_gmt":"2026-02-20T21:57:54","guid":{"rendered":"https:\/\/modesthanim.com\/product\/orme-kombinli-kap-olive\/"},"modified":"2026-02-20T21:58:56","modified_gmt":"2026-02-20T21:58:56","slug":"orme-kombinli-kap-olive","status":"publish","type":"product","link":"https:\/\/mod.wisdar.net\/tr\/urun\/orme-kombinli-kap-olive\/","title":{"rendered":"\u00d6rme Kombinli Kap \u2013 Olive"},"content":{"rendered":"<p>Hafif yap\u0131s\u0131, konforlu kesimi ve \u00e7ok y\u00f6nl\u00fc tasar\u0131m\u0131yla \u015fehir hayat\u0131ndan hafta sonu kombinlerine kadar her an\u0131n\u0131za uyum sa\u011fl\u0131yor.<br \/>\nKuma\u015f \u0130\u00e7eri\u011fi: %100 Naylon<br \/>\nKombin Kuma\u015f: %60 Rayon, %35 Naylon, %5 Polyester<br \/>\nDesen: D\u00fcz<br \/>\nYaka Tipi: Hakim Yaka<br \/>\nKol Tipi: Uzun Kol<br \/>\nCep: Gizli Cep<br \/>\nAstar: Astars\u0131z<br \/>\n\u00dcr\u00fcn Boyu: 125 cm<br \/>\nKal\u0131p Tipi: Normal Kal\u0131p<br \/>\nMankenin Giydi\u011fi Beden: 38<br \/>\nManken \u00d6l\u00e7\u00fcleri:Boy: 175 cmG\u00f6\u011f\u00fcs: 85 cmBel: 60 cmBasen: 90 cm<\/p>\n","protected":false},"excerpt":{"rendered":"<p>Hafif yap\u0131s\u0131, konforlu kesimi ve \u00e7ok y\u00f6nl\u00fc tasar\u0131m\u0131yla \u015fehir hayat\u0131ndan hafta sonu kombinlerine kadar her an\u0131n\u0131za uyum sa\u011fl\u0131yor. Kuma\u015f \u0130\u00e7eri\u011fi: %100 Naylon Kombin Kuma\u015f: %60 Rayon, %35 Naylon, %5 Polyester Desen: D\u00fcz Yaka Tipi: Hakim Yaka Kol Tipi: Uzun Kol Cep: Gizli Cep Astar: Astars\u0131z \u00dcr\u00fcn Boyu: 125 cm Kal\u0131p Tipi: Normal Kal\u0131p Mankenin Giydi\u011fi [&hellip;]<\/p>\n","protected":false},"featured_media":144110,"comment_status":"open","ping_status":"closed","template":"","meta":[],"product_brand":[],"product_cat":[2050],"product_tag":[],"class_list":{"0":"post-144124","1":"product","2":"type-product","3":"status-publish","4":"has-post-thumbnail","6":"product_cat-blazer-ceketler","7":"pa_color-olive","8":"pa_size-4706","9":"pa_size-4711","10":"pa_size-4713","11":"pa_size-4751","12":"pa_size-4749","13":"pa_size-4747","15":"first","16":"instock","17":"sale","18":"shipping-taxable","19":"purchasable","20":"product-type-variable"},"_links":{"self":[{"href":"https:\/\/mod.wisdar.net\/tr\/wp-json\/wp\/v2\/product\/144124","targetHints":{"allow":["GET"]}}],"collection":[{"href":"https:\/\/mod.wisdar.net\/tr\/wp-json\/wp\/v2\/product"}],"about":[{"href":"https:\/\/mod.wisdar.net\/tr\/wp-json\/wp\/v2\/types\/product"}],"replies":[{"embeddable":true,"href":"https:\/\/mod.wisdar.net\/tr\/wp-json\/wp\/v2\/comments?post=144124"}],"wp:featuredmedia":[{"embeddable":true,"href":"https:\/\/mod.wisdar.net\/tr\/wp-json\/wp\/v2\/media\/144110"}],"wp:attachment":[{"href":"https:\/\/mod.wisdar.net\/tr\/wp-json\/wp\/v2\/media?parent=144124"}],"wp:term":[{"taxonomy":"product_brand","embeddable":true,"href":"https:\/\/mod.wisdar.net\/tr\/wp-json\/wp\/v2\/product_brand?post=144124"},{"taxonomy":"product_cat","embeddable":true,"href":"https:\/\/mod.wisdar.net\/tr\/wp-json\/wp\/v2\/product_cat?post=144124"},{"taxonomy":"product_tag","embeddable":true,"href":"https:\/\/mod.wisdar.net\/tr\/wp-json\/wp\/v2\/product_tag?post=144124"}],"curies":[{"name":"wp","href":"https:\/\/api.w.org\/{rel}","templated":true}]}}