{"id":14418,"date":"2025-11-01T22:04:27","date_gmt":"2025-11-01T22:04:27","guid":{"rendered":"https:\/\/modesthanim.com\/product\/kollar-plikase-dugme-detayli-tunik-acik-mavi\/"},"modified":"2026-03-26T04:32:08","modified_gmt":"2026-03-26T04:32:08","slug":"kollar-plikase-dugme-detayli-tunik-acik-mavi","status":"publish","type":"product","link":"https:\/\/mod.wisdar.net\/tr\/urun\/kollar-plikase-dugme-detayli-tunik-acik-mavi\/","title":{"rendered":"Kollar Plika\u015fe D\u00fc\u011fme Detayl\u0131 Tunik \u2013 A\u00e7\u0131k Mavi"},"content":{"rendered":"<p>Kol k\u0131sm\u0131ndaki plika\u015fe ve d\u00fc\u011fme detaylar\u0131yla zarif bir duru\u015f kazanan bu tunik, sade \u015f\u0131kl\u0131\u011fa hareketli bir yorum katar. Rahat kesimiyle g\u00fcn boyu konfor sa\u011flarken, \u00f6zenli detaylar\u0131yla stilinizi tamamlar. G\u00fcnl\u00fck ve yar\u0131 \u015f\u0131k kombinlerde kolayca kullan\u0131labilir.<\/p>\n<p>\u2014 Technical Details \u2014<br \/>\nDesen: D\u00fcz<br \/>\nYaka Tipi: HakimYaka<br \/>\nKol Tipi: Uzun Kol<br \/>\nCep: Cepsiz<br \/>\nAstar: Astars\u0131z<br \/>\n\u00dcr\u00fcn Boyu: 110 cm<br \/>\nKal\u0131p Tipi: Normal Kal\u0131p<br \/>\nMankenin Giydi\u011fi Beden: 38<br \/>\nManken \u00d6l\u00e7\u00fcleri: {&#8216;Boy&#8217;: &#8216;175 cm&#8217;, &#8216;G\u00f6\u011f\u00fcs&#8217;: &#8217;80 cm&#8217;, &#8216;Bel&#8217;: &#8217;62 cm&#8217;, &#8216;Basen&#8217;: &#8217;90 cm&#8217;}<\/p>\n","protected":false},"excerpt":{"rendered":"<p>Kol k\u0131sm\u0131ndaki plika\u015fe ve d\u00fc\u011fme detaylar\u0131yla zarif bir duru\u015f kazanan bu tunik, sade \u015f\u0131kl\u0131\u011fa hareketli bir yorum katar. Rahat kesimiyle g\u00fcn boyu konfor sa\u011flarken, \u00f6zenli detaylar\u0131yla stilinizi tamamlar. G\u00fcnl\u00fck ve yar\u0131 \u015f\u0131k kombinlerde kolayca kullan\u0131labilir. \u2014 Technical Details \u2014 Desen: D\u00fcz Yaka Tipi: HakimYaka Kol Tipi: Uzun Kol Cep: Cepsiz Astar: Astars\u0131z \u00dcr\u00fcn Boyu: 110 [&hellip;]<\/p>\n","protected":false},"featured_media":14385,"comment_status":"open","ping_status":"closed","template":"","meta":[],"product_brand":[],"product_cat":[2050,1909],"product_tag":[5012,7354,6747,6751],"class_list":{"0":"post-14418","1":"product","2":"type-product","3":"status-publish","4":"has-post-thumbnail","6":"product_cat-blazer-ceketler","7":"product_cat-bluzlar-ve-gomlekler","8":"product_tag-elegant","9":"product_tag-gunluk-giyim-2","10":"product_tag-pile-detayli","11":"product_tag-rahat","12":"pa_color-acik-mavi","13":"pa_size-4706","14":"pa_size-4711","15":"pa_size-4713","16":"pa_size-4751","17":"pa_size-4749","18":"pa_size-4747","20":"first","21":"instock","22":"sale","23":"shipping-taxable","24":"purchasable","25":"product-type-variable"},"_links":{"self":[{"href":"https:\/\/mod.wisdar.net\/tr\/wp-json\/wp\/v2\/product\/14418","targetHints":{"allow":["GET"]}}],"collection":[{"href":"https:\/\/mod.wisdar.net\/tr\/wp-json\/wp\/v2\/product"}],"about":[{"href":"https:\/\/mod.wisdar.net\/tr\/wp-json\/wp\/v2\/types\/product"}],"replies":[{"embeddable":true,"href":"https:\/\/mod.wisdar.net\/tr\/wp-json\/wp\/v2\/comments?post=14418"}],"wp:featuredmedia":[{"embeddable":true,"href":"https:\/\/mod.wisdar.net\/tr\/wp-json\/wp\/v2\/media\/14385"}],"wp:attachment":[{"href":"https:\/\/mod.wisdar.net\/tr\/wp-json\/wp\/v2\/media?parent=14418"}],"wp:term":[{"taxonomy":"product_brand","embeddable":true,"href":"https:\/\/mod.wisdar.net\/tr\/wp-json\/wp\/v2\/product_brand?post=14418"},{"taxonomy":"product_cat","embeddable":true,"href":"https:\/\/mod.wisdar.net\/tr\/wp-json\/wp\/v2\/product_cat?post=14418"},{"taxonomy":"product_tag","embeddable":true,"href":"https:\/\/mod.wisdar.net\/tr\/wp-json\/wp\/v2\/product_tag?post=14418"}],"curies":[{"name":"wp","href":"https:\/\/api.w.org\/{rel}","templated":true}]}}