{"id":144222,"date":"2026-02-20T22:02:05","date_gmt":"2026-02-20T22:02:05","guid":{"rendered":"https:\/\/modesthanim.com\/product\/citcit-kapamali-yirtmacli-kapitone-kap-siyah\/"},"modified":"2026-04-13T06:15:32","modified_gmt":"2026-04-13T06:15:32","slug":"citcit-kapamali-yirtmacli-kapitone-kap-siyah","status":"publish","type":"product","link":"https:\/\/mod.wisdar.net\/tr\/urun\/citcit-kapamali-yirtmacli-kapitone-kap-siyah\/","title":{"rendered":"\u00c7\u0131t\u00e7\u0131t Kapamal\u0131 Y\u0131rtma\u00e7l\u0131 Kapitone Kap \u2013 Siyah"},"content":{"rendered":"<p>Kapitone dokusuyla s\u0131cakl\u0131k sa\u011flayan bu kap, \u00e7\u0131t\u00e7\u0131t kapama detay\u0131 sayesinde pratik bir kullan\u0131m sunar. Yan y\u0131rtma\u00e7lar\u0131yla hareket \u00f6zg\u00fcrl\u00fc\u011f\u00fc kazand\u0131r\u0131rken, modern kesimiyle \u015fehir stiline zarif bir dokunu\u015f katar.<br \/>\nKuma\u015f \u0130\u00e7eri\u011fi: %99 Polyester, %1 Elastan<br \/>\nDesen: Kapitone Desen<br \/>\nYaka Tipi: Kap\u00fc\u015fonlu Yaka<br \/>\nKol Tipi: Reglan Kol<br \/>\nCep: Fleto Cep<br \/>\nAstar: Astarl\u0131<br \/>\n\u00dcr\u00fcn Boyu: 120 cm<br \/>\nKal\u0131p Tipi: Rahat Kal\u0131p<br \/>\nMankenin Giydi\u011fi Beden: 38<br \/>\nManken \u00d6l\u00e7\u00fcleri:<br \/>\nBoy: 175 cm<br \/>\nG\u00f6\u011f\u00fcs: 85 cm<br \/>\nBel: 60 cm<br \/>\nBasen: 90 cm<\/p>\n<p>\u2014 Technical Details \u2014<br \/>\ndesen: Kapitone Desen<br \/>\nyaka_tipi: Kap\u00fc\u015fonlu Yaka<br \/>\nkol_tipi: Reglan Kol<br \/>\ncep: Fleto Cep<br \/>\nastar: Astarl\u0131<br \/>\nurun_boyu: 120 cm<br \/>\nkalip_tipi: Rahat Kal\u0131p<br \/>\nmaneken_beden: 38<br \/>\nmaneken_boy: 175 cm<br \/>\nmaneken_gogus: 85 cm<br \/>\nmaneken_bel: 60 cm<br \/>\nmaneken_basen: 90 cm<\/p>\n","protected":false},"excerpt":{"rendered":"<p>Kapitone dokusuyla s\u0131cakl\u0131k sa\u011flayan bu kap, \u00e7\u0131t\u00e7\u0131t kapama detay\u0131 sayesinde pratik bir kullan\u0131m sunar. Yan y\u0131rtma\u00e7lar\u0131yla hareket \u00f6zg\u00fcrl\u00fc\u011f\u00fc kazand\u0131r\u0131rken, modern kesimiyle \u015fehir stiline zarif bir dokunu\u015f katar. Kuma\u015f \u0130\u00e7eri\u011fi: %99 Polyester, %1 Elastan Desen: Kapitone Desen Yaka Tipi: Kap\u00fc\u015fonlu Yaka Kol Tipi: Reglan Kol Cep: Fleto Cep Astar: Astarl\u0131 \u00dcr\u00fcn Boyu: 120 cm Kal\u0131p Tipi: [&hellip;]<\/p>\n","protected":false},"featured_media":144203,"comment_status":"open","ping_status":"closed","template":"","meta":[],"product_brand":[],"product_cat":[2047],"product_tag":[6316,7244,8320,7985,6882,6311],"class_list":{"0":"post-144222","1":"product","2":"type-product","3":"status-publish","4":"has-post-thumbnail","6":"product_cat-paltolar","7":"product_tag-black-outerwear","8":"product_tag-citcit-kapama","9":"product_tag-kapitone-mont","10":"product_tag-kapusonlu-mont","11":"product_tag-rahat-kesim-2","12":"product_tag-winter-coat","13":"pa_brand-tugba","14":"pa_color-siyah","15":"pa_size-4706","16":"pa_size-4711","17":"pa_size-4713","18":"pa_size-4751","19":"pa_size-4749","20":"pa_size-4747","21":"pa_size-4746","22":"pa_size-4744","24":"first","25":"instock","26":"sale","27":"shipping-taxable","28":"purchasable","29":"product-type-variable"},"_links":{"self":[{"href":"https:\/\/mod.wisdar.net\/tr\/wp-json\/wp\/v2\/product\/144222","targetHints":{"allow":["GET"]}}],"collection":[{"href":"https:\/\/mod.wisdar.net\/tr\/wp-json\/wp\/v2\/product"}],"about":[{"href":"https:\/\/mod.wisdar.net\/tr\/wp-json\/wp\/v2\/types\/product"}],"replies":[{"embeddable":true,"href":"https:\/\/mod.wisdar.net\/tr\/wp-json\/wp\/v2\/comments?post=144222"}],"wp:featuredmedia":[{"embeddable":true,"href":"https:\/\/mod.wisdar.net\/tr\/wp-json\/wp\/v2\/media\/144203"}],"wp:attachment":[{"href":"https:\/\/mod.wisdar.net\/tr\/wp-json\/wp\/v2\/media?parent=144222"}],"wp:term":[{"taxonomy":"product_brand","embeddable":true,"href":"https:\/\/mod.wisdar.net\/tr\/wp-json\/wp\/v2\/product_brand?post=144222"},{"taxonomy":"product_cat","embeddable":true,"href":"https:\/\/mod.wisdar.net\/tr\/wp-json\/wp\/v2\/product_cat?post=144222"},{"taxonomy":"product_tag","embeddable":true,"href":"https:\/\/mod.wisdar.net\/tr\/wp-json\/wp\/v2\/product_tag?post=144222"}],"curies":[{"name":"wp","href":"https:\/\/api.w.org\/{rel}","templated":true}]}}