{"id":144320,"date":"2026-02-20T22:04:38","date_gmt":"2026-02-20T22:04:38","guid":{"rendered":"https:\/\/modesthanim.com\/product\/duble-kol-bant-detayli-kap-gri\/"},"modified":"2026-04-13T06:21:47","modified_gmt":"2026-04-13T06:21:47","slug":"duble-kol-bant-detayli-kap-gri","status":"publish","type":"product","link":"https:\/\/mod.wisdar.net\/tr\/urun\/duble-kol-bant-detayli-kap-gri\/","title":{"rendered":"Duble Kol Bant Detayl\u0131 Kap \u2013 Gri"},"content":{"rendered":"<p>Bu \u015f\u0131k kap, duble kol bant detaylar\u0131yla klasik tasar\u0131mlara modern bir dokunu\u015f ekliyor. Orta uzunluktaki kesimi ve belden hafif\u00e7e oturan formu, v\u00fccut hatlar\u0131n\u0131 nazik\u00e7e belirginle\u015ftirir.<br \/>\nKuma\u015f \u0130\u00e7eri\u011fi: %89 Naylon, %11 Elastan<br \/>\nDesen: D\u00fcz<br \/>\nYaka Tipi: Kap\u00fc\u015fon Yaka<br \/>\nKol Tipi: Reglan Kol<br \/>\nCep: Aplike Cep<br \/>\nAstar: Astarl\u0131<br \/>\n\u00dcr\u00fcn Boyu: 100 cm<br \/>\nKal\u0131p Tipi: Normal Kal\u0131p<br \/>\nMankenin Giydi\u011fi Beden: 38<br \/>\nManken \u00d6l\u00e7\u00fcleri:Boy: 178 cmG\u00f6\u011f\u00fcs: 76 cmBel: 60 cmBasen: 90 cm<\/p>\n<p>\u2014 Technical Details \u2014<br \/>\nDesen: D\u00fcz<br \/>\nYaka Tipi: Kap\u00fc\u015fon Yaka<br \/>\nKol Tipi: Reglan Kol<br \/>\nCep: Aplike Cep<br \/>\nAstar: Astarl\u0131<br \/>\n\u00dcr\u00fcn Boyu: 100 cm<br \/>\nKal\u0131p Tipi: Normal Kal\u0131p<br \/>\nMankenin Giydi\u011fi Beden: 38<br \/>\nManken \u00d6l\u00e7\u00fcleri: {&#8216;Boy&#8217;: &#8216;178 cm&#8217;, &#8216;G\u00f6\u011f\u00fcs&#8217;: &#8217;76 cm&#8217;, &#8216;Bel&#8217;: &#8217;60 cm&#8217;, &#8216;Basen&#8217;: &#8217;90 cm&#8217;}<br \/>\nBeden Tablosu: {&#8217;38&#8217;: {&#8216;G\u00d6\u011e\u00dcS&#8217;: &#8216;112&#8217;, &#8216;BEL&#8217;: &#8216;116&#8217;, &#8216;BASEN&#8217;: &#8216;124&#8217;, &#8216;BOY&#8217;: &#8216;100&#8217;, &#8216;KOL BOYU&#8217;: &#8217;69&#8217;}, &#8217;40&#8217;: {&#8216;G\u00d6\u011e\u00dcS&#8217;: &#8216;116&#8217;, &#8216;BEL&#8217;: &#8216;120&#8217;, &#8216;BASEN&#8217;: &#8216;128&#8217;, &#8216;BOY&#8217;: &#8216;100.5&#8217;, &#8216;KOL BOYU&#8217;: &#8216;69.5&#8217;}, &#8217;42&#8217;: {&#8216;G\u00d6\u011e\u00dcS&#8217;: &#8216;120&#8217;, &#8216;BEL&#8217;: &#8216;124&#8217;, &#8216;BASEN&#8217;: &#8216;132&#8217;, &#8216;BOY&#8217;: &#8216;101&#8217;, &#8216;KOL BOYU&#8217;: &#8217;70&#8217;}, &#8217;44&#8217;: {&#8216;G\u00d6\u011e\u00dcS&#8217;: &#8216;124&#8217;, &#8216;BEL&#8217;: &#8216;128&#8217;, &#8216;BASEN&#8217;: &#8216;136&#8217;, &#8216;BOY&#8217;: &#8216;101.5&#8217;, &#8216;KOL BOYU&#8217;: &#8216;70.5&#8217;}, &#8217;46&#8217;: {&#8216;G\u00d6\u011e\u00dcS&#8217;: &#8216;130&#8217;, &#8216;BEL&#8217;: &#8216;134&#8217;, &#8216;BASEN&#8217;: &#8216;142&#8217;, &#8216;BOY&#8217;: &#8216;102&#8217;, &#8216;KOL BOYU&#8217;: &#8217;71&#8217;}, &#8217;48&#8217;: {&#8216;G\u00d6\u011e\u00dcS&#8217;: &#8216;134&#8217;, &#8216;BEL&#8217;: &#8216;138&#8217;, &#8216;BASEN&#8217;: &#8216;146&#8217;, &#8216;BOY&#8217;: &#8216;102.5&#8217;, &#8216;KOL BOYU&#8217;: &#8216;71.5&#8217;}}<\/p>\n","protected":false},"excerpt":{"rendered":"<p>Bu \u015f\u0131k kap, duble kol bant detaylar\u0131yla klasik tasar\u0131mlara modern bir dokunu\u015f ekliyor. Orta uzunluktaki kesimi ve belden hafif\u00e7e oturan formu, v\u00fccut hatlar\u0131n\u0131 nazik\u00e7e belirginle\u015ftirir. Kuma\u015f \u0130\u00e7eri\u011fi: %89 Naylon, %11 Elastan Desen: D\u00fcz Yaka Tipi: Kap\u00fc\u015fon Yaka Kol Tipi: Reglan Kol Cep: Aplike Cep Astar: Astarl\u0131 \u00dcr\u00fcn Boyu: 100 cm Kal\u0131p Tipi: Normal Kal\u0131p Mankenin [&hellip;]<\/p>\n","protected":false},"featured_media":144301,"comment_status":"open","ping_status":"closed","template":"","meta":[],"product_brand":[],"product_cat":[1927],"product_tag":[7426,7429],"class_list":{"0":"post-144320","1":"product","2":"type-product","3":"status-publish","4":"has-post-thumbnail","6":"product_cat-hoodies-sweatshirtler","7":"product_tag-gunluk-giyim-3","8":"product_tag-kapusonlu-sweatshirt","9":"pa_brand-tugba","10":"pa_color-gri","11":"pa_size-4706","12":"pa_size-4711","13":"pa_size-4713","14":"pa_size-4751","15":"pa_size-4749","16":"pa_size-4747","18":"first","19":"instock","20":"sale","21":"shipping-taxable","22":"purchasable","23":"product-type-variable"},"_links":{"self":[{"href":"https:\/\/mod.wisdar.net\/tr\/wp-json\/wp\/v2\/product\/144320","targetHints":{"allow":["GET"]}}],"collection":[{"href":"https:\/\/mod.wisdar.net\/tr\/wp-json\/wp\/v2\/product"}],"about":[{"href":"https:\/\/mod.wisdar.net\/tr\/wp-json\/wp\/v2\/types\/product"}],"replies":[{"embeddable":true,"href":"https:\/\/mod.wisdar.net\/tr\/wp-json\/wp\/v2\/comments?post=144320"}],"wp:featuredmedia":[{"embeddable":true,"href":"https:\/\/mod.wisdar.net\/tr\/wp-json\/wp\/v2\/media\/144301"}],"wp:attachment":[{"href":"https:\/\/mod.wisdar.net\/tr\/wp-json\/wp\/v2\/media?parent=144320"}],"wp:term":[{"taxonomy":"product_brand","embeddable":true,"href":"https:\/\/mod.wisdar.net\/tr\/wp-json\/wp\/v2\/product_brand?post=144320"},{"taxonomy":"product_cat","embeddable":true,"href":"https:\/\/mod.wisdar.net\/tr\/wp-json\/wp\/v2\/product_cat?post=144320"},{"taxonomy":"product_tag","embeddable":true,"href":"https:\/\/mod.wisdar.net\/tr\/wp-json\/wp\/v2\/product_tag?post=144320"}],"curies":[{"name":"wp","href":"https:\/\/api.w.org\/{rel}","templated":true}]}}