{"id":144399,"date":"2026-02-20T22:06:46","date_gmt":"2026-02-20T22:06:46","guid":{"rendered":"https:\/\/modesthanim.com\/product\/hakim-yaka-detayli-kap-ekru\/"},"modified":"2026-02-20T22:23:41","modified_gmt":"2026-02-20T22:23:41","slug":"hakim-yaka-detayli-kap-ekru","status":"publish","type":"product","link":"https:\/\/mod.wisdar.net\/tr\/urun\/hakim-yaka-detayli-kap-ekru\/","title":{"rendered":"Hakim Yaka Detayl\u0131 Kap \u2013 Ekru"},"content":{"rendered":"<p>Modern \u00e7izgileriyle \u00f6ne \u00e7\u0131kan bu kap, hakim yaka tasar\u0131m\u0131yla duru\u015fa g\u00fc\u00e7l\u00fc ve rafine bir karakter kazand\u0131r\u0131r.<br \/>\nKuma\u015f \u0130\u00e7eri\u011fi: %99 Polyester, %1 Elastan<br \/>\nDesen: Floral Kapitone Desen<br \/>\nYaka Tipi: Hakim Yaka<br \/>\nKol Tipi: Uzun Kol<br \/>\nCep: Fleto Cep<br \/>\nAstar: Astarl\u0131<br \/>\n\u00dcr\u00fcn Boyu: 120 cm<br \/>\nKal\u0131p Tipi: Normal Kal\u0131p<br \/>\nManken \u00d6l\u00e7\u00fcleri:Boy: 173 cmG\u00f6\u011f\u00fcs: 81 cmBel: 63 cmBasen: 90 cm<br \/>\nMankenin Giydi\u011fi Beden: 38<\/p>\n<p>\u2014 Technical Details \u2014<br \/>\nDesen: Floral Kapitone Desen<br \/>\nYaka Tipi: Hakim Yaka<br \/>\nKol Tipi: Uzun Kol<br \/>\nCep: Fleto Cep<br \/>\nAstar: Astarl\u0131<br \/>\n\u00dcr\u00fcn Boyu: 120 cm<br \/>\nKal\u0131p Tipi: Normal Kal\u0131p<br \/>\nManken \u00d6l\u00e7\u00fcleri: Boy: 173 cm, G\u00f6\u011f\u00fcs: 81 cm, Bel: 63 cm, Basen: 90 cm<br \/>\nMankenin Giydi\u011fi Beden: 38<\/p>\n","protected":false},"excerpt":{"rendered":"<p>Modern \u00e7izgileriyle \u00f6ne \u00e7\u0131kan bu kap, hakim yaka tasar\u0131m\u0131yla duru\u015fa g\u00fc\u00e7l\u00fc ve rafine bir karakter kazand\u0131r\u0131r. Kuma\u015f \u0130\u00e7eri\u011fi: %99 Polyester, %1 Elastan Desen: Floral Kapitone Desen Yaka Tipi: Hakim Yaka Kol Tipi: Uzun Kol Cep: Fleto Cep Astar: Astarl\u0131 \u00dcr\u00fcn Boyu: 120 cm Kal\u0131p Tipi: Normal Kal\u0131p Manken \u00d6l\u00e7\u00fcleri:Boy: 173 cmG\u00f6\u011f\u00fcs: 81 cmBel: 63 cmBasen: [&hellip;]<\/p>\n","protected":false},"featured_media":144390,"comment_status":"open","ping_status":"closed","template":"","meta":[],"product_brand":[],"product_cat":[2047],"product_tag":[5010,6757,7960,7096,6768],"class_list":{"0":"post-144399","1":"product","2":"type-product","3":"status-publish","4":"has-post-thumbnail","6":"product_cat-paltolar","7":"product_tag-coat","8":"product_tag-ekru","9":"product_tag-kadin-dis-giyim","10":"product_tag-modern-tasarim","11":"product_tag-uzun-kol","12":"pa_color-ekru","13":"pa_size-4706","14":"pa_size-4711","15":"pa_size-4713","16":"pa_size-4751","17":"pa_size-4749","18":"pa_size-4747","20":"first","21":"instock","22":"sale","23":"shipping-taxable","24":"purchasable","25":"product-type-variable"},"_links":{"self":[{"href":"https:\/\/mod.wisdar.net\/tr\/wp-json\/wp\/v2\/product\/144399","targetHints":{"allow":["GET"]}}],"collection":[{"href":"https:\/\/mod.wisdar.net\/tr\/wp-json\/wp\/v2\/product"}],"about":[{"href":"https:\/\/mod.wisdar.net\/tr\/wp-json\/wp\/v2\/types\/product"}],"replies":[{"embeddable":true,"href":"https:\/\/mod.wisdar.net\/tr\/wp-json\/wp\/v2\/comments?post=144399"}],"wp:featuredmedia":[{"embeddable":true,"href":"https:\/\/mod.wisdar.net\/tr\/wp-json\/wp\/v2\/media\/144390"}],"wp:attachment":[{"href":"https:\/\/mod.wisdar.net\/tr\/wp-json\/wp\/v2\/media?parent=144399"}],"wp:term":[{"taxonomy":"product_brand","embeddable":true,"href":"https:\/\/mod.wisdar.net\/tr\/wp-json\/wp\/v2\/product_brand?post=144399"},{"taxonomy":"product_cat","embeddable":true,"href":"https:\/\/mod.wisdar.net\/tr\/wp-json\/wp\/v2\/product_cat?post=144399"},{"taxonomy":"product_tag","embeddable":true,"href":"https:\/\/mod.wisdar.net\/tr\/wp-json\/wp\/v2\/product_tag?post=144399"}],"curies":[{"name":"wp","href":"https:\/\/api.w.org\/{rel}","templated":true}]}}